{"id":13773,"date":"2026-04-25T17:29:40","date_gmt":"2026-04-25T17:29:40","guid":{"rendered":"https:\/\/gastora.eu\/?post_type=product&#038;p=13773"},"modified":"2026-04-27T08:33:19","modified_gmt":"2026-04-27T08:33:19","slug":"vitrine-rfrigre-98-l-43-cm","status":"publish","type":"product","link":"https:\/\/gastora.eu\/en\/product\/vitrine-rfrigre-98-l-43-cm\/","title":{"rendered":"Vitrine r\u00e9frig\u00e9r\u00e9e &#8211; 98 L &#8211; 43 cm"},"content":{"rendered":"<p>Ce r\u00e9frig\u00e9rateur professionnel de pr\u00e9sentation a une grande capacit\u00e9 de 98 litres. Il s&#8217;agit d&#8217;un appareil robuste, con\u00e7u pour une utilisation quotidienne. Il est livr\u00e9 avec quatre \u00e9tag\u00e8res r\u00e9glables. Toutefois, si vous stockez souvent des articles plus petits, il peut facilement \u00eatre compl\u00e9t\u00e9 par des \u00e9tag\u00e8res suppl\u00e9mentaires. Gr\u00e2ce au syst\u00e8me de refroidissement par ventilateur, les produits sont conserv\u00e9s au frais, quel que soit l&#8217;endroit o\u00f9 ils se trouvent dans le r\u00e9frig\u00e9rateur. La vitrine est de construction robuste et les quatre pieds garantissent qu&#8217;elle reste bien en place. Gr\u00e2ce aux quatre fen\u00eatres en verre et \u00e0 l&#8217;\u00e9clairage LED int\u00e9rieur \u00e9conome en \u00e9nergie, les produits sont pr\u00e9sent\u00e9s de mani\u00e8re attrayante et professionnelle. De plus, la vitrine est \u00e9quip\u00e9e d&#8217;une serrure avec deux cl\u00e9s.<\/p>\n<h3>Temp\u00e9rature constante<\/h3>\n<p>Gr\u00e2ce \u00e0 l&#8217;affichage num\u00e9rique, la temp\u00e9rature du r\u00e9frig\u00e9rateur est facile \u00e0 r\u00e9gler et \u00e0 lire. Vous pouvez choisir une temp\u00e9rature comprise entre 0 et 12\u00b0C. De plus, la vitrine \u00e0 double vitrage est \u00e9quip\u00e9e d&#8217;un cycle de refroidissement unique. Gr\u00e2ce \u00e0 cette fonction, la formation de glace dans le r\u00e9frig\u00e9rateur est r\u00e9duite. Le givre \u00e9ventuel est \u00e9limin\u00e9 toutes les six heures gr\u00e2ce \u00e0 la fonction de d\u00e9givrage automatique. Le r\u00e9frig\u00e9rant utilis\u00e9 pour la glaci\u00e8re est le R600a, exempt de CFC.<\/p>\n<h3>Vitrines \u00e0 nettoyage rapide<\/h3>\n<p>Dans le secteur de l&#8217;h\u00f4tellerie et de la restauration, une vitrine propre est indispensable pour pr\u00e9senter les produits sous leur meilleur jour. Pour ce faire, l&#8217;appareil doit \u00eatre facile et rapide \u00e0 nettoyer. Dans le cas de cette vitrine, l&#8217;ext\u00e9rieur ne se salit g\u00e9n\u00e9ralement pas beaucoup et il suffit de l&#8217;essuyer avec un chiffon doux et humide. L&#8217;int\u00e9rieur du r\u00e9frig\u00e9rateur, ainsi que les \u00e9tag\u00e8res rev\u00eatues, peuvent \u00eatre nettoy\u00e9s \u00e0 l&#8217;aide d&#8217;un chiffon et d&#8217;eau chaude savonneuse. Ce r\u00e9frig\u00e9rateur d&#8217;exposition est \u00e9galement disponible en blanc.<\/p>\n<p><strong>Caract\u00e9ristiques<\/strong><\/p>\n<ul>\n<li>Double vitrage sur tous les c\u00f4t\u00e9s<\/li>\n<li>Pieds solidement fix\u00e9s pour une meilleure stabilit\u00e9<\/li>\n<li>Bo\u00eetier en plastique robuste<\/li>\n<li>Comprend quatre \u00e9tag\u00e8res rev\u00eatues<\/li>\n<li>R\u00e9gulateur de temp\u00e9rature num\u00e9rique Dixell<\/li>\n<li>Le cycle de refroidissement r\u00e9duit la formation de glace<\/li>\n<\/ul>\n<p><strong>Caract\u00e9ristiques du produit<\/strong><\/p>\n<ul>\n<li>Poids net : 38 kg<\/li>\n<li>Dimensions int\u00e9rieures : L39,6 x P35 x H75,8cm<\/li>\n<li>Dimensions ext\u00e9rieures : L42,8 x P38,6 x H111cm<\/li>\n<li>Dimensions de l&#8217;\u00e9tag\u00e8re : L36 x P31cm<\/li>\n<li>230V \/ 50Hz \/ 1 Phase 180W<\/li>\n<\/ul>","protected":false},"excerpt":{"rendered":"<p>D&#8217;une capacit\u00e9 de 98 litres, ce r\u00e9frig\u00e9rateur professionnel noir est parfait pour refroidir et pr\u00e9senter les produits dans les \u00e9tablissements de restauration tels que les restaurants, les caf\u00e9s, les boulangeries et les cantines. La temp\u00e9rature est facile \u00e0 r\u00e9gler gr\u00e2ce au r\u00e9gulateur de temp\u00e9rature num\u00e9rique et il est \u00e9quip\u00e9 de quatre \u00e9tag\u00e8res rev\u00eatues.<\/p>","protected":false},"featured_media":6294,"template":"","meta":{"_acf_changed":false},"product_brand":[],"product_cat":[475],"product_tag":[],"class_list":{"0":"post-13773","1":"product","2":"type-product","3":"status-publish","4":"has-post-thumbnail","6":"product_cat-vitrines-refrigerees-2","8":"first","9":"instock","10":"sale","11":"taxable","12":"shipping-taxable","13":"purchasable","14":"product-type-simple"},"acf":[],"yoast_head":"<!-- This site is optimized with the Yoast SEO plugin v27.4 - https:\/\/yoast.com\/product\/yoast-seo-wordpress\/ -->\n<title>Vitrine r\u00e9frig\u00e9r\u00e9e - 98 L - 43 cm - Gastora<\/title>\n<meta name=\"description\" content=\"Achetez Vitrine r\u00e9frig\u00e9r\u00e9e - 98 L - 43 cm au meilleur prix, fiable et performant avec une livraison rapide\" \/>\n<meta name=\"robots\" content=\"index, follow, max-snippet:-1, max-image-preview:large, max-video-preview:-1\" \/>\n<link rel=\"canonical\" href=\"https:\/\/gastora.eu\/en\/product\/vitrine-rfrigre-98-l-43-cm\/\" \/>\n<meta property=\"og:locale\" content=\"en_US\" \/>\n<meta property=\"og:type\" content=\"article\" \/>\n<meta property=\"og:title\" content=\"Vitrine r\u00e9frig\u00e9r\u00e9e - 98 L - 43 cm - Gastora\" \/>\n<meta property=\"og:description\" content=\"Achetez Vitrine r\u00e9frig\u00e9r\u00e9e - 98 L - 43 cm au meilleur prix, fiable et performant avec une livraison rapide\" \/>\n<meta property=\"og:url\" content=\"https:\/\/gastora.eu\/en\/product\/vitrine-rfrigre-98-l-43-cm\/\" \/>\n<meta property=\"og:site_name\" content=\"Gastora\" \/>\n<meta property=\"article:modified_time\" content=\"2026-04-27T08:33:19+00:00\" \/>\n<meta name=\"twitter:card\" content=\"summary_large_image\" \/>\n<meta name=\"twitter:label1\" content=\"Est. reading time\" \/>\n\t<meta name=\"twitter:data1\" content=\"2 minutes\" \/>\n<script type=\"application\/ld+json\" class=\"yoast-schema-graph\">{\"@context\":\"https:\\\/\\\/schema.org\",\"@graph\":[{\"@type\":\"WebPage\",\"@id\":\"https:\\\/\\\/gastora.eu\\\/product\\\/vitrine-rfrigre-98-l-43-cm\\\/\",\"url\":\"https:\\\/\\\/gastora.eu\\\/product\\\/vitrine-rfrigre-98-l-43-cm\\\/\",\"name\":\"Vitrine r\u00e9frig\u00e9r\u00e9e - 98 L - 43 cm - Gastora\",\"isPartOf\":{\"@id\":\"https:\\\/\\\/gastora.eu\\\/#website\"},\"primaryImageOfPage\":{\"@id\":\"https:\\\/\\\/gastora.eu\\\/product\\\/vitrine-rfrigre-98-l-43-cm\\\/#primaryimage\"},\"image\":{\"@id\":\"https:\\\/\\\/gastora.eu\\\/product\\\/vitrine-rfrigre-98-l-43-cm\\\/#primaryimage\"},\"thumbnailUrl\":\"https:\\\/\\\/gastora.eu\\\/wp-content\\\/uploads\\\/2026\\\/04\\\/sp-005-61656e61a3da1.jpg\",\"datePublished\":\"2026-04-25T17:29:40+00:00\",\"dateModified\":\"2026-04-27T08:33:19+00:00\",\"description\":\"Achetez Vitrine r\u00e9frig\u00e9r\u00e9e - 98 L - 43 cm au meilleur prix, fiable et performant avec une livraison rapide\",\"breadcrumb\":{\"@id\":\"https:\\\/\\\/gastora.eu\\\/product\\\/vitrine-rfrigre-98-l-43-cm\\\/#breadcrumb\"},\"inLanguage\":\"en-US\",\"potentialAction\":[{\"@type\":\"ReadAction\",\"target\":[\"https:\\\/\\\/gastora.eu\\\/product\\\/vitrine-rfrigre-98-l-43-cm\\\/\"]}]},{\"@type\":\"ImageObject\",\"inLanguage\":\"en-US\",\"@id\":\"https:\\\/\\\/gastora.eu\\\/product\\\/vitrine-rfrigre-98-l-43-cm\\\/#primaryimage\",\"url\":\"https:\\\/\\\/gastora.eu\\\/wp-content\\\/uploads\\\/2026\\\/04\\\/sp-005-61656e61a3da1.jpg\",\"contentUrl\":\"https:\\\/\\\/gastora.eu\\\/wp-content\\\/uploads\\\/2026\\\/04\\\/sp-005-61656e61a3da1.jpg\",\"width\":1024,\"height\":1024},{\"@type\":\"BreadcrumbList\",\"@id\":\"https:\\\/\\\/gastora.eu\\\/product\\\/vitrine-rfrigre-98-l-43-cm\\\/#breadcrumb\",\"itemListElement\":[{\"@type\":\"ListItem\",\"position\":1,\"name\":\"Home\",\"item\":\"https:\\\/\\\/gastora.eu\\\/\"},{\"@type\":\"ListItem\",\"position\":2,\"name\":\"Shop\",\"item\":\"https:\\\/\\\/gastora.eu\\\/shop\\\/\"},{\"@type\":\"ListItem\",\"position\":3,\"name\":\"Vitrine r\u00e9frig\u00e9r\u00e9e &#8211; 98 L &#8211; 43 cm\"}]},{\"@type\":\"WebSite\",\"@id\":\"https:\\\/\\\/gastora.eu\\\/#website\",\"url\":\"https:\\\/\\\/gastora.eu\\\/\",\"name\":\"Gastora\",\"description\":\"\u00c9quipements professionnels CHR\",\"publisher\":{\"@id\":\"https:\\\/\\\/gastora.eu\\\/#organization\"},\"potentialAction\":[{\"@type\":\"SearchAction\",\"target\":{\"@type\":\"EntryPoint\",\"urlTemplate\":\"https:\\\/\\\/gastora.eu\\\/?s={search_term_string}\"},\"query-input\":{\"@type\":\"PropertyValueSpecification\",\"valueRequired\":true,\"valueName\":\"search_term_string\"}}],\"inLanguage\":\"en-US\"},{\"@type\":\"Organization\",\"@id\":\"https:\\\/\\\/gastora.eu\\\/#organization\",\"name\":\"Gastora\",\"url\":\"https:\\\/\\\/gastora.eu\\\/\",\"logo\":{\"@type\":\"ImageObject\",\"inLanguage\":\"en-US\",\"@id\":\"https:\\\/\\\/gastora.eu\\\/#\\\/schema\\\/logo\\\/image\\\/\",\"url\":\"https:\\\/\\\/gastora.eu\\\/wp-content\\\/uploads\\\/2025\\\/12\\\/ChatGPT-Image-2-janv.-2026-22_52_47-1.png\",\"contentUrl\":\"https:\\\/\\\/gastora.eu\\\/wp-content\\\/uploads\\\/2025\\\/12\\\/ChatGPT-Image-2-janv.-2026-22_52_47-1.png\",\"width\":1536,\"height\":320,\"caption\":\"Gastora\"},\"image\":{\"@id\":\"https:\\\/\\\/gastora.eu\\\/#\\\/schema\\\/logo\\\/image\\\/\"}}]}<\/script>\n<!-- \/ Yoast SEO plugin. -->","yoast_head_json":{"title":"Vitrine r\u00e9frig\u00e9r\u00e9e - 98 L - 43 cm - Gastora","description":"Achetez Vitrine r\u00e9frig\u00e9r\u00e9e - 98 L - 43 cm au meilleur prix, fiable et performant avec une livraison rapide","robots":{"index":"index","follow":"follow","max-snippet":"max-snippet:-1","max-image-preview":"max-image-preview:large","max-video-preview":"max-video-preview:-1"},"canonical":"https:\/\/gastora.eu\/en\/product\/vitrine-rfrigre-98-l-43-cm\/","og_locale":"en_US","og_type":"article","og_title":"Vitrine r\u00e9frig\u00e9r\u00e9e - 98 L - 43 cm - Gastora","og_description":"Achetez Vitrine r\u00e9frig\u00e9r\u00e9e - 98 L - 43 cm au meilleur prix, fiable et performant avec une livraison rapide","og_url":"https:\/\/gastora.eu\/en\/product\/vitrine-rfrigre-98-l-43-cm\/","og_site_name":"Gastora","article_modified_time":"2026-04-27T08:33:19+00:00","twitter_card":"summary_large_image","twitter_misc":{"Est. reading time":"2 minutes"},"schema":{"@context":"https:\/\/schema.org","@graph":[{"@type":"WebPage","@id":"https:\/\/gastora.eu\/product\/vitrine-rfrigre-98-l-43-cm\/","url":"https:\/\/gastora.eu\/product\/vitrine-rfrigre-98-l-43-cm\/","name":"Vitrine r\u00e9frig\u00e9r\u00e9e - 98 L - 43 cm - Gastora","isPartOf":{"@id":"https:\/\/gastora.eu\/#website"},"primaryImageOfPage":{"@id":"https:\/\/gastora.eu\/product\/vitrine-rfrigre-98-l-43-cm\/#primaryimage"},"image":{"@id":"https:\/\/gastora.eu\/product\/vitrine-rfrigre-98-l-43-cm\/#primaryimage"},"thumbnailUrl":"https:\/\/gastora.eu\/wp-content\/uploads\/2026\/04\/sp-005-61656e61a3da1.jpg","datePublished":"2026-04-25T17:29:40+00:00","dateModified":"2026-04-27T08:33:19+00:00","description":"Achetez Vitrine r\u00e9frig\u00e9r\u00e9e - 98 L - 43 cm au meilleur prix, fiable et performant avec une livraison rapide","breadcrumb":{"@id":"https:\/\/gastora.eu\/product\/vitrine-rfrigre-98-l-43-cm\/#breadcrumb"},"inLanguage":"en-US","potentialAction":[{"@type":"ReadAction","target":["https:\/\/gastora.eu\/product\/vitrine-rfrigre-98-l-43-cm\/"]}]},{"@type":"ImageObject","inLanguage":"en-US","@id":"https:\/\/gastora.eu\/product\/vitrine-rfrigre-98-l-43-cm\/#primaryimage","url":"https:\/\/gastora.eu\/wp-content\/uploads\/2026\/04\/sp-005-61656e61a3da1.jpg","contentUrl":"https:\/\/gastora.eu\/wp-content\/uploads\/2026\/04\/sp-005-61656e61a3da1.jpg","width":1024,"height":1024},{"@type":"BreadcrumbList","@id":"https:\/\/gastora.eu\/product\/vitrine-rfrigre-98-l-43-cm\/#breadcrumb","itemListElement":[{"@type":"ListItem","position":1,"name":"Home","item":"https:\/\/gastora.eu\/"},{"@type":"ListItem","position":2,"name":"Shop","item":"https:\/\/gastora.eu\/shop\/"},{"@type":"ListItem","position":3,"name":"Vitrine r\u00e9frig\u00e9r\u00e9e &#8211; 98 L &#8211; 43 cm"}]},{"@type":"WebSite","@id":"https:\/\/gastora.eu\/#website","url":"https:\/\/gastora.eu\/","name":"Gastora","description":"\u00c9quipements professionnels CHR","publisher":{"@id":"https:\/\/gastora.eu\/#organization"},"potentialAction":[{"@type":"SearchAction","target":{"@type":"EntryPoint","urlTemplate":"https:\/\/gastora.eu\/?s={search_term_string}"},"query-input":{"@type":"PropertyValueSpecification","valueRequired":true,"valueName":"search_term_string"}}],"inLanguage":"en-US"},{"@type":"Organization","@id":"https:\/\/gastora.eu\/#organization","name":"Gastora","url":"https:\/\/gastora.eu\/","logo":{"@type":"ImageObject","inLanguage":"en-US","@id":"https:\/\/gastora.eu\/#\/schema\/logo\/image\/","url":"https:\/\/gastora.eu\/wp-content\/uploads\/2025\/12\/ChatGPT-Image-2-janv.-2026-22_52_47-1.png","contentUrl":"https:\/\/gastora.eu\/wp-content\/uploads\/2025\/12\/ChatGPT-Image-2-janv.-2026-22_52_47-1.png","width":1536,"height":320,"caption":"Gastora"},"image":{"@id":"https:\/\/gastora.eu\/#\/schema\/logo\/image\/"}}]}},"jetpack_sharing_enabled":true,"_links":{"self":[{"href":"https:\/\/gastora.eu\/en\/wp-json\/wp\/v2\/product\/13773","targetHints":{"allow":["GET"]}}],"collection":[{"href":"https:\/\/gastora.eu\/en\/wp-json\/wp\/v2\/product"}],"about":[{"href":"https:\/\/gastora.eu\/en\/wp-json\/wp\/v2\/types\/product"}],"wp:featuredmedia":[{"embeddable":true,"href":"https:\/\/gastora.eu\/en\/wp-json\/wp\/v2\/media\/6294"}],"wp:attachment":[{"href":"https:\/\/gastora.eu\/en\/wp-json\/wp\/v2\/media?parent=13773"}],"wp:term":[{"taxonomy":"product_brand","embeddable":true,"href":"https:\/\/gastora.eu\/en\/wp-json\/wp\/v2\/product_brand?post=13773"},{"taxonomy":"product_cat","embeddable":true,"href":"https:\/\/gastora.eu\/en\/wp-json\/wp\/v2\/product_cat?post=13773"},{"taxonomy":"product_tag","embeddable":true,"href":"https:\/\/gastora.eu\/en\/wp-json\/wp\/v2\/product_tag?post=13773"}],"curies":[{"name":"wp","href":"https:\/\/api.w.org\/{rel}","templated":true}]}}