{"id":13770,"date":"2026-04-25T17:29:37","date_gmt":"2026-04-25T17:29:37","guid":{"rendered":"https:\/\/gastora.eu\/?post_type=product&#038;p=13770"},"modified":"2026-04-26T08:28:49","modified_gmt":"2026-04-26T08:28:49","slug":"vitrine-rfrigre-78-l-43-cm-blanc","status":"publish","type":"product","link":"https:\/\/gastora.eu\/en\/product\/vitrine-rfrigre-78-l-43-cm-blanc\/","title":{"rendered":"Vitrine r\u00e9frig\u00e9r\u00e9e &#8211; 78 L &#8211; 43 cm &#8211; blanc"},"content":{"rendered":"<p>Avec sa capacit\u00e9 de 78 litres et les trois \u00e9tag\u00e8res int\u00e9rieures qui l&#8217;accompagnent, ce solide r\u00e9frig\u00e9rateur d&#8217;exposition dispose de beaucoup d&#8217;espace pour refroidir et pr\u00e9senter une vari\u00e9t\u00e9 de produits. Il s&#8217;agit notamment de sandwichs, de boissons, de salades et de produits laitiers. Ce pr\u00e9sentoir n&#8217;est pas seulement tr\u00e8s pratique, mais gr\u00e2ce aux quatre fen\u00eatres en verre et \u00e0 l&#8217;\u00e9clairage LED int\u00e9gr\u00e9, il est \u00e9galement id\u00e9al pour mettre en valeur les produits de mani\u00e8re attrayante. Il est parfait pour la boulangerie ou la restauration pour montrer aux clients votre gamme de produits. Un autre avantage de ce r\u00e9frig\u00e9rateur d&#8217;exposition est qu&#8217;il est \u00e9quip\u00e9 de pieds fixes et d&#8217;une serrure \u00e0 deux cl\u00e9s.<\/p>\n<h3>Temp\u00e9rature r\u00e9glable et d\u00e9givrage automatique<\/h3>\n<p>Garder les produits au frais est essentiel dans l&#8217;industrie h\u00f4teli\u00e8re. Pour garder les aliments et les boissons au frais de la meilleure fa\u00e7on possible, il suffit de r\u00e9gler la temp\u00e9rature souhait\u00e9e \u00e0 l&#8217;aide du r\u00e9gulateur de temp\u00e9rature num\u00e9rique. La temp\u00e9rature peut \u00eatre r\u00e9gl\u00e9e de 0\u00b0 \u00e0 12\u00b0C sur l&#8217;\u00e9cran. La vitrine du mini-frigo est \u00e9quip\u00e9e d&#8217;un cycle de refroidissement unique, qui r\u00e9duit la formation de glace. S&#8217;il y a encore de la glace dans la glaci\u00e8re, la fonction de d\u00e9givrage automatique fait fondre la glace toutes les six heures et la reconvertit en froid. Le r\u00e9frig\u00e9rant utilis\u00e9 pour cette vitrine est le R600a et est exempt de CFC.<\/p>\n<h3>Un nettoyage facile pour une bonne hygi\u00e8ne<\/h3>\n<p>Comme tout autre appareil de restauration, la vitrine r\u00e9frig\u00e9r\u00e9e doit \u00eatre nettoy\u00e9e r\u00e9guli\u00e8rement. Gr\u00e2ce \u00e0 son bo\u00eetier en plastique et \u00e0 ses \u00e9tag\u00e8res rev\u00eatues, le r\u00e9frig\u00e9rateur est simple \u00e0 maintenir propre. L&#8217;int\u00e9rieur et l&#8217;ext\u00e9rieur peuvent \u00eatre nettoy\u00e9s avec un chiffon doux et humide. Les \u00e9tag\u00e8res peuvent \u00eatre nettoy\u00e9es avec un chiffon doux et de l&#8217;eau savonneuse. Ce r\u00e9frig\u00e9rateur d&#8217;exposition peut \u00eatre compl\u00e9t\u00e9 par des \u00e9tag\u00e8res suppl\u00e9mentaires et est disponible en blanc.<\/p>\n<ul>\n<li>Petit pr\u00e9sentoir r\u00e9frig\u00e9r\u00e9 78L blanc<\/li>\n<li>Bo\u00eetier en plastique agr\u00e9able et robuste<\/li>\n<li>Fen\u00eatres en verre sur 4 c\u00f4t\u00e9s (double vitrage)<\/li>\n<li>Equip\u00e9 de 3 grilles rev\u00eatues<\/li>\n<li>Refroidissement avec ventilateur<\/li>\n<li>Cycle de refroidissement unique pour r\u00e9duire la formation de glace<\/li>\n<li>Lumi\u00e8res LED \u00e0 l&#8217;int\u00e9rieur<\/li>\n<li>R\u00e9frig\u00e9rant R600a \/ sans CFC<\/li>\n<li>Contr\u00f4leur de temp\u00e9rature num\u00e9rique Dixell<\/li>\n<li>Temp\u00e9rature de 0 \u00b0 \u00e0 + 12 \u00b0 Celsius<\/li>\n<li>Avec serrure<\/li>\n<li>Pieds fermes<\/li>\n<li>Poids net : 34kg<\/li>\n<li>Dimensions de l&#8217;\u00e9tag\u00e8re : L36 x P31cm<\/li>\n<li>Dimensions internes de l&#8217;unit\u00e9 : L39,6 x P35 x H60,8cm<\/li>\n<li>Dimensions ext\u00e9rieures de l&#8217;appareil : B42,8 x D38,6 x H96cm<\/li>\n<li>Puissance : 230V \/ 50Hz \/ 1Phase 180W<\/li>\n<\/ul>","protected":false},"excerpt":{"rendered":"<p>Ce mini r\u00e9frig\u00e9rateur \u00e0 \u00e9cran d&#8217;une capacit\u00e9 de 78 litres est dot\u00e9 de trois \u00e9tag\u00e8res. La temp\u00e9rature peut \u00eatre r\u00e9gl\u00e9e exactement comme vous le souhaitez, gr\u00e2ce au r\u00e9gulateur de temp\u00e9rature num\u00e9rique. Ce mod\u00e8le de table convient parfaitement \u00e0 la r\u00e9frig\u00e9ration et \u00e0 la pr\u00e9sentation de produits.<\/p>","protected":false},"featured_media":6288,"template":"","meta":{"_acf_changed":false},"product_brand":[],"product_cat":[475],"product_tag":[],"class_list":{"0":"post-13770","1":"product","2":"type-product","3":"status-publish","4":"has-post-thumbnail","6":"product_cat-vitrines-refrigerees-2","8":"first","9":"instock","10":"sale","11":"taxable","12":"shipping-taxable","13":"purchasable","14":"product-type-simple"},"acf":[],"yoast_head":"<!-- This site is optimized with the Yoast SEO plugin v27.4 - https:\/\/yoast.com\/product\/yoast-seo-wordpress\/ -->\n<title>Vitrine r\u00e9frig\u00e9r\u00e9e - 78 L - 43 cm - blanc - Gastora<\/title>\n<meta name=\"description\" content=\"Achetez Vitrine r\u00e9frig\u00e9r\u00e9e - 78 L - 43 cm - blanc au meilleur prix, fiable et performant avec une livraison rapide\" \/>\n<meta name=\"robots\" content=\"index, follow, max-snippet:-1, max-image-preview:large, max-video-preview:-1\" \/>\n<link rel=\"canonical\" href=\"https:\/\/gastora.eu\/en\/product\/vitrine-rfrigre-78-l-43-cm-blanc\/\" \/>\n<meta property=\"og:locale\" content=\"en_US\" \/>\n<meta property=\"og:type\" content=\"article\" \/>\n<meta property=\"og:title\" content=\"Vitrine r\u00e9frig\u00e9r\u00e9e - 78 L - 43 cm - blanc - Gastora\" \/>\n<meta property=\"og:description\" content=\"Achetez Vitrine r\u00e9frig\u00e9r\u00e9e - 78 L - 43 cm - blanc au meilleur prix, fiable et performant avec une livraison rapide\" \/>\n<meta property=\"og:url\" content=\"https:\/\/gastora.eu\/en\/product\/vitrine-rfrigre-78-l-43-cm-blanc\/\" \/>\n<meta property=\"og:site_name\" content=\"Gastora\" \/>\n<meta property=\"article:modified_time\" content=\"2026-04-26T08:28:49+00:00\" \/>\n<meta name=\"twitter:card\" content=\"summary_large_image\" \/>\n<meta name=\"twitter:label1\" content=\"Est. reading time\" \/>\n\t<meta name=\"twitter:data1\" content=\"2 minutes\" \/>\n<script type=\"application\/ld+json\" class=\"yoast-schema-graph\">{\"@context\":\"https:\\\/\\\/schema.org\",\"@graph\":[{\"@type\":\"WebPage\",\"@id\":\"https:\\\/\\\/gastora.eu\\\/product\\\/vitrine-rfrigre-78-l-43-cm-blanc\\\/\",\"url\":\"https:\\\/\\\/gastora.eu\\\/product\\\/vitrine-rfrigre-78-l-43-cm-blanc\\\/\",\"name\":\"Vitrine r\u00e9frig\u00e9r\u00e9e - 78 L - 43 cm - blanc - Gastora\",\"isPartOf\":{\"@id\":\"https:\\\/\\\/gastora.eu\\\/#website\"},\"primaryImageOfPage\":{\"@id\":\"https:\\\/\\\/gastora.eu\\\/product\\\/vitrine-rfrigre-78-l-43-cm-blanc\\\/#primaryimage\"},\"image\":{\"@id\":\"https:\\\/\\\/gastora.eu\\\/product\\\/vitrine-rfrigre-78-l-43-cm-blanc\\\/#primaryimage\"},\"thumbnailUrl\":\"https:\\\/\\\/gastora.eu\\\/wp-content\\\/uploads\\\/2026\\\/04\\\/sp-005-61656e617f508.jpg\",\"datePublished\":\"2026-04-25T17:29:37+00:00\",\"dateModified\":\"2026-04-26T08:28:49+00:00\",\"description\":\"Achetez Vitrine r\u00e9frig\u00e9r\u00e9e - 78 L - 43 cm - blanc au meilleur prix, fiable et performant avec une livraison rapide\",\"breadcrumb\":{\"@id\":\"https:\\\/\\\/gastora.eu\\\/product\\\/vitrine-rfrigre-78-l-43-cm-blanc\\\/#breadcrumb\"},\"inLanguage\":\"en-US\",\"potentialAction\":[{\"@type\":\"ReadAction\",\"target\":[\"https:\\\/\\\/gastora.eu\\\/product\\\/vitrine-rfrigre-78-l-43-cm-blanc\\\/\"]}]},{\"@type\":\"ImageObject\",\"inLanguage\":\"en-US\",\"@id\":\"https:\\\/\\\/gastora.eu\\\/product\\\/vitrine-rfrigre-78-l-43-cm-blanc\\\/#primaryimage\",\"url\":\"https:\\\/\\\/gastora.eu\\\/wp-content\\\/uploads\\\/2026\\\/04\\\/sp-005-61656e617f508.jpg\",\"contentUrl\":\"https:\\\/\\\/gastora.eu\\\/wp-content\\\/uploads\\\/2026\\\/04\\\/sp-005-61656e617f508.jpg\",\"width\":1024,\"height\":1024},{\"@type\":\"BreadcrumbList\",\"@id\":\"https:\\\/\\\/gastora.eu\\\/product\\\/vitrine-rfrigre-78-l-43-cm-blanc\\\/#breadcrumb\",\"itemListElement\":[{\"@type\":\"ListItem\",\"position\":1,\"name\":\"Home\",\"item\":\"https:\\\/\\\/gastora.eu\\\/\"},{\"@type\":\"ListItem\",\"position\":2,\"name\":\"Shop\",\"item\":\"https:\\\/\\\/gastora.eu\\\/shop\\\/\"},{\"@type\":\"ListItem\",\"position\":3,\"name\":\"Vitrine r\u00e9frig\u00e9r\u00e9e &#8211; 78 L &#8211; 43 cm &#8211; blanc\"}]},{\"@type\":\"WebSite\",\"@id\":\"https:\\\/\\\/gastora.eu\\\/#website\",\"url\":\"https:\\\/\\\/gastora.eu\\\/\",\"name\":\"Gastora\",\"description\":\"\u00c9quipements professionnels CHR\",\"publisher\":{\"@id\":\"https:\\\/\\\/gastora.eu\\\/#organization\"},\"potentialAction\":[{\"@type\":\"SearchAction\",\"target\":{\"@type\":\"EntryPoint\",\"urlTemplate\":\"https:\\\/\\\/gastora.eu\\\/?s={search_term_string}\"},\"query-input\":{\"@type\":\"PropertyValueSpecification\",\"valueRequired\":true,\"valueName\":\"search_term_string\"}}],\"inLanguage\":\"en-US\"},{\"@type\":\"Organization\",\"@id\":\"https:\\\/\\\/gastora.eu\\\/#organization\",\"name\":\"Gastora\",\"url\":\"https:\\\/\\\/gastora.eu\\\/\",\"logo\":{\"@type\":\"ImageObject\",\"inLanguage\":\"en-US\",\"@id\":\"https:\\\/\\\/gastora.eu\\\/#\\\/schema\\\/logo\\\/image\\\/\",\"url\":\"https:\\\/\\\/gastora.eu\\\/wp-content\\\/uploads\\\/2025\\\/12\\\/ChatGPT-Image-2-janv.-2026-22_52_47-1.png\",\"contentUrl\":\"https:\\\/\\\/gastora.eu\\\/wp-content\\\/uploads\\\/2025\\\/12\\\/ChatGPT-Image-2-janv.-2026-22_52_47-1.png\",\"width\":1536,\"height\":320,\"caption\":\"Gastora\"},\"image\":{\"@id\":\"https:\\\/\\\/gastora.eu\\\/#\\\/schema\\\/logo\\\/image\\\/\"}}]}<\/script>\n<!-- \/ Yoast SEO plugin. -->","yoast_head_json":{"title":"Vitrine r\u00e9frig\u00e9r\u00e9e - 78 L - 43 cm - blanc - Gastora","description":"Achetez Vitrine r\u00e9frig\u00e9r\u00e9e - 78 L - 43 cm - blanc au meilleur prix, fiable et performant avec une livraison rapide","robots":{"index":"index","follow":"follow","max-snippet":"max-snippet:-1","max-image-preview":"max-image-preview:large","max-video-preview":"max-video-preview:-1"},"canonical":"https:\/\/gastora.eu\/en\/product\/vitrine-rfrigre-78-l-43-cm-blanc\/","og_locale":"en_US","og_type":"article","og_title":"Vitrine r\u00e9frig\u00e9r\u00e9e - 78 L - 43 cm - blanc - Gastora","og_description":"Achetez Vitrine r\u00e9frig\u00e9r\u00e9e - 78 L - 43 cm - blanc au meilleur prix, fiable et performant avec une livraison rapide","og_url":"https:\/\/gastora.eu\/en\/product\/vitrine-rfrigre-78-l-43-cm-blanc\/","og_site_name":"Gastora","article_modified_time":"2026-04-26T08:28:49+00:00","twitter_card":"summary_large_image","twitter_misc":{"Est. reading time":"2 minutes"},"schema":{"@context":"https:\/\/schema.org","@graph":[{"@type":"WebPage","@id":"https:\/\/gastora.eu\/product\/vitrine-rfrigre-78-l-43-cm-blanc\/","url":"https:\/\/gastora.eu\/product\/vitrine-rfrigre-78-l-43-cm-blanc\/","name":"Vitrine r\u00e9frig\u00e9r\u00e9e - 78 L - 43 cm - blanc - Gastora","isPartOf":{"@id":"https:\/\/gastora.eu\/#website"},"primaryImageOfPage":{"@id":"https:\/\/gastora.eu\/product\/vitrine-rfrigre-78-l-43-cm-blanc\/#primaryimage"},"image":{"@id":"https:\/\/gastora.eu\/product\/vitrine-rfrigre-78-l-43-cm-blanc\/#primaryimage"},"thumbnailUrl":"https:\/\/gastora.eu\/wp-content\/uploads\/2026\/04\/sp-005-61656e617f508.jpg","datePublished":"2026-04-25T17:29:37+00:00","dateModified":"2026-04-26T08:28:49+00:00","description":"Achetez Vitrine r\u00e9frig\u00e9r\u00e9e - 78 L - 43 cm - blanc au meilleur prix, fiable et performant avec une livraison rapide","breadcrumb":{"@id":"https:\/\/gastora.eu\/product\/vitrine-rfrigre-78-l-43-cm-blanc\/#breadcrumb"},"inLanguage":"en-US","potentialAction":[{"@type":"ReadAction","target":["https:\/\/gastora.eu\/product\/vitrine-rfrigre-78-l-43-cm-blanc\/"]}]},{"@type":"ImageObject","inLanguage":"en-US","@id":"https:\/\/gastora.eu\/product\/vitrine-rfrigre-78-l-43-cm-blanc\/#primaryimage","url":"https:\/\/gastora.eu\/wp-content\/uploads\/2026\/04\/sp-005-61656e617f508.jpg","contentUrl":"https:\/\/gastora.eu\/wp-content\/uploads\/2026\/04\/sp-005-61656e617f508.jpg","width":1024,"height":1024},{"@type":"BreadcrumbList","@id":"https:\/\/gastora.eu\/product\/vitrine-rfrigre-78-l-43-cm-blanc\/#breadcrumb","itemListElement":[{"@type":"ListItem","position":1,"name":"Home","item":"https:\/\/gastora.eu\/"},{"@type":"ListItem","position":2,"name":"Shop","item":"https:\/\/gastora.eu\/shop\/"},{"@type":"ListItem","position":3,"name":"Vitrine r\u00e9frig\u00e9r\u00e9e &#8211; 78 L &#8211; 43 cm &#8211; blanc"}]},{"@type":"WebSite","@id":"https:\/\/gastora.eu\/#website","url":"https:\/\/gastora.eu\/","name":"Gastora","description":"\u00c9quipements professionnels CHR","publisher":{"@id":"https:\/\/gastora.eu\/#organization"},"potentialAction":[{"@type":"SearchAction","target":{"@type":"EntryPoint","urlTemplate":"https:\/\/gastora.eu\/?s={search_term_string}"},"query-input":{"@type":"PropertyValueSpecification","valueRequired":true,"valueName":"search_term_string"}}],"inLanguage":"en-US"},{"@type":"Organization","@id":"https:\/\/gastora.eu\/#organization","name":"Gastora","url":"https:\/\/gastora.eu\/","logo":{"@type":"ImageObject","inLanguage":"en-US","@id":"https:\/\/gastora.eu\/#\/schema\/logo\/image\/","url":"https:\/\/gastora.eu\/wp-content\/uploads\/2025\/12\/ChatGPT-Image-2-janv.-2026-22_52_47-1.png","contentUrl":"https:\/\/gastora.eu\/wp-content\/uploads\/2025\/12\/ChatGPT-Image-2-janv.-2026-22_52_47-1.png","width":1536,"height":320,"caption":"Gastora"},"image":{"@id":"https:\/\/gastora.eu\/#\/schema\/logo\/image\/"}}]}},"jetpack_sharing_enabled":true,"_links":{"self":[{"href":"https:\/\/gastora.eu\/en\/wp-json\/wp\/v2\/product\/13770","targetHints":{"allow":["GET"]}}],"collection":[{"href":"https:\/\/gastora.eu\/en\/wp-json\/wp\/v2\/product"}],"about":[{"href":"https:\/\/gastora.eu\/en\/wp-json\/wp\/v2\/types\/product"}],"wp:featuredmedia":[{"embeddable":true,"href":"https:\/\/gastora.eu\/en\/wp-json\/wp\/v2\/media\/6288"}],"wp:attachment":[{"href":"https:\/\/gastora.eu\/en\/wp-json\/wp\/v2\/media?parent=13770"}],"wp:term":[{"taxonomy":"product_brand","embeddable":true,"href":"https:\/\/gastora.eu\/en\/wp-json\/wp\/v2\/product_brand?post=13770"},{"taxonomy":"product_cat","embeddable":true,"href":"https:\/\/gastora.eu\/en\/wp-json\/wp\/v2\/product_cat?post=13770"},{"taxonomy":"product_tag","embeddable":true,"href":"https:\/\/gastora.eu\/en\/wp-json\/wp\/v2\/product_tag?post=13770"}],"curies":[{"name":"wp","href":"https:\/\/api.w.org\/{rel}","templated":true}]}}