{"id":13769,"date":"2026-04-25T17:29:36","date_gmt":"2026-04-25T17:29:36","guid":{"rendered":"https:\/\/gastora.eu\/?post_type=product&#038;p=13769"},"modified":"2026-04-28T16:55:15","modified_gmt":"2026-04-28T16:55:15","slug":"vitrine-rfrigre-58-l-43-cm","status":"publish","type":"product","link":"https:\/\/gastora.eu\/en\/product\/vitrine-rfrigre-58-l-43-cm\/","title":{"rendered":"Vitrine r\u00e9frig\u00e9r\u00e9e &#8211; 58 L &#8211; 43 cm"},"content":{"rendered":"<p>Cette vitrine r\u00e9frig\u00e9r\u00e9e robuste a une capacit\u00e9 de 58 litres. Gr\u00e2ce aux quatre fen\u00eatres en verre et \u00e0 l&#8217;\u00e9clairage LED int\u00e9gr\u00e9, les produits sont pr\u00e9sent\u00e9s de mani\u00e8re attrayante et professionnelle pour toute entreprise de restauration. \u00c0 l&#8217;int\u00e9rieur se trouvent deux \u00e9tag\u00e8res facilement r\u00e9glables, de sorte que vous pouvez stocker presque toutes les tailles de produits dans cette vitrine. Il est \u00e9galement facile de commander des \u00e9tag\u00e8res suppl\u00e9mentaires. Comme la mini-vitrine est \u00e9quip\u00e9e d&#8217;une serrure, elle peut \u00e9galement \u00eatre plac\u00e9e sur le bar ou le comptoir sans avoir \u00e0 craindre que les invit\u00e9s se servent eux-m\u00eames.<\/p>\n<h3>Un r\u00e9gulateur de temp\u00e9rature num\u00e9rique tr\u00e8s pratique<\/h3>\n<p>Les vitrines r\u00e9frig\u00e9r\u00e9es sont presque indispensables dans le secteur de la restauration. Les produits frais sont souvent utilis\u00e9s dans les caf\u00e9s, les restaurants et autres points de vente de nourriture et de boissons. Gr\u00e2ce \u00e0 cette vitrine r\u00e9frig\u00e9r\u00e9e professionnelle avec ventilateur, vous pouvez conserver les produits au frais le plus longtemps possible. Elle est \u00e9galement id\u00e9ale pour refroidir les boissons, les tapas et les p\u00e2tisseries. Gr\u00e2ce au r\u00e9gulateur de temp\u00e9rature num\u00e9rique, vous pouvez facilement r\u00e9gler la temp\u00e9rature sur une plage de 0\u00b0 \u00e0 12\u00b0C.<\/p>\n<h3>Rapide et facile \u00e0 nettoyer<\/h3>\n<p>La vitrine r\u00e9frig\u00e9r\u00e9e poss\u00e8de un cycle de refroidissement unique qui permet de r\u00e9duire la formation de glace. De cette fa\u00e7on, la vitrine r\u00e9frig\u00e9r\u00e9e reste suffisamment froide, sans fluctuations de temp\u00e9rature. Le r\u00e9frig\u00e9rant utilis\u00e9 pour cette vitrine r\u00e9frig\u00e9r\u00e9e est le R600a et est exempt de CFC. La vitrine r\u00e9frig\u00e9r\u00e9e est d\u00e9givr\u00e9e automatiquement toutes les six heures. Vous pouvez facilement allumer et \u00e9teindre l&#8217;\u00e9clairage LED \u00e0 l&#8217;aide d&#8217;un bouton situ\u00e9 sur l&#8217;\u00e9cran \u00e0 l&#8217;avant de l&#8217;appareil. En outre, vous pouvez \u00e9galement activer manuellement la fonction de d\u00e9givrage avec le m\u00eame bouton. Le nettoyage de la vitrine r\u00e9frig\u00e9r\u00e9e est tr\u00e8s facile, gr\u00e2ce au bo\u00eetier en plastique et au rev\u00eatement appliqu\u00e9 sur les \u00e9tag\u00e8res. Cette vitrine r\u00e9frig\u00e9r\u00e9e professionnelle est disponible en noir.<\/p>\n<ul>\n<li>Magnifique vitrine r\u00e9frig\u00e9r\u00e9e 58L Noir<\/li>\n<li>Bo\u00eetier en plastique agr\u00e9able et robuste<\/li>\n<li>Fen\u00eatres en verre sur 4 c\u00f4t\u00e9s (double vitrage)<\/li>\n<li>Equip\u00e9 de 2 grilles rev\u00eatues<\/li>\n<li>Refroidissement avec ventilateur<\/li>\n<li>Cycle de refroidissement unique pour r\u00e9duire la formation de glace<\/li>\n<li>Lumi\u00e8res LED \u00e0 l&#8217;int\u00e9rieur<\/li>\n<li>R\u00e9frig\u00e9rant R600a \/ sans CFC<\/li>\n<li>Contr\u00f4leur de temp\u00e9rature num\u00e9rique Dixell<\/li>\n<li>Temp\u00e9rature de 0 \u00b0 \u00e0 + 12 \u00b0 Celsius<\/li>\n<li>Avec verrouillage<\/li>\n<li>Pieds fixes<\/li>\n<li>Poids net : 30kg<\/li>\n<li>Dimensions internes de l&#8217;appareil : L39,6 x P35 x H46cm<\/li>\n<li>Dimensions ext\u00e9rieures de l&#8217;appareil : L42,8 x P38,6 x H81cm<\/li>\n<li>Puissance : 230V \/ 50Hz \/ 1Phase 180W<\/li>\n<\/ul>","protected":false},"excerpt":{"rendered":"<p>Cette mini vitrine r\u00e9frig\u00e9r\u00e9e est une solution de refroidissement pratique pour toute entreprise. Avec son ventilateur et son r\u00e9gulateur de temp\u00e9rature num\u00e9rique, c&#8217;est le mod\u00e8le de table id\u00e9al pour \u00e0 la fois refroidir et pr\u00e9senter les produits.<\/p>","protected":false},"featured_media":6286,"template":"","meta":{"_acf_changed":false},"product_brand":[],"product_cat":[475],"product_tag":[],"class_list":{"0":"post-13769","1":"product","2":"type-product","3":"status-publish","4":"has-post-thumbnail","6":"product_cat-vitrines-refrigerees-2","8":"first","9":"instock","10":"sale","11":"taxable","12":"shipping-taxable","13":"purchasable","14":"product-type-simple"},"acf":[],"yoast_head":"<!-- This site is optimized with the Yoast SEO plugin v27.5 - https:\/\/yoast.com\/product\/yoast-seo-wordpress\/ -->\n<title>Vitrine r\u00e9frig\u00e9r\u00e9e - 58 L - 43 cm - Gastora<\/title>\n<meta name=\"description\" content=\"Achetez Vitrine r\u00e9frig\u00e9r\u00e9e - 58 L - 43 cm au meilleur prix, fiable et performant avec une livraison rapide\" \/>\n<meta name=\"robots\" content=\"index, follow, max-snippet:-1, max-image-preview:large, max-video-preview:-1\" \/>\n<link rel=\"canonical\" href=\"https:\/\/gastora.eu\/en\/product\/vitrine-rfrigre-58-l-43-cm\/\" \/>\n<meta property=\"og:locale\" content=\"en_US\" \/>\n<meta property=\"og:type\" content=\"article\" \/>\n<meta property=\"og:title\" content=\"Vitrine r\u00e9frig\u00e9r\u00e9e - 58 L - 43 cm - Gastora\" \/>\n<meta property=\"og:description\" content=\"Achetez Vitrine r\u00e9frig\u00e9r\u00e9e - 58 L - 43 cm au meilleur prix, fiable et performant avec une livraison rapide\" \/>\n<meta property=\"og:url\" content=\"https:\/\/gastora.eu\/en\/product\/vitrine-rfrigre-58-l-43-cm\/\" \/>\n<meta property=\"og:site_name\" content=\"Gastora\" \/>\n<meta property=\"article:modified_time\" content=\"2026-04-28T16:55:15+00:00\" \/>\n<meta name=\"twitter:card\" content=\"summary_large_image\" \/>\n<meta name=\"twitter:label1\" content=\"Est. reading time\" \/>\n\t<meta name=\"twitter:data1\" content=\"2 minutes\" \/>\n<script type=\"application\/ld+json\" class=\"yoast-schema-graph\">{\"@context\":\"https:\\\/\\\/schema.org\",\"@graph\":[{\"@type\":\"WebPage\",\"@id\":\"https:\\\/\\\/gastora.eu\\\/product\\\/vitrine-rfrigre-58-l-43-cm\\\/\",\"url\":\"https:\\\/\\\/gastora.eu\\\/product\\\/vitrine-rfrigre-58-l-43-cm\\\/\",\"name\":\"Vitrine r\u00e9frig\u00e9r\u00e9e - 58 L - 43 cm - Gastora\",\"isPartOf\":{\"@id\":\"https:\\\/\\\/gastora.eu\\\/#website\"},\"primaryImageOfPage\":{\"@id\":\"https:\\\/\\\/gastora.eu\\\/product\\\/vitrine-rfrigre-58-l-43-cm\\\/#primaryimage\"},\"image\":{\"@id\":\"https:\\\/\\\/gastora.eu\\\/product\\\/vitrine-rfrigre-58-l-43-cm\\\/#primaryimage\"},\"thumbnailUrl\":\"https:\\\/\\\/gastora.eu\\\/wp-content\\\/uploads\\\/2026\\\/04\\\/sp-005-61656e615fa88.jpg\",\"datePublished\":\"2026-04-25T17:29:36+00:00\",\"dateModified\":\"2026-04-28T16:55:15+00:00\",\"description\":\"Achetez Vitrine r\u00e9frig\u00e9r\u00e9e - 58 L - 43 cm au meilleur prix, fiable et performant avec une livraison rapide\",\"breadcrumb\":{\"@id\":\"https:\\\/\\\/gastora.eu\\\/product\\\/vitrine-rfrigre-58-l-43-cm\\\/#breadcrumb\"},\"inLanguage\":\"en-US\",\"potentialAction\":[{\"@type\":\"ReadAction\",\"target\":[\"https:\\\/\\\/gastora.eu\\\/product\\\/vitrine-rfrigre-58-l-43-cm\\\/\"]}]},{\"@type\":\"ImageObject\",\"inLanguage\":\"en-US\",\"@id\":\"https:\\\/\\\/gastora.eu\\\/product\\\/vitrine-rfrigre-58-l-43-cm\\\/#primaryimage\",\"url\":\"https:\\\/\\\/gastora.eu\\\/wp-content\\\/uploads\\\/2026\\\/04\\\/sp-005-61656e615fa88.jpg\",\"contentUrl\":\"https:\\\/\\\/gastora.eu\\\/wp-content\\\/uploads\\\/2026\\\/04\\\/sp-005-61656e615fa88.jpg\",\"width\":1024,\"height\":1024},{\"@type\":\"BreadcrumbList\",\"@id\":\"https:\\\/\\\/gastora.eu\\\/product\\\/vitrine-rfrigre-58-l-43-cm\\\/#breadcrumb\",\"itemListElement\":[{\"@type\":\"ListItem\",\"position\":1,\"name\":\"Home\",\"item\":\"https:\\\/\\\/gastora.eu\\\/\"},{\"@type\":\"ListItem\",\"position\":2,\"name\":\"Shop\",\"item\":\"https:\\\/\\\/gastora.eu\\\/shop\\\/\"},{\"@type\":\"ListItem\",\"position\":3,\"name\":\"Vitrine r\u00e9frig\u00e9r\u00e9e &#8211; 58 L &#8211; 43 cm\"}]},{\"@type\":\"WebSite\",\"@id\":\"https:\\\/\\\/gastora.eu\\\/#website\",\"url\":\"https:\\\/\\\/gastora.eu\\\/\",\"name\":\"Gastora\",\"description\":\"\u00c9quipements professionnels CHR\",\"publisher\":{\"@id\":\"https:\\\/\\\/gastora.eu\\\/#organization\"},\"potentialAction\":[{\"@type\":\"SearchAction\",\"target\":{\"@type\":\"EntryPoint\",\"urlTemplate\":\"https:\\\/\\\/gastora.eu\\\/?s={search_term_string}\"},\"query-input\":{\"@type\":\"PropertyValueSpecification\",\"valueRequired\":true,\"valueName\":\"search_term_string\"}}],\"inLanguage\":\"en-US\"},{\"@type\":\"Organization\",\"@id\":\"https:\\\/\\\/gastora.eu\\\/#organization\",\"name\":\"Gastora\",\"url\":\"https:\\\/\\\/gastora.eu\\\/\",\"logo\":{\"@type\":\"ImageObject\",\"inLanguage\":\"en-US\",\"@id\":\"https:\\\/\\\/gastora.eu\\\/#\\\/schema\\\/logo\\\/image\\\/\",\"url\":\"https:\\\/\\\/gastora.eu\\\/wp-content\\\/uploads\\\/2025\\\/12\\\/ChatGPT-Image-2-janv.-2026-22_52_47-1.png\",\"contentUrl\":\"https:\\\/\\\/gastora.eu\\\/wp-content\\\/uploads\\\/2025\\\/12\\\/ChatGPT-Image-2-janv.-2026-22_52_47-1.png\",\"width\":1536,\"height\":320,\"caption\":\"Gastora\"},\"image\":{\"@id\":\"https:\\\/\\\/gastora.eu\\\/#\\\/schema\\\/logo\\\/image\\\/\"}}]}<\/script>\n<!-- \/ Yoast SEO plugin. -->","yoast_head_json":{"title":"Vitrine r\u00e9frig\u00e9r\u00e9e - 58 L - 43 cm - Gastora","description":"Achetez Vitrine r\u00e9frig\u00e9r\u00e9e - 58 L - 43 cm au meilleur prix, fiable et performant avec une livraison rapide","robots":{"index":"index","follow":"follow","max-snippet":"max-snippet:-1","max-image-preview":"max-image-preview:large","max-video-preview":"max-video-preview:-1"},"canonical":"https:\/\/gastora.eu\/en\/product\/vitrine-rfrigre-58-l-43-cm\/","og_locale":"en_US","og_type":"article","og_title":"Vitrine r\u00e9frig\u00e9r\u00e9e - 58 L - 43 cm - Gastora","og_description":"Achetez Vitrine r\u00e9frig\u00e9r\u00e9e - 58 L - 43 cm au meilleur prix, fiable et performant avec une livraison rapide","og_url":"https:\/\/gastora.eu\/en\/product\/vitrine-rfrigre-58-l-43-cm\/","og_site_name":"Gastora","article_modified_time":"2026-04-28T16:55:15+00:00","twitter_card":"summary_large_image","twitter_misc":{"Est. reading time":"2 minutes"},"schema":{"@context":"https:\/\/schema.org","@graph":[{"@type":"WebPage","@id":"https:\/\/gastora.eu\/product\/vitrine-rfrigre-58-l-43-cm\/","url":"https:\/\/gastora.eu\/product\/vitrine-rfrigre-58-l-43-cm\/","name":"Vitrine r\u00e9frig\u00e9r\u00e9e - 58 L - 43 cm - Gastora","isPartOf":{"@id":"https:\/\/gastora.eu\/#website"},"primaryImageOfPage":{"@id":"https:\/\/gastora.eu\/product\/vitrine-rfrigre-58-l-43-cm\/#primaryimage"},"image":{"@id":"https:\/\/gastora.eu\/product\/vitrine-rfrigre-58-l-43-cm\/#primaryimage"},"thumbnailUrl":"https:\/\/gastora.eu\/wp-content\/uploads\/2026\/04\/sp-005-61656e615fa88.jpg","datePublished":"2026-04-25T17:29:36+00:00","dateModified":"2026-04-28T16:55:15+00:00","description":"Achetez Vitrine r\u00e9frig\u00e9r\u00e9e - 58 L - 43 cm au meilleur prix, fiable et performant avec une livraison rapide","breadcrumb":{"@id":"https:\/\/gastora.eu\/product\/vitrine-rfrigre-58-l-43-cm\/#breadcrumb"},"inLanguage":"en-US","potentialAction":[{"@type":"ReadAction","target":["https:\/\/gastora.eu\/product\/vitrine-rfrigre-58-l-43-cm\/"]}]},{"@type":"ImageObject","inLanguage":"en-US","@id":"https:\/\/gastora.eu\/product\/vitrine-rfrigre-58-l-43-cm\/#primaryimage","url":"https:\/\/gastora.eu\/wp-content\/uploads\/2026\/04\/sp-005-61656e615fa88.jpg","contentUrl":"https:\/\/gastora.eu\/wp-content\/uploads\/2026\/04\/sp-005-61656e615fa88.jpg","width":1024,"height":1024},{"@type":"BreadcrumbList","@id":"https:\/\/gastora.eu\/product\/vitrine-rfrigre-58-l-43-cm\/#breadcrumb","itemListElement":[{"@type":"ListItem","position":1,"name":"Home","item":"https:\/\/gastora.eu\/"},{"@type":"ListItem","position":2,"name":"Shop","item":"https:\/\/gastora.eu\/shop\/"},{"@type":"ListItem","position":3,"name":"Vitrine r\u00e9frig\u00e9r\u00e9e &#8211; 58 L &#8211; 43 cm"}]},{"@type":"WebSite","@id":"https:\/\/gastora.eu\/#website","url":"https:\/\/gastora.eu\/","name":"Gastora","description":"\u00c9quipements professionnels CHR","publisher":{"@id":"https:\/\/gastora.eu\/#organization"},"potentialAction":[{"@type":"SearchAction","target":{"@type":"EntryPoint","urlTemplate":"https:\/\/gastora.eu\/?s={search_term_string}"},"query-input":{"@type":"PropertyValueSpecification","valueRequired":true,"valueName":"search_term_string"}}],"inLanguage":"en-US"},{"@type":"Organization","@id":"https:\/\/gastora.eu\/#organization","name":"Gastora","url":"https:\/\/gastora.eu\/","logo":{"@type":"ImageObject","inLanguage":"en-US","@id":"https:\/\/gastora.eu\/#\/schema\/logo\/image\/","url":"https:\/\/gastora.eu\/wp-content\/uploads\/2025\/12\/ChatGPT-Image-2-janv.-2026-22_52_47-1.png","contentUrl":"https:\/\/gastora.eu\/wp-content\/uploads\/2025\/12\/ChatGPT-Image-2-janv.-2026-22_52_47-1.png","width":1536,"height":320,"caption":"Gastora"},"image":{"@id":"https:\/\/gastora.eu\/#\/schema\/logo\/image\/"}}]}},"jetpack_sharing_enabled":true,"_links":{"self":[{"href":"https:\/\/gastora.eu\/en\/wp-json\/wp\/v2\/product\/13769","targetHints":{"allow":["GET"]}}],"collection":[{"href":"https:\/\/gastora.eu\/en\/wp-json\/wp\/v2\/product"}],"about":[{"href":"https:\/\/gastora.eu\/en\/wp-json\/wp\/v2\/types\/product"}],"wp:featuredmedia":[{"embeddable":true,"href":"https:\/\/gastora.eu\/en\/wp-json\/wp\/v2\/media\/6286"}],"wp:attachment":[{"href":"https:\/\/gastora.eu\/en\/wp-json\/wp\/v2\/media?parent=13769"}],"wp:term":[{"taxonomy":"product_brand","embeddable":true,"href":"https:\/\/gastora.eu\/en\/wp-json\/wp\/v2\/product_brand?post=13769"},{"taxonomy":"product_cat","embeddable":true,"href":"https:\/\/gastora.eu\/en\/wp-json\/wp\/v2\/product_cat?post=13769"},{"taxonomy":"product_tag","embeddable":true,"href":"https:\/\/gastora.eu\/en\/wp-json\/wp\/v2\/product_tag?post=13769"}],"curies":[{"name":"wp","href":"https:\/\/api.w.org\/{rel}","templated":true}]}}