{"id":13762,"date":"2026-04-25T17:29:27","date_gmt":"2026-04-25T17:29:27","guid":{"rendered":"https:\/\/gastora.eu\/?post_type=product&#038;p=13762"},"modified":"2026-04-26T08:28:40","modified_gmt":"2026-04-26T08:28:40","slug":"rfrigrateur-de-prparation-de-comptoir-160-cm-sadapte-7-x-13-gn","status":"publish","type":"product","link":"https:\/\/gastora.eu\/en\/product\/rfrigrateur-de-prparation-de-comptoir-160-cm-sadapte-7-x-13-gn\/","title":{"rendered":"R\u00e9frig\u00e9rateur de pr\u00e9paration de comptoir &#8211; 160 cm &#8211; s&#8217;adapte \u00e0 7 x 1\/3 GN"},"content":{"rendered":"<p>Le r\u00e9frig\u00e9rateur de comptoir est id\u00e9al pour une utilisation quotidienne intensive dans toute cuisine professionnelle. Sept r\u00e9cipients GN 1\/3 peuvent y \u00eatre plac\u00e9s pour aider \u00e0 conserver les ingr\u00e9dients \u00e0 la bonne temp\u00e9rature et pr\u00eats \u00e0 \u00eatre utilis\u00e9s \u00e0 tout moment. Le r\u00e9frig\u00e9rateur de comptoir est bien adapt\u00e9 aux t\u00e2ches telles que le remplissage rapide de sandwichs, l&#8217;ajout de garnitures sur les pizzas ou la pr\u00e9paration de salades. Les r\u00e9cipients GN et les couvercles ne sont pas inclus, mais peuvent \u00eatre command\u00e9s s\u00e9par\u00e9ment sur notre site Web.<\/p>\n<h3>R\u00e9gulateur de temp\u00e9rature facile \u00e0 utiliser<\/h3>\n<p>Dans les cuisines de restauration, les \u00e9quipements de refroidissement sont essentiels pour conserver la fra\u00eecheur des aliments le plus longtemps possible. Gr\u00e2ce au r\u00e9gulateur de temp\u00e9rature num\u00e9rique de ce r\u00e9frig\u00e9rateur de pr\u00e9paration, vous pouvez facilement r\u00e9gler la temp\u00e9rature souhait\u00e9e entre 0 et 10\u00b0C, afin que les ingr\u00e9dients soient refroidis exactement \u00e0 la bonne temp\u00e9rature. Ce r\u00e9frig\u00e9rateur de pr\u00e9paration professionnel de comptoir peut \u00eatre utilis\u00e9 en toute s\u00e9curit\u00e9 \u00e0 des temp\u00e9ratures ambiantes allant jusqu&#8217;\u00e0 32\u00b0C. De plus, il est \u00e0 refroidissement statique. Les tuyaux situ\u00e9s dans les parois de l&#8217;unit\u00e9 de refroidissement utilisent le r\u00e9frig\u00e9rant R600a, exempt de CFC. Pour \u00e9viter la formation de glace, ce r\u00e9frig\u00e9rateur de pr\u00e9paration est \u00e9quip\u00e9 d&#8217;un cycle de refroidissement sp\u00e9cialis\u00e9 et d&#8217;un \u00e9vaporateur constant int\u00e9gr\u00e9.<\/p>\n<h3>Peut \u00eatre plac\u00e9 sur n&#8217;importe quelle surface<\/h3>\n<p>Lorsqu&#8217;il s&#8217;agit de la facilit\u00e9 d&#8217;utilisation d&#8217;un appareil, une chose est s\u00fbre : il doit \u00eatre tr\u00e8s facile \u00e0 manipuler. Cet \u00e9quipement de restauration haut de gamme est dot\u00e9 de pieds r\u00e9glables qui permettent de le placer sur presque n&#8217;importe quelle surface. Il reste ainsi ferme et stable, ce qui vous permet de l&#8217;utiliser sans craindre qu&#8217;il ne glisse. Il est \u00e9galement tr\u00e8s facile de garder le r\u00e9frig\u00e9rateur de pr\u00e9paration propre, un aspect important dans toute cuisine professionnelle. Il vous suffit d&#8217;un chiffon doux et d&#8217;eau chaude savonneuse pour essuyer le bo\u00eetier du r\u00e9frig\u00e9rateur de pr\u00e9paration.<\/p>\n<p><strong>Caract\u00e9ristiques<\/strong><\/p>\n<ul>\n<li>Bo\u00eetier en acier inoxydable<\/li>\n<li>Pieds r\u00e9glables<\/li>\n<li>Cycle de refroidissement sp\u00e9cial pour r\u00e9duire la formation de glace<\/li>\n<li>Syst\u00e8me anti-condensation<\/li>\n<li>Isolation protectrice compacte de 5 cm<\/li>\n<li>Livr\u00e9 avec deux barres transversales<\/li>\n<li>Contr\u00f4le digital de la temp\u00e9rature (Dixell)<\/li>\n<\/ul>\n<p><strong>Caract\u00e9ristiques du produit<\/strong><\/p>\n<ul>\n<li>Poids net : 32kg<\/li>\n<li>Dimensions : L160 x P39,5 x H43,5cm<\/li>\n<li>Capacit\u00e9 : Convient \u00e0 7 conteneurs GN de 1\/3<\/li>\n<li>Puissance : 230V \/ 50Hz \/ 1 Phase 200W<\/li>\n<\/ul>","protected":false},"excerpt":{"rendered":"<p>Ce r\u00e9frig\u00e9rateur de comptoir pour pr\u00e9paration en surface comprend un couvercle en verre et mesure 160 cm de large. Il offre un espace pour sept r\u00e9cipients Gastronorm de 1\/3 GN dans lesquels vous pouvez placer les ingr\u00e9dients dont vous avez besoin \u00e0 port\u00e9e de main et les garder au frais. Il comprend \u00e9galement un r\u00e9gulateur de temp\u00e9rature num\u00e9rique facile \u00e0 r\u00e9gler et \u00e0 lire.<\/p>","protected":false},"featured_media":6272,"template":"","meta":{"_acf_changed":false},"product_brand":[],"product_cat":[475],"product_tag":[],"class_list":{"0":"post-13762","1":"product","2":"type-product","3":"status-publish","4":"has-post-thumbnail","6":"product_cat-vitrines-refrigerees-2","8":"first","9":"instock","10":"sale","11":"taxable","12":"shipping-taxable","13":"purchasable","14":"product-type-simple"},"acf":[],"yoast_head":"<!-- This site is optimized with the Yoast SEO plugin v27.4 - https:\/\/yoast.com\/product\/yoast-seo-wordpress\/ -->\n<title>R\u00e9frig\u00e9rateur de pr\u00e9paration de comptoir - 160 cm - s&#039;adapte \u00e0 7 x 1\/3 GN - Gastora<\/title>\n<meta name=\"description\" content=\"Achetez R\u00e9frig\u00e9rateur de pr\u00e9paration de comptoir - 160 cm - s&#039;adapte \u00e0 7 x 1\/3 GN au meilleur prix, fiable et performant avec une livraison rapide\" \/>\n<meta name=\"robots\" content=\"index, follow, max-snippet:-1, max-image-preview:large, max-video-preview:-1\" \/>\n<link rel=\"canonical\" href=\"https:\/\/gastora.eu\/en\/product\/rfrigrateur-de-prparation-de-comptoir-160-cm-sadapte-7-x-13-gn\/\" \/>\n<meta property=\"og:locale\" content=\"en_US\" \/>\n<meta property=\"og:type\" content=\"article\" \/>\n<meta property=\"og:title\" content=\"R\u00e9frig\u00e9rateur de pr\u00e9paration de comptoir - 160 cm - s&#039;adapte \u00e0 7 x 1\/3 GN - Gastora\" \/>\n<meta property=\"og:description\" content=\"Achetez R\u00e9frig\u00e9rateur de pr\u00e9paration de comptoir - 160 cm - s&#039;adapte \u00e0 7 x 1\/3 GN au meilleur prix, fiable et performant avec une livraison rapide\" \/>\n<meta property=\"og:url\" content=\"https:\/\/gastora.eu\/en\/product\/rfrigrateur-de-prparation-de-comptoir-160-cm-sadapte-7-x-13-gn\/\" \/>\n<meta property=\"og:site_name\" content=\"Gastora\" \/>\n<meta property=\"article:modified_time\" content=\"2026-04-26T08:28:40+00:00\" \/>\n<meta name=\"twitter:card\" content=\"summary_large_image\" \/>\n<meta name=\"twitter:label1\" content=\"Est. reading time\" \/>\n\t<meta name=\"twitter:data1\" content=\"2 minutes\" \/>\n<script type=\"application\/ld+json\" class=\"yoast-schema-graph\">{\"@context\":\"https:\\\/\\\/schema.org\",\"@graph\":[{\"@type\":\"WebPage\",\"@id\":\"https:\\\/\\\/gastora.eu\\\/product\\\/rfrigrateur-de-prparation-de-comptoir-160-cm-sadapte-7-x-13-gn\\\/\",\"url\":\"https:\\\/\\\/gastora.eu\\\/product\\\/rfrigrateur-de-prparation-de-comptoir-160-cm-sadapte-7-x-13-gn\\\/\",\"name\":\"R\u00e9frig\u00e9rateur de pr\u00e9paration de comptoir - 160 cm - s'adapte \u00e0 7 x 1\\\/3 GN - Gastora\",\"isPartOf\":{\"@id\":\"https:\\\/\\\/gastora.eu\\\/#website\"},\"primaryImageOfPage\":{\"@id\":\"https:\\\/\\\/gastora.eu\\\/product\\\/rfrigrateur-de-prparation-de-comptoir-160-cm-sadapte-7-x-13-gn\\\/#primaryimage\"},\"image\":{\"@id\":\"https:\\\/\\\/gastora.eu\\\/product\\\/rfrigrateur-de-prparation-de-comptoir-160-cm-sadapte-7-x-13-gn\\\/#primaryimage\"},\"thumbnailUrl\":\"https:\\\/\\\/gastora.eu\\\/wp-content\\\/uploads\\\/2026\\\/04\\\/maxima-05-61656e6715619.jpg\",\"datePublished\":\"2026-04-25T17:29:27+00:00\",\"dateModified\":\"2026-04-26T08:28:40+00:00\",\"description\":\"Achetez R\u00e9frig\u00e9rateur de pr\u00e9paration de comptoir - 160 cm - s'adapte \u00e0 7 x 1\\\/3 GN au meilleur prix, fiable et performant avec une livraison rapide\",\"breadcrumb\":{\"@id\":\"https:\\\/\\\/gastora.eu\\\/product\\\/rfrigrateur-de-prparation-de-comptoir-160-cm-sadapte-7-x-13-gn\\\/#breadcrumb\"},\"inLanguage\":\"en-US\",\"potentialAction\":[{\"@type\":\"ReadAction\",\"target\":[\"https:\\\/\\\/gastora.eu\\\/product\\\/rfrigrateur-de-prparation-de-comptoir-160-cm-sadapte-7-x-13-gn\\\/\"]}]},{\"@type\":\"ImageObject\",\"inLanguage\":\"en-US\",\"@id\":\"https:\\\/\\\/gastora.eu\\\/product\\\/rfrigrateur-de-prparation-de-comptoir-160-cm-sadapte-7-x-13-gn\\\/#primaryimage\",\"url\":\"https:\\\/\\\/gastora.eu\\\/wp-content\\\/uploads\\\/2026\\\/04\\\/maxima-05-61656e6715619.jpg\",\"contentUrl\":\"https:\\\/\\\/gastora.eu\\\/wp-content\\\/uploads\\\/2026\\\/04\\\/maxima-05-61656e6715619.jpg\",\"width\":1024,\"height\":1024},{\"@type\":\"BreadcrumbList\",\"@id\":\"https:\\\/\\\/gastora.eu\\\/product\\\/rfrigrateur-de-prparation-de-comptoir-160-cm-sadapte-7-x-13-gn\\\/#breadcrumb\",\"itemListElement\":[{\"@type\":\"ListItem\",\"position\":1,\"name\":\"Home\",\"item\":\"https:\\\/\\\/gastora.eu\\\/\"},{\"@type\":\"ListItem\",\"position\":2,\"name\":\"Shop\",\"item\":\"https:\\\/\\\/gastora.eu\\\/shop\\\/\"},{\"@type\":\"ListItem\",\"position\":3,\"name\":\"R\u00e9frig\u00e9rateur de pr\u00e9paration de comptoir &#8211; 160 cm &#8211; s&#8217;adapte \u00e0 7 x 1\\\/3 GN\"}]},{\"@type\":\"WebSite\",\"@id\":\"https:\\\/\\\/gastora.eu\\\/#website\",\"url\":\"https:\\\/\\\/gastora.eu\\\/\",\"name\":\"Gastora\",\"description\":\"\u00c9quipements professionnels CHR\",\"publisher\":{\"@id\":\"https:\\\/\\\/gastora.eu\\\/#organization\"},\"potentialAction\":[{\"@type\":\"SearchAction\",\"target\":{\"@type\":\"EntryPoint\",\"urlTemplate\":\"https:\\\/\\\/gastora.eu\\\/?s={search_term_string}\"},\"query-input\":{\"@type\":\"PropertyValueSpecification\",\"valueRequired\":true,\"valueName\":\"search_term_string\"}}],\"inLanguage\":\"en-US\"},{\"@type\":\"Organization\",\"@id\":\"https:\\\/\\\/gastora.eu\\\/#organization\",\"name\":\"Gastora\",\"url\":\"https:\\\/\\\/gastora.eu\\\/\",\"logo\":{\"@type\":\"ImageObject\",\"inLanguage\":\"en-US\",\"@id\":\"https:\\\/\\\/gastora.eu\\\/#\\\/schema\\\/logo\\\/image\\\/\",\"url\":\"https:\\\/\\\/gastora.eu\\\/wp-content\\\/uploads\\\/2025\\\/12\\\/ChatGPT-Image-2-janv.-2026-22_52_47-1.png\",\"contentUrl\":\"https:\\\/\\\/gastora.eu\\\/wp-content\\\/uploads\\\/2025\\\/12\\\/ChatGPT-Image-2-janv.-2026-22_52_47-1.png\",\"width\":1536,\"height\":320,\"caption\":\"Gastora\"},\"image\":{\"@id\":\"https:\\\/\\\/gastora.eu\\\/#\\\/schema\\\/logo\\\/image\\\/\"}}]}<\/script>\n<!-- \/ Yoast SEO plugin. -->","yoast_head_json":{"title":"R\u00e9frig\u00e9rateur de pr\u00e9paration de comptoir - 160 cm - s'adapte \u00e0 7 x 1\/3 GN - Gastora","description":"Achetez R\u00e9frig\u00e9rateur de pr\u00e9paration de comptoir - 160 cm - s'adapte \u00e0 7 x 1\/3 GN au meilleur prix, fiable et performant avec une livraison rapide","robots":{"index":"index","follow":"follow","max-snippet":"max-snippet:-1","max-image-preview":"max-image-preview:large","max-video-preview":"max-video-preview:-1"},"canonical":"https:\/\/gastora.eu\/en\/product\/rfrigrateur-de-prparation-de-comptoir-160-cm-sadapte-7-x-13-gn\/","og_locale":"en_US","og_type":"article","og_title":"R\u00e9frig\u00e9rateur de pr\u00e9paration de comptoir - 160 cm - s'adapte \u00e0 7 x 1\/3 GN - Gastora","og_description":"Achetez R\u00e9frig\u00e9rateur de pr\u00e9paration de comptoir - 160 cm - s'adapte \u00e0 7 x 1\/3 GN au meilleur prix, fiable et performant avec une livraison rapide","og_url":"https:\/\/gastora.eu\/en\/product\/rfrigrateur-de-prparation-de-comptoir-160-cm-sadapte-7-x-13-gn\/","og_site_name":"Gastora","article_modified_time":"2026-04-26T08:28:40+00:00","twitter_card":"summary_large_image","twitter_misc":{"Est. reading time":"2 minutes"},"schema":{"@context":"https:\/\/schema.org","@graph":[{"@type":"WebPage","@id":"https:\/\/gastora.eu\/product\/rfrigrateur-de-prparation-de-comptoir-160-cm-sadapte-7-x-13-gn\/","url":"https:\/\/gastora.eu\/product\/rfrigrateur-de-prparation-de-comptoir-160-cm-sadapte-7-x-13-gn\/","name":"R\u00e9frig\u00e9rateur de pr\u00e9paration de comptoir - 160 cm - s'adapte \u00e0 7 x 1\/3 GN - Gastora","isPartOf":{"@id":"https:\/\/gastora.eu\/#website"},"primaryImageOfPage":{"@id":"https:\/\/gastora.eu\/product\/rfrigrateur-de-prparation-de-comptoir-160-cm-sadapte-7-x-13-gn\/#primaryimage"},"image":{"@id":"https:\/\/gastora.eu\/product\/rfrigrateur-de-prparation-de-comptoir-160-cm-sadapte-7-x-13-gn\/#primaryimage"},"thumbnailUrl":"https:\/\/gastora.eu\/wp-content\/uploads\/2026\/04\/maxima-05-61656e6715619.jpg","datePublished":"2026-04-25T17:29:27+00:00","dateModified":"2026-04-26T08:28:40+00:00","description":"Achetez R\u00e9frig\u00e9rateur de pr\u00e9paration de comptoir - 160 cm - s'adapte \u00e0 7 x 1\/3 GN au meilleur prix, fiable et performant avec une livraison rapide","breadcrumb":{"@id":"https:\/\/gastora.eu\/product\/rfrigrateur-de-prparation-de-comptoir-160-cm-sadapte-7-x-13-gn\/#breadcrumb"},"inLanguage":"en-US","potentialAction":[{"@type":"ReadAction","target":["https:\/\/gastora.eu\/product\/rfrigrateur-de-prparation-de-comptoir-160-cm-sadapte-7-x-13-gn\/"]}]},{"@type":"ImageObject","inLanguage":"en-US","@id":"https:\/\/gastora.eu\/product\/rfrigrateur-de-prparation-de-comptoir-160-cm-sadapte-7-x-13-gn\/#primaryimage","url":"https:\/\/gastora.eu\/wp-content\/uploads\/2026\/04\/maxima-05-61656e6715619.jpg","contentUrl":"https:\/\/gastora.eu\/wp-content\/uploads\/2026\/04\/maxima-05-61656e6715619.jpg","width":1024,"height":1024},{"@type":"BreadcrumbList","@id":"https:\/\/gastora.eu\/product\/rfrigrateur-de-prparation-de-comptoir-160-cm-sadapte-7-x-13-gn\/#breadcrumb","itemListElement":[{"@type":"ListItem","position":1,"name":"Home","item":"https:\/\/gastora.eu\/"},{"@type":"ListItem","position":2,"name":"Shop","item":"https:\/\/gastora.eu\/shop\/"},{"@type":"ListItem","position":3,"name":"R\u00e9frig\u00e9rateur de pr\u00e9paration de comptoir &#8211; 160 cm &#8211; s&#8217;adapte \u00e0 7 x 1\/3 GN"}]},{"@type":"WebSite","@id":"https:\/\/gastora.eu\/#website","url":"https:\/\/gastora.eu\/","name":"Gastora","description":"\u00c9quipements professionnels CHR","publisher":{"@id":"https:\/\/gastora.eu\/#organization"},"potentialAction":[{"@type":"SearchAction","target":{"@type":"EntryPoint","urlTemplate":"https:\/\/gastora.eu\/?s={search_term_string}"},"query-input":{"@type":"PropertyValueSpecification","valueRequired":true,"valueName":"search_term_string"}}],"inLanguage":"en-US"},{"@type":"Organization","@id":"https:\/\/gastora.eu\/#organization","name":"Gastora","url":"https:\/\/gastora.eu\/","logo":{"@type":"ImageObject","inLanguage":"en-US","@id":"https:\/\/gastora.eu\/#\/schema\/logo\/image\/","url":"https:\/\/gastora.eu\/wp-content\/uploads\/2025\/12\/ChatGPT-Image-2-janv.-2026-22_52_47-1.png","contentUrl":"https:\/\/gastora.eu\/wp-content\/uploads\/2025\/12\/ChatGPT-Image-2-janv.-2026-22_52_47-1.png","width":1536,"height":320,"caption":"Gastora"},"image":{"@id":"https:\/\/gastora.eu\/#\/schema\/logo\/image\/"}}]}},"jetpack_sharing_enabled":true,"_links":{"self":[{"href":"https:\/\/gastora.eu\/en\/wp-json\/wp\/v2\/product\/13762","targetHints":{"allow":["GET"]}}],"collection":[{"href":"https:\/\/gastora.eu\/en\/wp-json\/wp\/v2\/product"}],"about":[{"href":"https:\/\/gastora.eu\/en\/wp-json\/wp\/v2\/types\/product"}],"wp:featuredmedia":[{"embeddable":true,"href":"https:\/\/gastora.eu\/en\/wp-json\/wp\/v2\/media\/6272"}],"wp:attachment":[{"href":"https:\/\/gastora.eu\/en\/wp-json\/wp\/v2\/media?parent=13762"}],"wp:term":[{"taxonomy":"product_brand","embeddable":true,"href":"https:\/\/gastora.eu\/en\/wp-json\/wp\/v2\/product_brand?post=13762"},{"taxonomy":"product_cat","embeddable":true,"href":"https:\/\/gastora.eu\/en\/wp-json\/wp\/v2\/product_cat?post=13762"},{"taxonomy":"product_tag","embeddable":true,"href":"https:\/\/gastora.eu\/en\/wp-json\/wp\/v2\/product_tag?post=13762"}],"curies":[{"name":"wp","href":"https:\/\/api.w.org\/{rel}","templated":true}]}}