{"id":13753,"date":"2026-04-25T17:29:17","date_gmt":"2026-04-25T17:29:17","guid":{"rendered":"https:\/\/gastora.eu\/?post_type=product&#038;p=13753"},"modified":"2026-04-28T16:55:13","modified_gmt":"2026-04-28T16:55:13","slug":"conglateur-rapide-sadapte-5-x-11-gn","status":"publish","type":"product","link":"https:\/\/gastora.eu\/en\/product\/conglateur-rapide-sadapte-5-x-11-gn\/","title":{"rendered":"Cong\u00e9lateur rapide &#8211; s&#8217;adapte \u00e0 5 x 1\/1 GN"},"content":{"rendered":"<p>L&#8217;utilisation d&#8217;un refroidisseur \u00e0 air pr\u00e9sente plusieurs avantages pour les entreprises de restauration. Elle permet d&#8217;\u00e9viter les contaminations bact\u00e9riennes et de maintenir la qualit\u00e9 de vos plats \u00e0 un niveau aussi \u00e9lev\u00e9 que possible, et ce plus longtemps. En refroidissant ou en congelant rapidement les produits, vous \u00e9vitez la formation de gros cristaux. En outre, la perte de go\u00fbt, d&#8217;humidit\u00e9 et de poids est minime. L&#8217;utilisation de ce refroidisseur rapide permet de conserver plus longtemps les plats pr\u00e9par\u00e9s et de r\u00e9duire le gaspillage alimentaire. Ce refroidisseur \u00e0 air peut \u00eatre utilis\u00e9 avec des plateaux GN ou des plateaux Bakerynorm. Vous pouvez y placer des plateaux Bakerynorm de 5 x 1\/1 ou de 40 x 60. Celles-ci ne sont pas fournies mais peuvent \u00eatre command\u00e9es s\u00e9par\u00e9ment.<\/p>\n<h3>Refroidissement et cong\u00e9lation rapides<\/h3>\n<p>D\u00e8s que vous placez des aliments dans ce refroidisseur professionnel \u00e0 air puls\u00e9, ils commencent \u00e0 refroidir. En 90 minutes, les aliments peuvent \u00eatre refroidis \u00e0 3\u00baC et en quatre heures environ, ils peuvent \u00eatre refroidis davantage et congel\u00e9s \u00e0 -18\u00baC. La temp\u00e9rature souhait\u00e9e peut \u00eatre r\u00e9gl\u00e9e \u00e0 l&#8217;aide du r\u00e9gulateur de temp\u00e9rature num\u00e9rique intelligent. Ce refroidisseur \u00e0 air est \u00e9galement \u00e9quip\u00e9 d&#8217;un thermom\u00e8tre \u00e0 c\u0153ur et peut \u00eatre utilis\u00e9 dans des environnements o\u00f9 la temp\u00e9rature ambiante ne d\u00e9passe pas 32\u00b0C. Il est \u00e9galement mont\u00e9 sur roulettes pour faciliter son transport. Il est \u00e9galement mont\u00e9 sur roulettes pour faciliter le transport de cet \u00e9quipement haut de gamme. Il est \u00e9quip\u00e9 d&#8217;une porte \u00e0 fermeture automatique avec un joint en caoutchouc antibact\u00e9rien et, \u00e0 l&#8217;int\u00e9rieur du refroidisseur, tous les coins ont \u00e9t\u00e9 arrondis pour faciliter le nettoyage. Le syst\u00e8me de refroidissement se compose d&#8217;un \u00e9vaporateur \u00e0 eau et le r\u00e9frig\u00e9rant utilis\u00e9 est le R290, exempt de CFC. Ce refroidisseur \u00e0 air comprim\u00e9 est \u00e9galement dot\u00e9 d&#8217;une fonction de d\u00e9givrage automatique.<\/p>\n<h3>Facile \u00e0 nettoyer<\/h3>\n<p>Pour nettoyer cet appareil, il est important de le d\u00e9givrer au pr\u00e9alable. La temp\u00e9rature dans le refroidisseur doit \u00eatre la m\u00eame que la temp\u00e9rature ambiante avant de commencer le nettoyage. Apr\u00e8s avoir d\u00e9givr\u00e9 le refroidisseur, utilisez un chiffon humide, de l&#8217;eau ti\u00e8de et un d\u00e9tergent doux pour tout essuyer et nettoyer l&#8217;appareil en profondeur. Essayez d&#8217;utiliser le moins d&#8217;eau possible afin de conserver le rev\u00eatement de l&#8217;appareil en bon \u00e9tat et d&#8217;\u00e9viter la rouille \u00e0 l&#8217;int\u00e9rieur. Apr\u00e8s le nettoyage, s\u00e9chez le tout avec un chiffon doux avant de rebrancher l&#8217;appareil \u00e0 une source d&#8217;alimentation \u00e9lectrique.<\/p>\n<p><strong>Caract\u00e9ristiques<\/strong><\/p>\n<ul>\n<li>Bo\u00eetier et int\u00e9rieur en acier inoxydable (AISI 304)<\/li>\n<li>D\u00e9givrage automatique<\/li>\n<li>\u00c9vaporateur d&#8217;eau de refroidissement<\/li>\n<li>Contr\u00f4le num\u00e9rique intelligent de la temp\u00e9rature<\/li>\n<li>Finition luxueuse avec poign\u00e9e encastr\u00e9e<\/li>\n<li>Isolation protectrice compacte de 6 cm<\/li>\n<\/ul>\n<p><strong>Caract\u00e9ristiques du produit<\/strong><\/p>\n<ul>\n<li>Poids net : 108 kg<\/li>\n<li>Dimensions int\u00e9rieures : L67 x P40 x H39cm<\/li>\n<li>Dimensions ext\u00e9rieures : L80 x P80 x H93cm<\/li>\n<li>Distance entre les plateaux : 4cm<\/li>\n<li>Refroidissement rapide : de 70 \u00e0 3\u00b0C en 90 min pour 20kg<\/li>\n<li>Cong\u00e9lation rapide : de 70 \u00e0 -18\u00b0C en 240 min pour 15kg<\/li>\n<li>230V \/ 50Hz \/ 1 Phase 750W<\/li>\n<\/ul>","protected":false},"excerpt":{"rendered":"<p>Ce refroidisseur professionnel \u00e0 air puls\u00e9 vous permet de refroidir ou de congeler des aliments rapidement et efficacement. Il peut contenir 5 plateaux GN de 1\/1 ou 40 plateaux Bakerynorm de 60 cm remplis d&#8217;aliments. Il s&#8217;int\u00e8gre parfaitement dans toute cuisine de restauration, notamment dans les h\u00f4tels, les restaurants, les caf\u00e9s et les cantines.<\/p>","protected":false},"featured_media":6254,"template":"","meta":{"_acf_changed":false},"product_brand":[],"product_cat":[474],"product_tag":[],"class_list":{"0":"post-13753","1":"product","2":"type-product","3":"status-publish","4":"has-post-thumbnail","6":"product_cat-armoires-refrigerees-positif-negatif-2","8":"first","9":"instock","10":"sale","11":"taxable","12":"shipping-taxable","13":"purchasable","14":"product-type-simple"},"acf":[],"yoast_head":"<!-- This site is optimized with the Yoast SEO plugin v27.5 - https:\/\/yoast.com\/product\/yoast-seo-wordpress\/ -->\n<title>Cong\u00e9lateur rapide - s&#039;adapte \u00e0 5 x 1\/1 GN - Gastora<\/title>\n<meta name=\"description\" content=\"Achetez Cong\u00e9lateur rapide - s&#039;adapte \u00e0 5 x 1\/1 GN au meilleur prix, fiable et performant avec une livraison rapide\" \/>\n<meta name=\"robots\" content=\"index, follow, max-snippet:-1, max-image-preview:large, max-video-preview:-1\" \/>\n<link rel=\"canonical\" href=\"https:\/\/gastora.eu\/en\/product\/conglateur-rapide-sadapte-5-x-11-gn\/\" \/>\n<meta property=\"og:locale\" content=\"en_US\" \/>\n<meta property=\"og:type\" content=\"article\" \/>\n<meta property=\"og:title\" content=\"Cong\u00e9lateur rapide - s&#039;adapte \u00e0 5 x 1\/1 GN - Gastora\" \/>\n<meta property=\"og:description\" content=\"Achetez Cong\u00e9lateur rapide - s&#039;adapte \u00e0 5 x 1\/1 GN au meilleur prix, fiable et performant avec une livraison rapide\" \/>\n<meta property=\"og:url\" content=\"https:\/\/gastora.eu\/en\/product\/conglateur-rapide-sadapte-5-x-11-gn\/\" \/>\n<meta property=\"og:site_name\" content=\"Gastora\" \/>\n<meta property=\"article:modified_time\" content=\"2026-04-28T16:55:13+00:00\" \/>\n<meta name=\"twitter:card\" content=\"summary_large_image\" \/>\n<meta name=\"twitter:label1\" content=\"Est. reading time\" \/>\n\t<meta name=\"twitter:data1\" content=\"3 minutes\" \/>\n<script type=\"application\/ld+json\" class=\"yoast-schema-graph\">{\"@context\":\"https:\\\/\\\/schema.org\",\"@graph\":[{\"@type\":\"WebPage\",\"@id\":\"https:\\\/\\\/gastora.eu\\\/product\\\/conglateur-rapide-sadapte-5-x-11-gn\\\/\",\"url\":\"https:\\\/\\\/gastora.eu\\\/product\\\/conglateur-rapide-sadapte-5-x-11-gn\\\/\",\"name\":\"Cong\u00e9lateur rapide - s'adapte \u00e0 5 x 1\\\/1 GN - Gastora\",\"isPartOf\":{\"@id\":\"https:\\\/\\\/gastora.eu\\\/#website\"},\"primaryImageOfPage\":{\"@id\":\"https:\\\/\\\/gastora.eu\\\/product\\\/conglateur-rapide-sadapte-5-x-11-gn\\\/#primaryimage\"},\"image\":{\"@id\":\"https:\\\/\\\/gastora.eu\\\/product\\\/conglateur-rapide-sadapte-5-x-11-gn\\\/#primaryimage\"},\"thumbnailUrl\":\"https:\\\/\\\/gastora.eu\\\/wp-content\\\/uploads\\\/2026\\\/04\\\/sp-05-61656e65887bf.jpg\",\"datePublished\":\"2026-04-25T17:29:17+00:00\",\"dateModified\":\"2026-04-28T16:55:13+00:00\",\"description\":\"Achetez Cong\u00e9lateur rapide - s'adapte \u00e0 5 x 1\\\/1 GN au meilleur prix, fiable et performant avec une livraison rapide\",\"breadcrumb\":{\"@id\":\"https:\\\/\\\/gastora.eu\\\/product\\\/conglateur-rapide-sadapte-5-x-11-gn\\\/#breadcrumb\"},\"inLanguage\":\"en-US\",\"potentialAction\":[{\"@type\":\"ReadAction\",\"target\":[\"https:\\\/\\\/gastora.eu\\\/product\\\/conglateur-rapide-sadapte-5-x-11-gn\\\/\"]}]},{\"@type\":\"ImageObject\",\"inLanguage\":\"en-US\",\"@id\":\"https:\\\/\\\/gastora.eu\\\/product\\\/conglateur-rapide-sadapte-5-x-11-gn\\\/#primaryimage\",\"url\":\"https:\\\/\\\/gastora.eu\\\/wp-content\\\/uploads\\\/2026\\\/04\\\/sp-05-61656e65887bf.jpg\",\"contentUrl\":\"https:\\\/\\\/gastora.eu\\\/wp-content\\\/uploads\\\/2026\\\/04\\\/sp-05-61656e65887bf.jpg\",\"width\":1024,\"height\":1024},{\"@type\":\"BreadcrumbList\",\"@id\":\"https:\\\/\\\/gastora.eu\\\/product\\\/conglateur-rapide-sadapte-5-x-11-gn\\\/#breadcrumb\",\"itemListElement\":[{\"@type\":\"ListItem\",\"position\":1,\"name\":\"Home\",\"item\":\"https:\\\/\\\/gastora.eu\\\/\"},{\"@type\":\"ListItem\",\"position\":2,\"name\":\"Shop\",\"item\":\"https:\\\/\\\/gastora.eu\\\/shop\\\/\"},{\"@type\":\"ListItem\",\"position\":3,\"name\":\"Cong\u00e9lateur rapide &#8211; s&#8217;adapte \u00e0 5 x 1\\\/1 GN\"}]},{\"@type\":\"WebSite\",\"@id\":\"https:\\\/\\\/gastora.eu\\\/#website\",\"url\":\"https:\\\/\\\/gastora.eu\\\/\",\"name\":\"Gastora\",\"description\":\"\u00c9quipements professionnels CHR\",\"publisher\":{\"@id\":\"https:\\\/\\\/gastora.eu\\\/#organization\"},\"potentialAction\":[{\"@type\":\"SearchAction\",\"target\":{\"@type\":\"EntryPoint\",\"urlTemplate\":\"https:\\\/\\\/gastora.eu\\\/?s={search_term_string}\"},\"query-input\":{\"@type\":\"PropertyValueSpecification\",\"valueRequired\":true,\"valueName\":\"search_term_string\"}}],\"inLanguage\":\"en-US\"},{\"@type\":\"Organization\",\"@id\":\"https:\\\/\\\/gastora.eu\\\/#organization\",\"name\":\"Gastora\",\"url\":\"https:\\\/\\\/gastora.eu\\\/\",\"logo\":{\"@type\":\"ImageObject\",\"inLanguage\":\"en-US\",\"@id\":\"https:\\\/\\\/gastora.eu\\\/#\\\/schema\\\/logo\\\/image\\\/\",\"url\":\"https:\\\/\\\/gastora.eu\\\/wp-content\\\/uploads\\\/2025\\\/12\\\/ChatGPT-Image-2-janv.-2026-22_52_47-1.png\",\"contentUrl\":\"https:\\\/\\\/gastora.eu\\\/wp-content\\\/uploads\\\/2025\\\/12\\\/ChatGPT-Image-2-janv.-2026-22_52_47-1.png\",\"width\":1536,\"height\":320,\"caption\":\"Gastora\"},\"image\":{\"@id\":\"https:\\\/\\\/gastora.eu\\\/#\\\/schema\\\/logo\\\/image\\\/\"}}]}<\/script>\n<!-- \/ Yoast SEO plugin. -->","yoast_head_json":{"title":"Cong\u00e9lateur rapide - s'adapte \u00e0 5 x 1\/1 GN - Gastora","description":"Achetez Cong\u00e9lateur rapide - s'adapte \u00e0 5 x 1\/1 GN au meilleur prix, fiable et performant avec une livraison rapide","robots":{"index":"index","follow":"follow","max-snippet":"max-snippet:-1","max-image-preview":"max-image-preview:large","max-video-preview":"max-video-preview:-1"},"canonical":"https:\/\/gastora.eu\/en\/product\/conglateur-rapide-sadapte-5-x-11-gn\/","og_locale":"en_US","og_type":"article","og_title":"Cong\u00e9lateur rapide - s'adapte \u00e0 5 x 1\/1 GN - Gastora","og_description":"Achetez Cong\u00e9lateur rapide - s'adapte \u00e0 5 x 1\/1 GN au meilleur prix, fiable et performant avec une livraison rapide","og_url":"https:\/\/gastora.eu\/en\/product\/conglateur-rapide-sadapte-5-x-11-gn\/","og_site_name":"Gastora","article_modified_time":"2026-04-28T16:55:13+00:00","twitter_card":"summary_large_image","twitter_misc":{"Est. reading time":"3 minutes"},"schema":{"@context":"https:\/\/schema.org","@graph":[{"@type":"WebPage","@id":"https:\/\/gastora.eu\/product\/conglateur-rapide-sadapte-5-x-11-gn\/","url":"https:\/\/gastora.eu\/product\/conglateur-rapide-sadapte-5-x-11-gn\/","name":"Cong\u00e9lateur rapide - s'adapte \u00e0 5 x 1\/1 GN - Gastora","isPartOf":{"@id":"https:\/\/gastora.eu\/#website"},"primaryImageOfPage":{"@id":"https:\/\/gastora.eu\/product\/conglateur-rapide-sadapte-5-x-11-gn\/#primaryimage"},"image":{"@id":"https:\/\/gastora.eu\/product\/conglateur-rapide-sadapte-5-x-11-gn\/#primaryimage"},"thumbnailUrl":"https:\/\/gastora.eu\/wp-content\/uploads\/2026\/04\/sp-05-61656e65887bf.jpg","datePublished":"2026-04-25T17:29:17+00:00","dateModified":"2026-04-28T16:55:13+00:00","description":"Achetez Cong\u00e9lateur rapide - s'adapte \u00e0 5 x 1\/1 GN au meilleur prix, fiable et performant avec une livraison rapide","breadcrumb":{"@id":"https:\/\/gastora.eu\/product\/conglateur-rapide-sadapte-5-x-11-gn\/#breadcrumb"},"inLanguage":"en-US","potentialAction":[{"@type":"ReadAction","target":["https:\/\/gastora.eu\/product\/conglateur-rapide-sadapte-5-x-11-gn\/"]}]},{"@type":"ImageObject","inLanguage":"en-US","@id":"https:\/\/gastora.eu\/product\/conglateur-rapide-sadapte-5-x-11-gn\/#primaryimage","url":"https:\/\/gastora.eu\/wp-content\/uploads\/2026\/04\/sp-05-61656e65887bf.jpg","contentUrl":"https:\/\/gastora.eu\/wp-content\/uploads\/2026\/04\/sp-05-61656e65887bf.jpg","width":1024,"height":1024},{"@type":"BreadcrumbList","@id":"https:\/\/gastora.eu\/product\/conglateur-rapide-sadapte-5-x-11-gn\/#breadcrumb","itemListElement":[{"@type":"ListItem","position":1,"name":"Home","item":"https:\/\/gastora.eu\/"},{"@type":"ListItem","position":2,"name":"Shop","item":"https:\/\/gastora.eu\/shop\/"},{"@type":"ListItem","position":3,"name":"Cong\u00e9lateur rapide &#8211; s&#8217;adapte \u00e0 5 x 1\/1 GN"}]},{"@type":"WebSite","@id":"https:\/\/gastora.eu\/#website","url":"https:\/\/gastora.eu\/","name":"Gastora","description":"\u00c9quipements professionnels CHR","publisher":{"@id":"https:\/\/gastora.eu\/#organization"},"potentialAction":[{"@type":"SearchAction","target":{"@type":"EntryPoint","urlTemplate":"https:\/\/gastora.eu\/?s={search_term_string}"},"query-input":{"@type":"PropertyValueSpecification","valueRequired":true,"valueName":"search_term_string"}}],"inLanguage":"en-US"},{"@type":"Organization","@id":"https:\/\/gastora.eu\/#organization","name":"Gastora","url":"https:\/\/gastora.eu\/","logo":{"@type":"ImageObject","inLanguage":"en-US","@id":"https:\/\/gastora.eu\/#\/schema\/logo\/image\/","url":"https:\/\/gastora.eu\/wp-content\/uploads\/2025\/12\/ChatGPT-Image-2-janv.-2026-22_52_47-1.png","contentUrl":"https:\/\/gastora.eu\/wp-content\/uploads\/2025\/12\/ChatGPT-Image-2-janv.-2026-22_52_47-1.png","width":1536,"height":320,"caption":"Gastora"},"image":{"@id":"https:\/\/gastora.eu\/#\/schema\/logo\/image\/"}}]}},"jetpack_sharing_enabled":true,"_links":{"self":[{"href":"https:\/\/gastora.eu\/en\/wp-json\/wp\/v2\/product\/13753","targetHints":{"allow":["GET"]}}],"collection":[{"href":"https:\/\/gastora.eu\/en\/wp-json\/wp\/v2\/product"}],"about":[{"href":"https:\/\/gastora.eu\/en\/wp-json\/wp\/v2\/types\/product"}],"wp:featuredmedia":[{"embeddable":true,"href":"https:\/\/gastora.eu\/en\/wp-json\/wp\/v2\/media\/6254"}],"wp:attachment":[{"href":"https:\/\/gastora.eu\/en\/wp-json\/wp\/v2\/media?parent=13753"}],"wp:term":[{"taxonomy":"product_brand","embeddable":true,"href":"https:\/\/gastora.eu\/en\/wp-json\/wp\/v2\/product_brand?post=13753"},{"taxonomy":"product_cat","embeddable":true,"href":"https:\/\/gastora.eu\/en\/wp-json\/wp\/v2\/product_cat?post=13753"},{"taxonomy":"product_tag","embeddable":true,"href":"https:\/\/gastora.eu\/en\/wp-json\/wp\/v2\/product_tag?post=13753"}],"curies":[{"name":"wp","href":"https:\/\/api.w.org\/{rel}","templated":true}]}}