{"id":13748,"date":"2026-04-25T17:29:12","date_gmt":"2026-04-25T17:29:12","guid":{"rendered":"https:\/\/gastora.eu\/?post_type=product&#038;p=13748"},"modified":"2026-04-28T16:55:12","modified_gmt":"2026-04-28T16:55:12","slug":"rfrigrateur-boissons-3-portes-battantes-6-tagres-rglables","status":"publish","type":"product","link":"https:\/\/gastora.eu\/en\/product\/rfrigrateur-boissons-3-portes-battantes-6-tagres-rglables\/","title":{"rendered":"R\u00e9frig\u00e9rateur \u00e0 boissons &#8211; 3 portes battantes &#8211; 6 \u00e9tag\u00e8res r\u00e9glables"},"content":{"rendered":"<p>Pour pr\u00e9senter des boissons et des en-cas de mani\u00e8re professionnelle tout en les gardant au frais, vous avez besoin de ce r\u00e9frig\u00e9rateur \u00e0 boissons noir aux finitions luxueuses. D&#8217;une capacit\u00e9 de 323 litres, il est \u00e9quip\u00e9 de trois portes \u00e0 charni\u00e8res pour un acc\u00e8s facile. Celles-ci sont dot\u00e9es d&#8217;un double vitrage pour maintenir les produits parfaitement r\u00e9frig\u00e9r\u00e9s jusqu&#8217;\u00e0 ce qu&#8217;ils soient utilis\u00e9s. Toutes les portes sont \u00e9quip\u00e9es d&#8217;une serrure pour fermer compl\u00e8tement le r\u00e9frig\u00e9rateur. Derri\u00e8re chaque porte se trouvent deux \u00e9tag\u00e8res r\u00e9glables qui vous permettent de personnaliser l&#8217;agencement en fonction de vos besoins. Pour mettre encore mieux en valeur les produits contenus dans le r\u00e9frig\u00e9rateur pour boissons, celui-ci est dot\u00e9 d&#8217;un \u00e9clairage LED int\u00e9gr\u00e9.<\/p>\n<h3>Syst\u00e8me de refroidissement sp\u00e9cialis\u00e9<\/h3>\n<p>Les parois int\u00e9rieures de ce r\u00e9frig\u00e9rateur sont recouvertes d&#8217;une couche protectrice en aluminium pour \u00e9viter d&#8217;endommager le syst\u00e8me de refroidissement. Ce r\u00e9frig\u00e9rateur est refroidi par air et contient un ventilateur, ainsi qu&#8217;un cycle de refroidissement sp\u00e9cialis\u00e9 pour r\u00e9duire la formation de glace. Il utilise le r\u00e9frig\u00e9rant R600a, qui ne contient pas de CFC. Gr\u00e2ce au r\u00e9gulateur de temp\u00e9rature num\u00e9rique, vous pouvez r\u00e9gler la temp\u00e9rature dans une plage comprise entre 0 et 12\u00b0C, tandis que la temp\u00e9rature ambiante de la pi\u00e8ce peut atteindre 32\u00b0C. Ce r\u00e9frig\u00e9rateur professionnel pour boissons est \u00e9quip\u00e9 de pieds r\u00e9glables qui permettent de le placer fermement sur n&#8217;importe quelle surface.<\/p>\n<h3>Facile \u00e0 nettoyer<\/h3>\n<p>Le nettoyage des appareils de cuisine doit \u00eatre une t\u00e2che simple et rapide. Effectu\u00e9 r\u00e9guli\u00e8rement, il peut prolonger la dur\u00e9e de vie de vos appareils. Avec ce r\u00e9frig\u00e9rateur pour boissons, le nettoyage des clayettes et de l&#8217;int\u00e9rieur est une t\u00e2che simple et rapide. Tout d&#8217;abord, retirez les clayettes du r\u00e9frig\u00e9rateur et nettoyez-les \u00e0 l&#8217;aide d&#8217;une \u00e9ponge et d&#8217;eau chaude savonneuse. Rincez bien pour \u00e9liminer tout r\u00e9sidu de savon, puis s\u00e9chez. Les parois int\u00e9rieures sont recouvertes d&#8217;une couche protectrice en aluminium et sont faciles \u00e0 nettoyer \u00e0 l&#8217;aide d&#8217;un chiffon humide et d&#8217;un d\u00e9tergent doux.<\/p>\n<p><strong>Caract\u00e9ristiques<\/strong><\/p>\n<ul>\n<li>Trois portes \u00e0 charni\u00e8res avec double vitrage<\/li>\n<li>Isolation protectrice compacte de 32 mm<\/li>\n<li>Eclairage LED \u00e0 l&#8217;int\u00e9rieur<\/li>\n<li>R\u00e9gulateur de temp\u00e9rature num\u00e9rique Dixell<\/li>\n<li>Deux \u00e9tag\u00e8res r\u00e9glables en acier inoxydable par porte<\/li>\n<li>Int\u00e9rieur rev\u00eatu d&#8217;aluminium<\/li>\n<\/ul>\n<p><strong>Caract\u00e9ristiques du produit<\/strong><\/p>\n<ul>\n<li>Poids net : 120kg<\/li>\n<li>Capacit\u00e9 nette : 323L<\/li>\n<li>Couleur : noir<\/li>\n<li>Dimensions int\u00e9rieures : L128,6 x P37 x H62cm<\/li>\n<li>Dimensions ext\u00e9rieures : L135 x P51,5 x H85cm<\/li>\n<li>230V \/ 50Hz \/ 1 phase 250W<\/li>\n<\/ul>","protected":false},"excerpt":{"rendered":"<p>Cet \u00e9l\u00e9gant r\u00e9frig\u00e9rateur noir pour boissons est dot\u00e9 de trois portes \u00e0 charni\u00e8res et offre beaucoup d&#8217;espace pour stocker des bouteilles, des canettes et m\u00eame des snacks. Gr\u00e2ce au r\u00e9gulateur de temp\u00e9rature num\u00e9rique, vous pouvez r\u00e9gler avec pr\u00e9cision la temp\u00e9rature entre 0 et 12\u00b0C pour que les produits soient parfaitement r\u00e9frig\u00e9r\u00e9s jusqu&#8217;\u00e0 leur utilisation.<\/p>","protected":false},"featured_media":6244,"template":"","meta":{"_acf_changed":false},"product_brand":[],"product_cat":[472],"product_tag":[],"class_list":{"0":"post-13748","1":"product","2":"type-product","3":"status-publish","4":"has-post-thumbnail","6":"product_cat-armoires-a-boissons-2","8":"first","9":"instock","10":"sale","11":"taxable","12":"shipping-taxable","13":"purchasable","14":"product-type-simple"},"acf":[],"yoast_head":"<!-- This site is optimized with the Yoast SEO plugin v27.5 - https:\/\/yoast.com\/product\/yoast-seo-wordpress\/ -->\n<title>R\u00e9frig\u00e9rateur \u00e0 boissons - 3 portes battantes - 6 \u00e9tag\u00e8res r\u00e9glables - Gastora<\/title>\n<meta name=\"description\" content=\"Achetez R\u00e9frig\u00e9rateur \u00e0 boissons - 3 portes battantes - 6 \u00e9tag\u00e8res r\u00e9glables au meilleur prix, fiable et performant avec une livraison rapide\" \/>\n<meta name=\"robots\" content=\"index, follow, max-snippet:-1, max-image-preview:large, max-video-preview:-1\" \/>\n<link rel=\"canonical\" href=\"https:\/\/gastora.eu\/en\/product\/rfrigrateur-boissons-3-portes-battantes-6-tagres-rglables\/\" \/>\n<meta property=\"og:locale\" content=\"en_US\" \/>\n<meta property=\"og:type\" content=\"article\" \/>\n<meta property=\"og:title\" content=\"R\u00e9frig\u00e9rateur \u00e0 boissons - 3 portes battantes - 6 \u00e9tag\u00e8res r\u00e9glables - Gastora\" \/>\n<meta property=\"og:description\" content=\"Achetez R\u00e9frig\u00e9rateur \u00e0 boissons - 3 portes battantes - 6 \u00e9tag\u00e8res r\u00e9glables au meilleur prix, fiable et performant avec une livraison rapide\" \/>\n<meta property=\"og:url\" content=\"https:\/\/gastora.eu\/en\/product\/rfrigrateur-boissons-3-portes-battantes-6-tagres-rglables\/\" \/>\n<meta property=\"og:site_name\" content=\"Gastora\" \/>\n<meta property=\"article:modified_time\" content=\"2026-04-28T16:55:12+00:00\" \/>\n<meta name=\"twitter:card\" content=\"summary_large_image\" \/>\n<meta name=\"twitter:label1\" content=\"Est. reading time\" \/>\n\t<meta name=\"twitter:data1\" content=\"2 minutes\" \/>\n<script type=\"application\/ld+json\" class=\"yoast-schema-graph\">{\"@context\":\"https:\\\/\\\/schema.org\",\"@graph\":[{\"@type\":\"WebPage\",\"@id\":\"https:\\\/\\\/gastora.eu\\\/product\\\/rfrigrateur-boissons-3-portes-battantes-6-tagres-rglables\\\/\",\"url\":\"https:\\\/\\\/gastora.eu\\\/product\\\/rfrigrateur-boissons-3-portes-battantes-6-tagres-rglables\\\/\",\"name\":\"R\u00e9frig\u00e9rateur \u00e0 boissons - 3 portes battantes - 6 \u00e9tag\u00e8res r\u00e9glables - Gastora\",\"isPartOf\":{\"@id\":\"https:\\\/\\\/gastora.eu\\\/#website\"},\"primaryImageOfPage\":{\"@id\":\"https:\\\/\\\/gastora.eu\\\/product\\\/rfrigrateur-boissons-3-portes-battantes-6-tagres-rglables\\\/#primaryimage\"},\"image\":{\"@id\":\"https:\\\/\\\/gastora.eu\\\/product\\\/rfrigrateur-boissons-3-portes-battantes-6-tagres-rglables\\\/#primaryimage\"},\"thumbnailUrl\":\"https:\\\/\\\/gastora.eu\\\/wp-content\\\/uploads\\\/2026\\\/04\\\/sp-05-61656e62bdf26.jpg\",\"datePublished\":\"2026-04-25T17:29:12+00:00\",\"dateModified\":\"2026-04-28T16:55:12+00:00\",\"description\":\"Achetez R\u00e9frig\u00e9rateur \u00e0 boissons - 3 portes battantes - 6 \u00e9tag\u00e8res r\u00e9glables au meilleur prix, fiable et performant avec une livraison rapide\",\"breadcrumb\":{\"@id\":\"https:\\\/\\\/gastora.eu\\\/product\\\/rfrigrateur-boissons-3-portes-battantes-6-tagres-rglables\\\/#breadcrumb\"},\"inLanguage\":\"en-US\",\"potentialAction\":[{\"@type\":\"ReadAction\",\"target\":[\"https:\\\/\\\/gastora.eu\\\/product\\\/rfrigrateur-boissons-3-portes-battantes-6-tagres-rglables\\\/\"]}]},{\"@type\":\"ImageObject\",\"inLanguage\":\"en-US\",\"@id\":\"https:\\\/\\\/gastora.eu\\\/product\\\/rfrigrateur-boissons-3-portes-battantes-6-tagres-rglables\\\/#primaryimage\",\"url\":\"https:\\\/\\\/gastora.eu\\\/wp-content\\\/uploads\\\/2026\\\/04\\\/sp-05-61656e62bdf26.jpg\",\"contentUrl\":\"https:\\\/\\\/gastora.eu\\\/wp-content\\\/uploads\\\/2026\\\/04\\\/sp-05-61656e62bdf26.jpg\",\"width\":1024,\"height\":1024},{\"@type\":\"BreadcrumbList\",\"@id\":\"https:\\\/\\\/gastora.eu\\\/product\\\/rfrigrateur-boissons-3-portes-battantes-6-tagres-rglables\\\/#breadcrumb\",\"itemListElement\":[{\"@type\":\"ListItem\",\"position\":1,\"name\":\"Home\",\"item\":\"https:\\\/\\\/gastora.eu\\\/\"},{\"@type\":\"ListItem\",\"position\":2,\"name\":\"Shop\",\"item\":\"https:\\\/\\\/gastora.eu\\\/shop\\\/\"},{\"@type\":\"ListItem\",\"position\":3,\"name\":\"R\u00e9frig\u00e9rateur \u00e0 boissons &#8211; 3 portes battantes &#8211; 6 \u00e9tag\u00e8res r\u00e9glables\"}]},{\"@type\":\"WebSite\",\"@id\":\"https:\\\/\\\/gastora.eu\\\/#website\",\"url\":\"https:\\\/\\\/gastora.eu\\\/\",\"name\":\"Gastora\",\"description\":\"\u00c9quipements professionnels CHR\",\"publisher\":{\"@id\":\"https:\\\/\\\/gastora.eu\\\/#organization\"},\"potentialAction\":[{\"@type\":\"SearchAction\",\"target\":{\"@type\":\"EntryPoint\",\"urlTemplate\":\"https:\\\/\\\/gastora.eu\\\/?s={search_term_string}\"},\"query-input\":{\"@type\":\"PropertyValueSpecification\",\"valueRequired\":true,\"valueName\":\"search_term_string\"}}],\"inLanguage\":\"en-US\"},{\"@type\":\"Organization\",\"@id\":\"https:\\\/\\\/gastora.eu\\\/#organization\",\"name\":\"Gastora\",\"url\":\"https:\\\/\\\/gastora.eu\\\/\",\"logo\":{\"@type\":\"ImageObject\",\"inLanguage\":\"en-US\",\"@id\":\"https:\\\/\\\/gastora.eu\\\/#\\\/schema\\\/logo\\\/image\\\/\",\"url\":\"https:\\\/\\\/gastora.eu\\\/wp-content\\\/uploads\\\/2025\\\/12\\\/ChatGPT-Image-2-janv.-2026-22_52_47-1.png\",\"contentUrl\":\"https:\\\/\\\/gastora.eu\\\/wp-content\\\/uploads\\\/2025\\\/12\\\/ChatGPT-Image-2-janv.-2026-22_52_47-1.png\",\"width\":1536,\"height\":320,\"caption\":\"Gastora\"},\"image\":{\"@id\":\"https:\\\/\\\/gastora.eu\\\/#\\\/schema\\\/logo\\\/image\\\/\"}}]}<\/script>\n<!-- \/ Yoast SEO plugin. -->","yoast_head_json":{"title":"R\u00e9frig\u00e9rateur \u00e0 boissons - 3 portes battantes - 6 \u00e9tag\u00e8res r\u00e9glables - Gastora","description":"Achetez R\u00e9frig\u00e9rateur \u00e0 boissons - 3 portes battantes - 6 \u00e9tag\u00e8res r\u00e9glables au meilleur prix, fiable et performant avec une livraison rapide","robots":{"index":"index","follow":"follow","max-snippet":"max-snippet:-1","max-image-preview":"max-image-preview:large","max-video-preview":"max-video-preview:-1"},"canonical":"https:\/\/gastora.eu\/en\/product\/rfrigrateur-boissons-3-portes-battantes-6-tagres-rglables\/","og_locale":"en_US","og_type":"article","og_title":"R\u00e9frig\u00e9rateur \u00e0 boissons - 3 portes battantes - 6 \u00e9tag\u00e8res r\u00e9glables - Gastora","og_description":"Achetez R\u00e9frig\u00e9rateur \u00e0 boissons - 3 portes battantes - 6 \u00e9tag\u00e8res r\u00e9glables au meilleur prix, fiable et performant avec une livraison rapide","og_url":"https:\/\/gastora.eu\/en\/product\/rfrigrateur-boissons-3-portes-battantes-6-tagres-rglables\/","og_site_name":"Gastora","article_modified_time":"2026-04-28T16:55:12+00:00","twitter_card":"summary_large_image","twitter_misc":{"Est. reading time":"2 minutes"},"schema":{"@context":"https:\/\/schema.org","@graph":[{"@type":"WebPage","@id":"https:\/\/gastora.eu\/product\/rfrigrateur-boissons-3-portes-battantes-6-tagres-rglables\/","url":"https:\/\/gastora.eu\/product\/rfrigrateur-boissons-3-portes-battantes-6-tagres-rglables\/","name":"R\u00e9frig\u00e9rateur \u00e0 boissons - 3 portes battantes - 6 \u00e9tag\u00e8res r\u00e9glables - Gastora","isPartOf":{"@id":"https:\/\/gastora.eu\/#website"},"primaryImageOfPage":{"@id":"https:\/\/gastora.eu\/product\/rfrigrateur-boissons-3-portes-battantes-6-tagres-rglables\/#primaryimage"},"image":{"@id":"https:\/\/gastora.eu\/product\/rfrigrateur-boissons-3-portes-battantes-6-tagres-rglables\/#primaryimage"},"thumbnailUrl":"https:\/\/gastora.eu\/wp-content\/uploads\/2026\/04\/sp-05-61656e62bdf26.jpg","datePublished":"2026-04-25T17:29:12+00:00","dateModified":"2026-04-28T16:55:12+00:00","description":"Achetez R\u00e9frig\u00e9rateur \u00e0 boissons - 3 portes battantes - 6 \u00e9tag\u00e8res r\u00e9glables au meilleur prix, fiable et performant avec une livraison rapide","breadcrumb":{"@id":"https:\/\/gastora.eu\/product\/rfrigrateur-boissons-3-portes-battantes-6-tagres-rglables\/#breadcrumb"},"inLanguage":"en-US","potentialAction":[{"@type":"ReadAction","target":["https:\/\/gastora.eu\/product\/rfrigrateur-boissons-3-portes-battantes-6-tagres-rglables\/"]}]},{"@type":"ImageObject","inLanguage":"en-US","@id":"https:\/\/gastora.eu\/product\/rfrigrateur-boissons-3-portes-battantes-6-tagres-rglables\/#primaryimage","url":"https:\/\/gastora.eu\/wp-content\/uploads\/2026\/04\/sp-05-61656e62bdf26.jpg","contentUrl":"https:\/\/gastora.eu\/wp-content\/uploads\/2026\/04\/sp-05-61656e62bdf26.jpg","width":1024,"height":1024},{"@type":"BreadcrumbList","@id":"https:\/\/gastora.eu\/product\/rfrigrateur-boissons-3-portes-battantes-6-tagres-rglables\/#breadcrumb","itemListElement":[{"@type":"ListItem","position":1,"name":"Home","item":"https:\/\/gastora.eu\/"},{"@type":"ListItem","position":2,"name":"Shop","item":"https:\/\/gastora.eu\/shop\/"},{"@type":"ListItem","position":3,"name":"R\u00e9frig\u00e9rateur \u00e0 boissons &#8211; 3 portes battantes &#8211; 6 \u00e9tag\u00e8res r\u00e9glables"}]},{"@type":"WebSite","@id":"https:\/\/gastora.eu\/#website","url":"https:\/\/gastora.eu\/","name":"Gastora","description":"\u00c9quipements professionnels CHR","publisher":{"@id":"https:\/\/gastora.eu\/#organization"},"potentialAction":[{"@type":"SearchAction","target":{"@type":"EntryPoint","urlTemplate":"https:\/\/gastora.eu\/?s={search_term_string}"},"query-input":{"@type":"PropertyValueSpecification","valueRequired":true,"valueName":"search_term_string"}}],"inLanguage":"en-US"},{"@type":"Organization","@id":"https:\/\/gastora.eu\/#organization","name":"Gastora","url":"https:\/\/gastora.eu\/","logo":{"@type":"ImageObject","inLanguage":"en-US","@id":"https:\/\/gastora.eu\/#\/schema\/logo\/image\/","url":"https:\/\/gastora.eu\/wp-content\/uploads\/2025\/12\/ChatGPT-Image-2-janv.-2026-22_52_47-1.png","contentUrl":"https:\/\/gastora.eu\/wp-content\/uploads\/2025\/12\/ChatGPT-Image-2-janv.-2026-22_52_47-1.png","width":1536,"height":320,"caption":"Gastora"},"image":{"@id":"https:\/\/gastora.eu\/#\/schema\/logo\/image\/"}}]}},"jetpack_sharing_enabled":true,"_links":{"self":[{"href":"https:\/\/gastora.eu\/en\/wp-json\/wp\/v2\/product\/13748","targetHints":{"allow":["GET"]}}],"collection":[{"href":"https:\/\/gastora.eu\/en\/wp-json\/wp\/v2\/product"}],"about":[{"href":"https:\/\/gastora.eu\/en\/wp-json\/wp\/v2\/types\/product"}],"wp:featuredmedia":[{"embeddable":true,"href":"https:\/\/gastora.eu\/en\/wp-json\/wp\/v2\/media\/6244"}],"wp:attachment":[{"href":"https:\/\/gastora.eu\/en\/wp-json\/wp\/v2\/media?parent=13748"}],"wp:term":[{"taxonomy":"product_brand","embeddable":true,"href":"https:\/\/gastora.eu\/en\/wp-json\/wp\/v2\/product_brand?post=13748"},{"taxonomy":"product_cat","embeddable":true,"href":"https:\/\/gastora.eu\/en\/wp-json\/wp\/v2\/product_cat?post=13748"},{"taxonomy":"product_tag","embeddable":true,"href":"https:\/\/gastora.eu\/en\/wp-json\/wp\/v2\/product_tag?post=13748"}],"curies":[{"name":"wp","href":"https:\/\/api.w.org\/{rel}","templated":true}]}}