{"id":13746,"date":"2026-04-25T16:29:21","date_gmt":"2026-04-25T16:29:21","guid":{"rendered":"https:\/\/gastora.eu\/?post_type=product&#038;p=13746"},"modified":"2026-04-27T08:33:10","modified_gmt":"2026-04-27T08:33:10","slug":"rfrigrateur-boissons-1-porte-battante-2-tagres-rglables","status":"publish","type":"product","link":"https:\/\/gastora.eu\/en\/product\/rfrigrateur-boissons-1-porte-battante-2-tagres-rglables\/","title":{"rendered":"R\u00e9frig\u00e9rateur \u00e0 boissons &#8211; 1 porte battante &#8211; 2 \u00e9tag\u00e8res r\u00e9glables"},"content":{"rendered":"<p>Ce r\u00e9frig\u00e9rateur pour boissons pr\u00e9sente une finition luxueuse et un aspect professionnel sur n&#8217;importe quel bar ou comptoir. Disponible en noir et d&#8217;une capacit\u00e9 de 136 litres, c&#8217;est l&#8217;appareil id\u00e9al pour conserver les produits au frais. Les boissons et m\u00eame les snacks sont attrayants gr\u00e2ce \u00e0 l&#8217;\u00e9clairage LED int\u00e9gr\u00e9. Gr\u00e2ce \u00e0 la porte vitr\u00e9e \u00e0 charni\u00e8res, il est tr\u00e8s facile et rapide de retirer ou de remplacer les boissons. La porte peut \u00e9galement \u00eatre verrouill\u00e9e ou laiss\u00e9e ouverte pour que les clients puissent se servir eux-m\u00eames.<\/p>\n<h3>Syst\u00e8me de refroidissement astucieux<\/h3>\n<p>L&#8217;int\u00e9rieur du r\u00e9frig\u00e9rateur comporte deux \u00e9tag\u00e8res en acier inoxydable, chacune \u00e9tant r\u00e9glable en hauteur pour faciliter les changements d&#8217;agencement. Les parois int\u00e9rieures du r\u00e9frig\u00e9rateur sont recouvertes d&#8217;une couche protectrice en aluminium pour \u00e9viter d&#8217;endommager le syst\u00e8me de refroidissement. Ce r\u00e9frig\u00e9rateur est refroidi par air et contient un ventilateur, ainsi qu&#8217;un cycle de refroidissement sp\u00e9cialis\u00e9 pour r\u00e9duire la formation de glace. Il utilise le r\u00e9frig\u00e9rant R600a, qui ne contient pas de CFC. Gr\u00e2ce au r\u00e9gulateur de temp\u00e9rature num\u00e9rique, vous pouvez r\u00e9gler la temp\u00e9rature dans une plage comprise entre 0 et 12\u00b0C, tandis que la temp\u00e9rature ambiante de la pi\u00e8ce peut atteindre 32\u00b0C. Ce r\u00e9frig\u00e9rateur professionnel pour boissons est \u00e9quip\u00e9 de pieds r\u00e9glables qui permettent de le placer fermement sur n&#8217;importe quelle surface.<\/p>\n<h3>Nettoyage rapide<\/h3>\n<p>Le nettoyage de vos appareils de restauration professionnelle doit \u00eatre facile et rapide. Heureusement, ce r\u00e9frig\u00e9rateur \u00e0 boissons offre ces deux avantages. Pour le nettoyer, il suffit d&#8217;une \u00e9ponge et d&#8217;eau chaude savonneuse. Commencez par retirer les clayettes et nettoyez-les en les essuyant avec une \u00e9ponge savonneuse avant de les rincer \u00e0 l&#8217;eau ti\u00e8de. L&#8217;int\u00e9rieur du r\u00e9frig\u00e9rateur \u00e0 boissons peut \u00e9galement \u00eatre nettoy\u00e9 \u00e0 l&#8217;aide d&#8217;un chiffon humide et d&#8217;un peu de d\u00e9tergent doux. Il suffit d&#8217;essuyer l&#8217;int\u00e9rieur, ainsi que l&#8217;ext\u00e9rieur si n\u00e9cessaire. Avant de r\u00e9utiliser le r\u00e9frig\u00e9rateur, veillez \u00e0 s\u00e9cher toutes les pi\u00e8ces \u00e0 l&#8217;aide d&#8217;un chiffon doux.<\/p>\n<p><strong>Caract\u00e9ristiques<\/strong><\/p>\n<ul>\n<li>Porte \u00e0 charni\u00e8res avec double vitrage<\/li>\n<li>Isolation protectrice compacte de 32 mm<\/li>\n<li>Eclairage LED \u00e0 l&#8217;int\u00e9rieur<\/li>\n<li>R\u00e9gulateur de temp\u00e9rature num\u00e9rique Dixell<\/li>\n<li>Comprend deux \u00e9tag\u00e8res r\u00e9glables en acier inoxydable<\/li>\n<li>Int\u00e9rieur rev\u00eatu d&#8217;aluminium<\/li>\n<\/ul>\n<p><strong>Caract\u00e9ristiques du produit<\/strong><\/p>\n<ul>\n<li>Poids net : 50 kg<\/li>\n<li>Capacit\u00e9 nette : 136L<\/li>\n<li>Couleur : noir<\/li>\n<li>Dimensions int\u00e9rieures : L53,6 x D37 x H62cm<\/li>\n<li>Dimensions ext\u00e9rieures : L60 x P51,5 x H85cm<\/li>\n<li>230V \/ 50Hz \/ 1 phase 174W<\/li>\n<\/ul>","protected":false},"excerpt":{"rendered":"<p>Ce r\u00e9frig\u00e9rateur de luxe de 136 litres conserve les bouteilles, les canettes et m\u00eame les snacks, tels que les sandwiches, parfaitement r\u00e9frig\u00e9r\u00e9s \u00e0 la bonne temp\u00e9rature. Gr\u00e2ce au r\u00e9gulateur de temp\u00e9rature num\u00e9rique facile \u00e0 lire, vous pouvez r\u00e9gler la temp\u00e9rature en fonction des besoins sp\u00e9cifiques de vos produits.<\/p>","protected":false},"featured_media":6240,"template":"","meta":{"_acf_changed":false},"product_brand":[],"product_cat":[473],"product_tag":[],"class_list":{"0":"post-13746","1":"product","2":"type-product","3":"status-publish","4":"has-post-thumbnail","6":"product_cat-meubles-bas-meubles-muraux-2","8":"first","9":"instock","10":"sale","11":"taxable","12":"shipping-taxable","13":"purchasable","14":"product-type-simple"},"acf":[],"yoast_head":"<!-- This site is optimized with the Yoast SEO plugin v27.4 - https:\/\/yoast.com\/product\/yoast-seo-wordpress\/ -->\n<title>R\u00e9frig\u00e9rateur \u00e0 boissons - 1 porte battante - 2 \u00e9tag\u00e8res r\u00e9glables - Gastora<\/title>\n<meta name=\"description\" content=\"Achetez R\u00e9frig\u00e9rateur \u00e0 boissons - 1 porte battante - 2 \u00e9tag\u00e8res r\u00e9glables au meilleur prix, fiable et performant avec une livraison rapide\" \/>\n<meta name=\"robots\" content=\"index, follow, max-snippet:-1, max-image-preview:large, max-video-preview:-1\" \/>\n<link rel=\"canonical\" href=\"https:\/\/gastora.eu\/en\/product\/rfrigrateur-boissons-1-porte-battante-2-tagres-rglables\/\" \/>\n<meta property=\"og:locale\" content=\"en_US\" \/>\n<meta property=\"og:type\" content=\"article\" \/>\n<meta property=\"og:title\" content=\"R\u00e9frig\u00e9rateur \u00e0 boissons - 1 porte battante - 2 \u00e9tag\u00e8res r\u00e9glables - Gastora\" \/>\n<meta property=\"og:description\" content=\"Achetez R\u00e9frig\u00e9rateur \u00e0 boissons - 1 porte battante - 2 \u00e9tag\u00e8res r\u00e9glables au meilleur prix, fiable et performant avec une livraison rapide\" \/>\n<meta property=\"og:url\" content=\"https:\/\/gastora.eu\/en\/product\/rfrigrateur-boissons-1-porte-battante-2-tagres-rglables\/\" \/>\n<meta property=\"og:site_name\" content=\"Gastora\" \/>\n<meta property=\"article:modified_time\" content=\"2026-04-27T08:33:10+00:00\" \/>\n<meta name=\"twitter:card\" content=\"summary_large_image\" \/>\n<meta name=\"twitter:label1\" content=\"Est. reading time\" \/>\n\t<meta name=\"twitter:data1\" content=\"2 minutes\" \/>\n<script type=\"application\/ld+json\" class=\"yoast-schema-graph\">{\"@context\":\"https:\\\/\\\/schema.org\",\"@graph\":[{\"@type\":\"WebPage\",\"@id\":\"https:\\\/\\\/gastora.eu\\\/product\\\/rfrigrateur-boissons-1-porte-battante-2-tagres-rglables\\\/\",\"url\":\"https:\\\/\\\/gastora.eu\\\/product\\\/rfrigrateur-boissons-1-porte-battante-2-tagres-rglables\\\/\",\"name\":\"R\u00e9frig\u00e9rateur \u00e0 boissons - 1 porte battante - 2 \u00e9tag\u00e8res r\u00e9glables - Gastora\",\"isPartOf\":{\"@id\":\"https:\\\/\\\/gastora.eu\\\/#website\"},\"primaryImageOfPage\":{\"@id\":\"https:\\\/\\\/gastora.eu\\\/product\\\/rfrigrateur-boissons-1-porte-battante-2-tagres-rglables\\\/#primaryimage\"},\"image\":{\"@id\":\"https:\\\/\\\/gastora.eu\\\/product\\\/rfrigrateur-boissons-1-porte-battante-2-tagres-rglables\\\/#primaryimage\"},\"thumbnailUrl\":\"https:\\\/\\\/gastora.eu\\\/wp-content\\\/uploads\\\/2026\\\/04\\\/sp-05-61656e62710ec.jpg\",\"datePublished\":\"2026-04-25T16:29:21+00:00\",\"dateModified\":\"2026-04-27T08:33:10+00:00\",\"description\":\"Achetez R\u00e9frig\u00e9rateur \u00e0 boissons - 1 porte battante - 2 \u00e9tag\u00e8res r\u00e9glables au meilleur prix, fiable et performant avec une livraison rapide\",\"breadcrumb\":{\"@id\":\"https:\\\/\\\/gastora.eu\\\/product\\\/rfrigrateur-boissons-1-porte-battante-2-tagres-rglables\\\/#breadcrumb\"},\"inLanguage\":\"en-US\",\"potentialAction\":[{\"@type\":\"ReadAction\",\"target\":[\"https:\\\/\\\/gastora.eu\\\/product\\\/rfrigrateur-boissons-1-porte-battante-2-tagres-rglables\\\/\"]}]},{\"@type\":\"ImageObject\",\"inLanguage\":\"en-US\",\"@id\":\"https:\\\/\\\/gastora.eu\\\/product\\\/rfrigrateur-boissons-1-porte-battante-2-tagres-rglables\\\/#primaryimage\",\"url\":\"https:\\\/\\\/gastora.eu\\\/wp-content\\\/uploads\\\/2026\\\/04\\\/sp-05-61656e62710ec.jpg\",\"contentUrl\":\"https:\\\/\\\/gastora.eu\\\/wp-content\\\/uploads\\\/2026\\\/04\\\/sp-05-61656e62710ec.jpg\",\"width\":1024,\"height\":1024},{\"@type\":\"BreadcrumbList\",\"@id\":\"https:\\\/\\\/gastora.eu\\\/product\\\/rfrigrateur-boissons-1-porte-battante-2-tagres-rglables\\\/#breadcrumb\",\"itemListElement\":[{\"@type\":\"ListItem\",\"position\":1,\"name\":\"Home\",\"item\":\"https:\\\/\\\/gastora.eu\\\/\"},{\"@type\":\"ListItem\",\"position\":2,\"name\":\"Shop\",\"item\":\"https:\\\/\\\/gastora.eu\\\/shop\\\/\"},{\"@type\":\"ListItem\",\"position\":3,\"name\":\"R\u00e9frig\u00e9rateur \u00e0 boissons &#8211; 1 porte battante &#8211; 2 \u00e9tag\u00e8res r\u00e9glables\"}]},{\"@type\":\"WebSite\",\"@id\":\"https:\\\/\\\/gastora.eu\\\/#website\",\"url\":\"https:\\\/\\\/gastora.eu\\\/\",\"name\":\"Gastora\",\"description\":\"\u00c9quipements professionnels CHR\",\"publisher\":{\"@id\":\"https:\\\/\\\/gastora.eu\\\/#organization\"},\"potentialAction\":[{\"@type\":\"SearchAction\",\"target\":{\"@type\":\"EntryPoint\",\"urlTemplate\":\"https:\\\/\\\/gastora.eu\\\/?s={search_term_string}\"},\"query-input\":{\"@type\":\"PropertyValueSpecification\",\"valueRequired\":true,\"valueName\":\"search_term_string\"}}],\"inLanguage\":\"en-US\"},{\"@type\":\"Organization\",\"@id\":\"https:\\\/\\\/gastora.eu\\\/#organization\",\"name\":\"Gastora\",\"url\":\"https:\\\/\\\/gastora.eu\\\/\",\"logo\":{\"@type\":\"ImageObject\",\"inLanguage\":\"en-US\",\"@id\":\"https:\\\/\\\/gastora.eu\\\/#\\\/schema\\\/logo\\\/image\\\/\",\"url\":\"https:\\\/\\\/gastora.eu\\\/wp-content\\\/uploads\\\/2025\\\/12\\\/ChatGPT-Image-2-janv.-2026-22_52_47-1.png\",\"contentUrl\":\"https:\\\/\\\/gastora.eu\\\/wp-content\\\/uploads\\\/2025\\\/12\\\/ChatGPT-Image-2-janv.-2026-22_52_47-1.png\",\"width\":1536,\"height\":320,\"caption\":\"Gastora\"},\"image\":{\"@id\":\"https:\\\/\\\/gastora.eu\\\/#\\\/schema\\\/logo\\\/image\\\/\"}}]}<\/script>\n<!-- \/ Yoast SEO plugin. -->","yoast_head_json":{"title":"R\u00e9frig\u00e9rateur \u00e0 boissons - 1 porte battante - 2 \u00e9tag\u00e8res r\u00e9glables - Gastora","description":"Achetez R\u00e9frig\u00e9rateur \u00e0 boissons - 1 porte battante - 2 \u00e9tag\u00e8res r\u00e9glables au meilleur prix, fiable et performant avec une livraison rapide","robots":{"index":"index","follow":"follow","max-snippet":"max-snippet:-1","max-image-preview":"max-image-preview:large","max-video-preview":"max-video-preview:-1"},"canonical":"https:\/\/gastora.eu\/en\/product\/rfrigrateur-boissons-1-porte-battante-2-tagres-rglables\/","og_locale":"en_US","og_type":"article","og_title":"R\u00e9frig\u00e9rateur \u00e0 boissons - 1 porte battante - 2 \u00e9tag\u00e8res r\u00e9glables - Gastora","og_description":"Achetez R\u00e9frig\u00e9rateur \u00e0 boissons - 1 porte battante - 2 \u00e9tag\u00e8res r\u00e9glables au meilleur prix, fiable et performant avec une livraison rapide","og_url":"https:\/\/gastora.eu\/en\/product\/rfrigrateur-boissons-1-porte-battante-2-tagres-rglables\/","og_site_name":"Gastora","article_modified_time":"2026-04-27T08:33:10+00:00","twitter_card":"summary_large_image","twitter_misc":{"Est. reading time":"2 minutes"},"schema":{"@context":"https:\/\/schema.org","@graph":[{"@type":"WebPage","@id":"https:\/\/gastora.eu\/product\/rfrigrateur-boissons-1-porte-battante-2-tagres-rglables\/","url":"https:\/\/gastora.eu\/product\/rfrigrateur-boissons-1-porte-battante-2-tagres-rglables\/","name":"R\u00e9frig\u00e9rateur \u00e0 boissons - 1 porte battante - 2 \u00e9tag\u00e8res r\u00e9glables - Gastora","isPartOf":{"@id":"https:\/\/gastora.eu\/#website"},"primaryImageOfPage":{"@id":"https:\/\/gastora.eu\/product\/rfrigrateur-boissons-1-porte-battante-2-tagres-rglables\/#primaryimage"},"image":{"@id":"https:\/\/gastora.eu\/product\/rfrigrateur-boissons-1-porte-battante-2-tagres-rglables\/#primaryimage"},"thumbnailUrl":"https:\/\/gastora.eu\/wp-content\/uploads\/2026\/04\/sp-05-61656e62710ec.jpg","datePublished":"2026-04-25T16:29:21+00:00","dateModified":"2026-04-27T08:33:10+00:00","description":"Achetez R\u00e9frig\u00e9rateur \u00e0 boissons - 1 porte battante - 2 \u00e9tag\u00e8res r\u00e9glables au meilleur prix, fiable et performant avec une livraison rapide","breadcrumb":{"@id":"https:\/\/gastora.eu\/product\/rfrigrateur-boissons-1-porte-battante-2-tagres-rglables\/#breadcrumb"},"inLanguage":"en-US","potentialAction":[{"@type":"ReadAction","target":["https:\/\/gastora.eu\/product\/rfrigrateur-boissons-1-porte-battante-2-tagres-rglables\/"]}]},{"@type":"ImageObject","inLanguage":"en-US","@id":"https:\/\/gastora.eu\/product\/rfrigrateur-boissons-1-porte-battante-2-tagres-rglables\/#primaryimage","url":"https:\/\/gastora.eu\/wp-content\/uploads\/2026\/04\/sp-05-61656e62710ec.jpg","contentUrl":"https:\/\/gastora.eu\/wp-content\/uploads\/2026\/04\/sp-05-61656e62710ec.jpg","width":1024,"height":1024},{"@type":"BreadcrumbList","@id":"https:\/\/gastora.eu\/product\/rfrigrateur-boissons-1-porte-battante-2-tagres-rglables\/#breadcrumb","itemListElement":[{"@type":"ListItem","position":1,"name":"Home","item":"https:\/\/gastora.eu\/"},{"@type":"ListItem","position":2,"name":"Shop","item":"https:\/\/gastora.eu\/shop\/"},{"@type":"ListItem","position":3,"name":"R\u00e9frig\u00e9rateur \u00e0 boissons &#8211; 1 porte battante &#8211; 2 \u00e9tag\u00e8res r\u00e9glables"}]},{"@type":"WebSite","@id":"https:\/\/gastora.eu\/#website","url":"https:\/\/gastora.eu\/","name":"Gastora","description":"\u00c9quipements professionnels CHR","publisher":{"@id":"https:\/\/gastora.eu\/#organization"},"potentialAction":[{"@type":"SearchAction","target":{"@type":"EntryPoint","urlTemplate":"https:\/\/gastora.eu\/?s={search_term_string}"},"query-input":{"@type":"PropertyValueSpecification","valueRequired":true,"valueName":"search_term_string"}}],"inLanguage":"en-US"},{"@type":"Organization","@id":"https:\/\/gastora.eu\/#organization","name":"Gastora","url":"https:\/\/gastora.eu\/","logo":{"@type":"ImageObject","inLanguage":"en-US","@id":"https:\/\/gastora.eu\/#\/schema\/logo\/image\/","url":"https:\/\/gastora.eu\/wp-content\/uploads\/2025\/12\/ChatGPT-Image-2-janv.-2026-22_52_47-1.png","contentUrl":"https:\/\/gastora.eu\/wp-content\/uploads\/2025\/12\/ChatGPT-Image-2-janv.-2026-22_52_47-1.png","width":1536,"height":320,"caption":"Gastora"},"image":{"@id":"https:\/\/gastora.eu\/#\/schema\/logo\/image\/"}}]}},"jetpack_sharing_enabled":true,"_links":{"self":[{"href":"https:\/\/gastora.eu\/en\/wp-json\/wp\/v2\/product\/13746","targetHints":{"allow":["GET"]}}],"collection":[{"href":"https:\/\/gastora.eu\/en\/wp-json\/wp\/v2\/product"}],"about":[{"href":"https:\/\/gastora.eu\/en\/wp-json\/wp\/v2\/types\/product"}],"wp:featuredmedia":[{"embeddable":true,"href":"https:\/\/gastora.eu\/en\/wp-json\/wp\/v2\/media\/6240"}],"wp:attachment":[{"href":"https:\/\/gastora.eu\/en\/wp-json\/wp\/v2\/media?parent=13746"}],"wp:term":[{"taxonomy":"product_brand","embeddable":true,"href":"https:\/\/gastora.eu\/en\/wp-json\/wp\/v2\/product_brand?post=13746"},{"taxonomy":"product_cat","embeddable":true,"href":"https:\/\/gastora.eu\/en\/wp-json\/wp\/v2\/product_cat?post=13746"},{"taxonomy":"product_tag","embeddable":true,"href":"https:\/\/gastora.eu\/en\/wp-json\/wp\/v2\/product_tag?post=13746"}],"curies":[{"name":"wp","href":"https:\/\/api.w.org\/{rel}","templated":true}]}}