{"id":13745,"date":"2026-04-25T16:29:20","date_gmt":"2026-04-25T16:29:20","guid":{"rendered":"https:\/\/gastora.eu\/?post_type=product&#038;p=13745"},"modified":"2026-04-28T16:55:11","modified_gmt":"2026-04-28T16:55:11","slug":"dispensateur-de-boissons-3-x-18-l-lectrique-incl-mcanisme-dagitation","status":"publish","type":"product","link":"https:\/\/gastora.eu\/en\/product\/dispensateur-de-boissons-3-x-18-l-lectrique-incl-mcanisme-dagitation\/","title":{"rendered":"Dispensateur de boissons &#8211; 3 x 18 L &#8211;  \u00e9lectrique &#8211; incl m\u00e9canisme d&#8217;agitation"},"content":{"rendered":"<p>Le distributeur de boissons professionnel ne se contente pas de pr\u00e9senter les boissons aux clients avec \u00e9l\u00e9gance, il leur permet \u00e9galement de se servir eux-m\u00eames gr\u00e2ce \u00e0 un syst\u00e8me de robinet pratique. Il s&#8217;agit donc d&#8217;un appareil id\u00e9al pour tout \u00e9tablissement de restauration qui souhaite servir ses clients rapidement et efficacement. Il est \u00e9galement utile derri\u00e8re un bar ou un comptoir. Le distributeur peut contenir une grande vari\u00e9t\u00e9 de boissons, telles que des sodas, de l&#8217;eau, des jus de fruits et m\u00eame des smoothies. Il comporte trois r\u00e9servoirs en polycarbonate de 18 litres, d&#8217;une capacit\u00e9 totale de 54 litres, tous 100 % sans BPA.<\/p>\n<h2>Appareil tr\u00e8s silencieux<\/h2>\n<p>Ce distributeur de boissons pr\u00e9sente un design moderne et \u00e9l\u00e9gant, ce qui en fait un \u00e9l\u00e9ment remarquable de toute salle \u00e0 manger. Le bo\u00eetier et la poign\u00e9e en acier inoxydable ajoutent non seulement \u00e0 son attrait esth\u00e9tique, mais garantissent \u00e9galement un entretien et une propret\u00e9 faciles. Gr\u00e2ce \u00e0 son fonctionnement silencieux, cet appareil est parfait pour les grandes salles \u00e0 manger ou les cuisines bruyantes. Le m\u00e9canisme d&#8217;agitation continue maintient le contenu de la cuve bien m\u00e9lang\u00e9 pour des r\u00e9sultats optimaux. Le syst\u00e8me de refroidissement fonctionne avec le liquide de refroidissement R290.<\/p>\n<h2>Comprend des plateaux d&#8217;\u00e9gouttage utiles<\/h2>\n<p>Ce distributeur de boissons est tr\u00e8s facile \u00e0 nettoyer. Il comprend des plateaux d&#8217;\u00e9gouttage qui peuvent \u00eatre d\u00e9tach\u00e9s et nettoy\u00e9s \u00e0 la main. De nombreuses pi\u00e8ces sont d\u00e9tachables, ce qui rend l&#8217;appareil hygi\u00e9nique et facile \u00e0 nettoyer. Le nettoyage doit \u00eatre effectu\u00e9 \u00e0 la main et \u00e0 l&#8217;eau chaude savonneuse. Une autre fa\u00e7on de nettoyer efficacement cet appareil consiste \u00e0 remplir les r\u00e9servoirs d&#8217;eau chaude et \u00e0 les vider \u00e0 l&#8217;aide du syst\u00e8me de robinetterie. Le distributeur de boissons doit \u00eatre bien s\u00e9ch\u00e9 \u00e0 l&#8217;aide d&#8217;un chiffon doux avant d&#8217;\u00eatre remont\u00e9.<\/p>\n<p><strong>Caract\u00e9ristiques<\/strong><\/p>\n<ul>\n<li>Comprend un m\u00e9canisme d&#8217;agitation<\/li>\n<li>Facile \u00e0 d\u00e9monter<\/li>\n<li>Convient pour des verres jusqu&#8217;\u00e0 15 cm<\/li>\n<li>Plateau d&#8217;\u00e9gouttage facile \u00e0 nettoyer<\/li>\n<li>Bo\u00eetier et poign\u00e9e en acier inoxydable<\/li>\n<\/ul>\n<p><strong>Caract\u00e9ristiques du produit<\/strong><\/p>\n<ul>\n<li>Poids net : 40 kg<\/li>\n<li>Dimensions : L73 x P45 x H70cm : L73 x P45 x H70cm<\/li>\n<li>230V \/ 50Hz \/ 1 phase 278W<\/li>\n<\/ul>","protected":false},"excerpt":{"rendered":"<p>Ce distributeur de boissons r\u00e9frig\u00e9r\u00e9es a une capacit\u00e9 de 54 litres avec trois r\u00e9servoirs de 18 litres et comprend un \u00e9l\u00e9ment de brassage pour que les boissons restent bien m\u00e9lang\u00e9es. Il est dot\u00e9 d&#8217;un syst\u00e8me de robinetterie pratique qui peut \u00e9galement \u00eatre utilis\u00e9 en libre-service. Ce distributeur de boissons refroidit tr\u00e8s rapidement et est \u00e9galement tr\u00e8s silencieux. Les pi\u00e8ces sont amovibles, ce qui facilite le nettoyage.<\/p>","protected":false},"featured_media":6238,"template":"","meta":{"_acf_changed":false},"product_brand":[],"product_cat":[472],"product_tag":[],"class_list":{"0":"post-13745","1":"product","2":"type-product","3":"status-publish","4":"has-post-thumbnail","6":"product_cat-armoires-a-boissons-2","8":"first","9":"instock","10":"sale","11":"taxable","12":"shipping-taxable","13":"purchasable","14":"product-type-simple"},"acf":[],"yoast_head":"<!-- This site is optimized with the Yoast SEO plugin v27.5 - https:\/\/yoast.com\/product\/yoast-seo-wordpress\/ -->\n<title>Dispensateur de boissons - 3 x 18 L - \u00e9lectrique - incl m\u00e9canisme d&#039;agitation - Gastora<\/title>\n<meta name=\"description\" content=\"Achetez Dispensateur de boissons - 3 x 18 L - \u00e9lectrique - incl m\u00e9canisme d&#039;agitation au meilleur prix, fiable et performant avec une livraison rapide\" \/>\n<meta name=\"robots\" content=\"index, follow, max-snippet:-1, max-image-preview:large, max-video-preview:-1\" \/>\n<link rel=\"canonical\" href=\"https:\/\/gastora.eu\/en\/product\/dispensateur-de-boissons-3-x-18-l-lectrique-incl-mcanisme-dagitation\/\" \/>\n<meta property=\"og:locale\" content=\"en_US\" \/>\n<meta property=\"og:type\" content=\"article\" \/>\n<meta property=\"og:title\" content=\"Dispensateur de boissons - 3 x 18 L - \u00e9lectrique - incl m\u00e9canisme d&#039;agitation - Gastora\" \/>\n<meta property=\"og:description\" content=\"Achetez Dispensateur de boissons - 3 x 18 L - \u00e9lectrique - incl m\u00e9canisme d&#039;agitation au meilleur prix, fiable et performant avec une livraison rapide\" \/>\n<meta property=\"og:url\" content=\"https:\/\/gastora.eu\/en\/product\/dispensateur-de-boissons-3-x-18-l-lectrique-incl-mcanisme-dagitation\/\" \/>\n<meta property=\"og:site_name\" content=\"Gastora\" \/>\n<meta property=\"article:modified_time\" content=\"2026-04-28T16:55:11+00:00\" \/>\n<meta name=\"twitter:card\" content=\"summary_large_image\" \/>\n<meta name=\"twitter:label1\" content=\"Est. reading time\" \/>\n\t<meta name=\"twitter:data1\" content=\"2 minutes\" \/>\n<script type=\"application\/ld+json\" class=\"yoast-schema-graph\">{\"@context\":\"https:\\\/\\\/schema.org\",\"@graph\":[{\"@type\":\"WebPage\",\"@id\":\"https:\\\/\\\/gastora.eu\\\/product\\\/dispensateur-de-boissons-3-x-18-l-lectrique-incl-mcanisme-dagitation\\\/\",\"url\":\"https:\\\/\\\/gastora.eu\\\/product\\\/dispensateur-de-boissons-3-x-18-l-lectrique-incl-mcanisme-dagitation\\\/\",\"name\":\"Dispensateur de boissons - 3 x 18 L - \u00e9lectrique - incl m\u00e9canisme d'agitation - Gastora\",\"isPartOf\":{\"@id\":\"https:\\\/\\\/gastora.eu\\\/#website\"},\"primaryImageOfPage\":{\"@id\":\"https:\\\/\\\/gastora.eu\\\/product\\\/dispensateur-de-boissons-3-x-18-l-lectrique-incl-mcanisme-dagitation\\\/#primaryimage\"},\"image\":{\"@id\":\"https:\\\/\\\/gastora.eu\\\/product\\\/dispensateur-de-boissons-3-x-18-l-lectrique-incl-mcanisme-dagitation\\\/#primaryimage\"},\"thumbnailUrl\":\"https:\\\/\\\/gastora.eu\\\/wp-content\\\/uploads\\\/2026\\\/04\\\/sp-005-61656e5c34b6d.jpg\",\"datePublished\":\"2026-04-25T16:29:20+00:00\",\"dateModified\":\"2026-04-28T16:55:11+00:00\",\"description\":\"Achetez Dispensateur de boissons - 3 x 18 L - \u00e9lectrique - incl m\u00e9canisme d'agitation au meilleur prix, fiable et performant avec une livraison rapide\",\"breadcrumb\":{\"@id\":\"https:\\\/\\\/gastora.eu\\\/product\\\/dispensateur-de-boissons-3-x-18-l-lectrique-incl-mcanisme-dagitation\\\/#breadcrumb\"},\"inLanguage\":\"en-US\",\"potentialAction\":[{\"@type\":\"ReadAction\",\"target\":[\"https:\\\/\\\/gastora.eu\\\/product\\\/dispensateur-de-boissons-3-x-18-l-lectrique-incl-mcanisme-dagitation\\\/\"]}]},{\"@type\":\"ImageObject\",\"inLanguage\":\"en-US\",\"@id\":\"https:\\\/\\\/gastora.eu\\\/product\\\/dispensateur-de-boissons-3-x-18-l-lectrique-incl-mcanisme-dagitation\\\/#primaryimage\",\"url\":\"https:\\\/\\\/gastora.eu\\\/wp-content\\\/uploads\\\/2026\\\/04\\\/sp-005-61656e5c34b6d.jpg\",\"contentUrl\":\"https:\\\/\\\/gastora.eu\\\/wp-content\\\/uploads\\\/2026\\\/04\\\/sp-005-61656e5c34b6d.jpg\",\"width\":1024,\"height\":1024},{\"@type\":\"BreadcrumbList\",\"@id\":\"https:\\\/\\\/gastora.eu\\\/product\\\/dispensateur-de-boissons-3-x-18-l-lectrique-incl-mcanisme-dagitation\\\/#breadcrumb\",\"itemListElement\":[{\"@type\":\"ListItem\",\"position\":1,\"name\":\"Home\",\"item\":\"https:\\\/\\\/gastora.eu\\\/\"},{\"@type\":\"ListItem\",\"position\":2,\"name\":\"Shop\",\"item\":\"https:\\\/\\\/gastora.eu\\\/shop\\\/\"},{\"@type\":\"ListItem\",\"position\":3,\"name\":\"Dispensateur de boissons &#8211; 3 x 18 L &#8211; \u00e9lectrique &#8211; incl m\u00e9canisme d&#8217;agitation\"}]},{\"@type\":\"WebSite\",\"@id\":\"https:\\\/\\\/gastora.eu\\\/#website\",\"url\":\"https:\\\/\\\/gastora.eu\\\/\",\"name\":\"Gastora\",\"description\":\"\u00c9quipements professionnels CHR\",\"publisher\":{\"@id\":\"https:\\\/\\\/gastora.eu\\\/#organization\"},\"potentialAction\":[{\"@type\":\"SearchAction\",\"target\":{\"@type\":\"EntryPoint\",\"urlTemplate\":\"https:\\\/\\\/gastora.eu\\\/?s={search_term_string}\"},\"query-input\":{\"@type\":\"PropertyValueSpecification\",\"valueRequired\":true,\"valueName\":\"search_term_string\"}}],\"inLanguage\":\"en-US\"},{\"@type\":\"Organization\",\"@id\":\"https:\\\/\\\/gastora.eu\\\/#organization\",\"name\":\"Gastora\",\"url\":\"https:\\\/\\\/gastora.eu\\\/\",\"logo\":{\"@type\":\"ImageObject\",\"inLanguage\":\"en-US\",\"@id\":\"https:\\\/\\\/gastora.eu\\\/#\\\/schema\\\/logo\\\/image\\\/\",\"url\":\"https:\\\/\\\/gastora.eu\\\/wp-content\\\/uploads\\\/2025\\\/12\\\/ChatGPT-Image-2-janv.-2026-22_52_47-1.png\",\"contentUrl\":\"https:\\\/\\\/gastora.eu\\\/wp-content\\\/uploads\\\/2025\\\/12\\\/ChatGPT-Image-2-janv.-2026-22_52_47-1.png\",\"width\":1536,\"height\":320,\"caption\":\"Gastora\"},\"image\":{\"@id\":\"https:\\\/\\\/gastora.eu\\\/#\\\/schema\\\/logo\\\/image\\\/\"}}]}<\/script>\n<!-- \/ Yoast SEO plugin. -->","yoast_head_json":{"title":"Dispensateur de boissons - 3 x 18 L - \u00e9lectrique - incl m\u00e9canisme d'agitation - Gastora","description":"Achetez Dispensateur de boissons - 3 x 18 L - \u00e9lectrique - incl m\u00e9canisme d'agitation au meilleur prix, fiable et performant avec une livraison rapide","robots":{"index":"index","follow":"follow","max-snippet":"max-snippet:-1","max-image-preview":"max-image-preview:large","max-video-preview":"max-video-preview:-1"},"canonical":"https:\/\/gastora.eu\/en\/product\/dispensateur-de-boissons-3-x-18-l-lectrique-incl-mcanisme-dagitation\/","og_locale":"en_US","og_type":"article","og_title":"Dispensateur de boissons - 3 x 18 L - \u00e9lectrique - incl m\u00e9canisme d'agitation - Gastora","og_description":"Achetez Dispensateur de boissons - 3 x 18 L - \u00e9lectrique - incl m\u00e9canisme d'agitation au meilleur prix, fiable et performant avec une livraison rapide","og_url":"https:\/\/gastora.eu\/en\/product\/dispensateur-de-boissons-3-x-18-l-lectrique-incl-mcanisme-dagitation\/","og_site_name":"Gastora","article_modified_time":"2026-04-28T16:55:11+00:00","twitter_card":"summary_large_image","twitter_misc":{"Est. reading time":"2 minutes"},"schema":{"@context":"https:\/\/schema.org","@graph":[{"@type":"WebPage","@id":"https:\/\/gastora.eu\/product\/dispensateur-de-boissons-3-x-18-l-lectrique-incl-mcanisme-dagitation\/","url":"https:\/\/gastora.eu\/product\/dispensateur-de-boissons-3-x-18-l-lectrique-incl-mcanisme-dagitation\/","name":"Dispensateur de boissons - 3 x 18 L - \u00e9lectrique - incl m\u00e9canisme d'agitation - Gastora","isPartOf":{"@id":"https:\/\/gastora.eu\/#website"},"primaryImageOfPage":{"@id":"https:\/\/gastora.eu\/product\/dispensateur-de-boissons-3-x-18-l-lectrique-incl-mcanisme-dagitation\/#primaryimage"},"image":{"@id":"https:\/\/gastora.eu\/product\/dispensateur-de-boissons-3-x-18-l-lectrique-incl-mcanisme-dagitation\/#primaryimage"},"thumbnailUrl":"https:\/\/gastora.eu\/wp-content\/uploads\/2026\/04\/sp-005-61656e5c34b6d.jpg","datePublished":"2026-04-25T16:29:20+00:00","dateModified":"2026-04-28T16:55:11+00:00","description":"Achetez Dispensateur de boissons - 3 x 18 L - \u00e9lectrique - incl m\u00e9canisme d'agitation au meilleur prix, fiable et performant avec une livraison rapide","breadcrumb":{"@id":"https:\/\/gastora.eu\/product\/dispensateur-de-boissons-3-x-18-l-lectrique-incl-mcanisme-dagitation\/#breadcrumb"},"inLanguage":"en-US","potentialAction":[{"@type":"ReadAction","target":["https:\/\/gastora.eu\/product\/dispensateur-de-boissons-3-x-18-l-lectrique-incl-mcanisme-dagitation\/"]}]},{"@type":"ImageObject","inLanguage":"en-US","@id":"https:\/\/gastora.eu\/product\/dispensateur-de-boissons-3-x-18-l-lectrique-incl-mcanisme-dagitation\/#primaryimage","url":"https:\/\/gastora.eu\/wp-content\/uploads\/2026\/04\/sp-005-61656e5c34b6d.jpg","contentUrl":"https:\/\/gastora.eu\/wp-content\/uploads\/2026\/04\/sp-005-61656e5c34b6d.jpg","width":1024,"height":1024},{"@type":"BreadcrumbList","@id":"https:\/\/gastora.eu\/product\/dispensateur-de-boissons-3-x-18-l-lectrique-incl-mcanisme-dagitation\/#breadcrumb","itemListElement":[{"@type":"ListItem","position":1,"name":"Home","item":"https:\/\/gastora.eu\/"},{"@type":"ListItem","position":2,"name":"Shop","item":"https:\/\/gastora.eu\/shop\/"},{"@type":"ListItem","position":3,"name":"Dispensateur de boissons &#8211; 3 x 18 L &#8211; \u00e9lectrique &#8211; incl m\u00e9canisme d&#8217;agitation"}]},{"@type":"WebSite","@id":"https:\/\/gastora.eu\/#website","url":"https:\/\/gastora.eu\/","name":"Gastora","description":"\u00c9quipements professionnels CHR","publisher":{"@id":"https:\/\/gastora.eu\/#organization"},"potentialAction":[{"@type":"SearchAction","target":{"@type":"EntryPoint","urlTemplate":"https:\/\/gastora.eu\/?s={search_term_string}"},"query-input":{"@type":"PropertyValueSpecification","valueRequired":true,"valueName":"search_term_string"}}],"inLanguage":"en-US"},{"@type":"Organization","@id":"https:\/\/gastora.eu\/#organization","name":"Gastora","url":"https:\/\/gastora.eu\/","logo":{"@type":"ImageObject","inLanguage":"en-US","@id":"https:\/\/gastora.eu\/#\/schema\/logo\/image\/","url":"https:\/\/gastora.eu\/wp-content\/uploads\/2025\/12\/ChatGPT-Image-2-janv.-2026-22_52_47-1.png","contentUrl":"https:\/\/gastora.eu\/wp-content\/uploads\/2025\/12\/ChatGPT-Image-2-janv.-2026-22_52_47-1.png","width":1536,"height":320,"caption":"Gastora"},"image":{"@id":"https:\/\/gastora.eu\/#\/schema\/logo\/image\/"}}]}},"jetpack_sharing_enabled":true,"_links":{"self":[{"href":"https:\/\/gastora.eu\/en\/wp-json\/wp\/v2\/product\/13745","targetHints":{"allow":["GET"]}}],"collection":[{"href":"https:\/\/gastora.eu\/en\/wp-json\/wp\/v2\/product"}],"about":[{"href":"https:\/\/gastora.eu\/en\/wp-json\/wp\/v2\/types\/product"}],"wp:featuredmedia":[{"embeddable":true,"href":"https:\/\/gastora.eu\/en\/wp-json\/wp\/v2\/media\/6238"}],"wp:attachment":[{"href":"https:\/\/gastora.eu\/en\/wp-json\/wp\/v2\/media?parent=13745"}],"wp:term":[{"taxonomy":"product_brand","embeddable":true,"href":"https:\/\/gastora.eu\/en\/wp-json\/wp\/v2\/product_brand?post=13745"},{"taxonomy":"product_cat","embeddable":true,"href":"https:\/\/gastora.eu\/en\/wp-json\/wp\/v2\/product_cat?post=13745"},{"taxonomy":"product_tag","embeddable":true,"href":"https:\/\/gastora.eu\/en\/wp-json\/wp\/v2\/product_tag?post=13745"}],"curies":[{"name":"wp","href":"https:\/\/api.w.org\/{rel}","templated":true}]}}