{"id":13742,"date":"2026-04-25T16:29:18","date_gmt":"2026-04-25T16:29:18","guid":{"rendered":"https:\/\/gastora.eu\/?post_type=product&#038;p=13742"},"modified":"2026-04-28T16:55:11","modified_gmt":"2026-04-28T16:55:11","slug":"blender-15-l-1500w-5-programmes","status":"publish","type":"product","link":"https:\/\/gastora.eu\/en\/product\/blender-15-l-1500w-5-programmes\/","title":{"rendered":"Blender &#8211; 1,5 L &#8211; 1500W &#8211; 5 programmes"},"content":{"rendered":"<p>Avec ce mixeur commercial de Maxima, vous optez pour la fiabilit\u00e9 et la commodit\u00e9. Le bouton de commande tactile vous permet de choisir parmi cinq programmes pour mixer rapidement une grande vari\u00e9t\u00e9 d&#8217;ingr\u00e9dients. Les puissantes lames en acier inoxydable tournent \u00e0 20 000 tours\/minute et peuvent m\u00eame transformer des gla\u00e7ons en glace pil\u00e9e en un rien de temps.<\/p>\n<h3>Utilisation simple et s\u00fbre<\/h3>\n<p>Ce mixeur a \u00e9t\u00e9 sp\u00e9cialement con\u00e7u dans un souci de s\u00e9curit\u00e9, afin de g\u00e9rer efficacement les d\u00e9g\u00e2ts qui pourraient survenir lors de son utilisation. Il est dot\u00e9 d&#8217;une protection contre la surchauffe et la surcharge, tandis que le bloc moteur est \u00e9quip\u00e9 d&#8217;un interrupteur de s\u00e9curit\u00e9. En outre, le couvercle sup\u00e9rieur comporte une ouverture de remplissage, ce qui permet d&#8217;ajouter des ingr\u00e9dients sans ouvrir l&#8217;appareil. L&#8217;inclusion d&#8217;un couvercle insonoris\u00e9 minimise le bruit, cr\u00e9ant ainsi un environnement de travail agr\u00e9able.<\/p>\n<h3>Nettoyage facile<\/h3>\n<p>La facilit\u00e9 de nettoyage est un \u00e9l\u00e9ment important \u00e0 prendre en compte lors de l&#8217;achat d&#8217;appareils destin\u00e9s \u00e0 \u00eatre utilis\u00e9s dans une cuisine professionnelle. Le fait de pouvoir nettoyer un mixeur est non seulement hygi\u00e9nique, mais permet \u00e9galement d&#8217;\u00e9viter que les saveurs ne se m\u00e9langent entre diff\u00e9rents plats. Le r\u00e9cipient et le couvercle peuvent \u00eatre retir\u00e9s et nettoy\u00e9s \u00e0 l&#8217;aide d&#8217;un peu d&#8217;eau savonneuse. Une solution encore plus simple consiste \u00e0 remplir le r\u00e9cipient aux trois quarts avec de l&#8217;eau chaude et un peu de liquide vaisselle, puis \u00e0 le mettre en marche. Il se nettoie ainsi rapidement et efficacement. Une fois le nettoyage termin\u00e9, il suffit de le s\u00e9cher \u00e0 l&#8217;aide d&#8217;un chiffon doux et le mixeur est pr\u00eat pour son prochain travail.<\/p>\n<p><strong>Caract\u00e9ristiques<\/strong><\/p>\n<ul>\n<li>Enceinte acoustique<\/li>\n<li>Cinq programmes<\/li>\n<li>Panneau de commande tactile avec fonction d&#8217;impulsion<\/li>\n<li>Ouverture dans le couvercle<\/li>\n<\/ul>\n<p><strong>Caract\u00e9ristiques du produit<\/strong><\/p>\n<ul>\n<li>Poids net : 5 kg<\/li>\n<li>Dimensions : L22 x P22 x H44,5cm L22 x P22 x H44,5cm<\/li>\n<li>Vitesse : 20 000 tours\/minute<\/li>\n<li>230V \/ 50Hz \/ 1 Phase 1500W<\/li>\n<\/ul>","protected":false},"excerpt":{"rendered":"<p>Ce mixeur professionnel noir a une capacit\u00e9 de 1,5 litre. Le r\u00e9cipient en plastique est dot\u00e9 d&#8217;un couvercle avec ouverture de remplissage et l&#8217;\u00e9cran tactile permet de s\u00e9lectionner l&#8217;un des cinq programmes et la fonction de pulsation. Ce blender peut traiter facilement de la glace pil\u00e9e et convient \u00e0 un usage quotidien intensif dans un bar ou une cuisine professionnelle.<\/p>","protected":false},"featured_media":6232,"template":"","meta":{"_acf_changed":false},"product_brand":[],"product_cat":[471],"product_tag":[],"class_list":{"0":"post-13742","1":"product","2":"type-product","3":"status-publish","4":"has-post-thumbnail","6":"product_cat-robots-cutters-2","8":"first","9":"instock","10":"sale","11":"taxable","12":"shipping-taxable","13":"purchasable","14":"product-type-simple"},"acf":[],"yoast_head":"<!-- This site is optimized with the Yoast SEO plugin v27.4 - https:\/\/yoast.com\/product\/yoast-seo-wordpress\/ -->\n<title>Blender - 1,5 L - 1500W - 5 programmes - Gastora<\/title>\n<meta name=\"description\" content=\"Achetez Blender - 1,5 L - 1500W - 5 programmes au meilleur prix, fiable et performant avec une livraison rapide\" \/>\n<meta name=\"robots\" content=\"index, follow, max-snippet:-1, max-image-preview:large, max-video-preview:-1\" \/>\n<link rel=\"canonical\" href=\"https:\/\/gastora.eu\/en\/product\/blender-15-l-1500w-5-programmes\/\" \/>\n<meta property=\"og:locale\" content=\"en_US\" \/>\n<meta property=\"og:type\" content=\"article\" \/>\n<meta property=\"og:title\" content=\"Blender - 1,5 L - 1500W - 5 programmes - Gastora\" \/>\n<meta property=\"og:description\" content=\"Achetez Blender - 1,5 L - 1500W - 5 programmes au meilleur prix, fiable et performant avec une livraison rapide\" \/>\n<meta property=\"og:url\" content=\"https:\/\/gastora.eu\/en\/product\/blender-15-l-1500w-5-programmes\/\" \/>\n<meta property=\"og:site_name\" content=\"Gastora\" \/>\n<meta property=\"article:modified_time\" content=\"2026-04-28T16:55:11+00:00\" \/>\n<meta name=\"twitter:card\" content=\"summary_large_image\" \/>\n<meta name=\"twitter:label1\" content=\"Est. reading time\" \/>\n\t<meta name=\"twitter:data1\" content=\"2 minutes\" \/>\n<script type=\"application\/ld+json\" class=\"yoast-schema-graph\">{\"@context\":\"https:\\\/\\\/schema.org\",\"@graph\":[{\"@type\":\"WebPage\",\"@id\":\"https:\\\/\\\/gastora.eu\\\/product\\\/blender-15-l-1500w-5-programmes\\\/\",\"url\":\"https:\\\/\\\/gastora.eu\\\/product\\\/blender-15-l-1500w-5-programmes\\\/\",\"name\":\"Blender - 1,5 L - 1500W - 5 programmes - Gastora\",\"isPartOf\":{\"@id\":\"https:\\\/\\\/gastora.eu\\\/#website\"},\"primaryImageOfPage\":{\"@id\":\"https:\\\/\\\/gastora.eu\\\/product\\\/blender-15-l-1500w-5-programmes\\\/#primaryimage\"},\"image\":{\"@id\":\"https:\\\/\\\/gastora.eu\\\/product\\\/blender-15-l-1500w-5-programmes\\\/#primaryimage\"},\"thumbnailUrl\":\"https:\\\/\\\/gastora.eu\\\/wp-content\\\/uploads\\\/2026\\\/04\\\/sp-1000-09379000.jpg\",\"datePublished\":\"2026-04-25T16:29:18+00:00\",\"dateModified\":\"2026-04-28T16:55:11+00:00\",\"description\":\"Achetez Blender - 1,5 L - 1500W - 5 programmes au meilleur prix, fiable et performant avec une livraison rapide\",\"breadcrumb\":{\"@id\":\"https:\\\/\\\/gastora.eu\\\/product\\\/blender-15-l-1500w-5-programmes\\\/#breadcrumb\"},\"inLanguage\":\"en-US\",\"potentialAction\":[{\"@type\":\"ReadAction\",\"target\":[\"https:\\\/\\\/gastora.eu\\\/product\\\/blender-15-l-1500w-5-programmes\\\/\"]}]},{\"@type\":\"ImageObject\",\"inLanguage\":\"en-US\",\"@id\":\"https:\\\/\\\/gastora.eu\\\/product\\\/blender-15-l-1500w-5-programmes\\\/#primaryimage\",\"url\":\"https:\\\/\\\/gastora.eu\\\/wp-content\\\/uploads\\\/2026\\\/04\\\/sp-1000-09379000.jpg\",\"contentUrl\":\"https:\\\/\\\/gastora.eu\\\/wp-content\\\/uploads\\\/2026\\\/04\\\/sp-1000-09379000.jpg\",\"width\":1200,\"height\":1200},{\"@type\":\"BreadcrumbList\",\"@id\":\"https:\\\/\\\/gastora.eu\\\/product\\\/blender-15-l-1500w-5-programmes\\\/#breadcrumb\",\"itemListElement\":[{\"@type\":\"ListItem\",\"position\":1,\"name\":\"Home\",\"item\":\"https:\\\/\\\/gastora.eu\\\/\"},{\"@type\":\"ListItem\",\"position\":2,\"name\":\"Shop\",\"item\":\"https:\\\/\\\/gastora.eu\\\/shop\\\/\"},{\"@type\":\"ListItem\",\"position\":3,\"name\":\"Blender &#8211; 1,5 L &#8211; 1500W &#8211; 5 programmes\"}]},{\"@type\":\"WebSite\",\"@id\":\"https:\\\/\\\/gastora.eu\\\/#website\",\"url\":\"https:\\\/\\\/gastora.eu\\\/\",\"name\":\"Gastora\",\"description\":\"\u00c9quipements professionnels CHR\",\"publisher\":{\"@id\":\"https:\\\/\\\/gastora.eu\\\/#organization\"},\"potentialAction\":[{\"@type\":\"SearchAction\",\"target\":{\"@type\":\"EntryPoint\",\"urlTemplate\":\"https:\\\/\\\/gastora.eu\\\/?s={search_term_string}\"},\"query-input\":{\"@type\":\"PropertyValueSpecification\",\"valueRequired\":true,\"valueName\":\"search_term_string\"}}],\"inLanguage\":\"en-US\"},{\"@type\":\"Organization\",\"@id\":\"https:\\\/\\\/gastora.eu\\\/#organization\",\"name\":\"Gastora\",\"url\":\"https:\\\/\\\/gastora.eu\\\/\",\"logo\":{\"@type\":\"ImageObject\",\"inLanguage\":\"en-US\",\"@id\":\"https:\\\/\\\/gastora.eu\\\/#\\\/schema\\\/logo\\\/image\\\/\",\"url\":\"https:\\\/\\\/gastora.eu\\\/wp-content\\\/uploads\\\/2025\\\/12\\\/ChatGPT-Image-2-janv.-2026-22_52_47-1.png\",\"contentUrl\":\"https:\\\/\\\/gastora.eu\\\/wp-content\\\/uploads\\\/2025\\\/12\\\/ChatGPT-Image-2-janv.-2026-22_52_47-1.png\",\"width\":1536,\"height\":320,\"caption\":\"Gastora\"},\"image\":{\"@id\":\"https:\\\/\\\/gastora.eu\\\/#\\\/schema\\\/logo\\\/image\\\/\"}}]}<\/script>\n<!-- \/ Yoast SEO plugin. -->","yoast_head_json":{"title":"Blender - 1,5 L - 1500W - 5 programmes - Gastora","description":"Achetez Blender - 1,5 L - 1500W - 5 programmes au meilleur prix, fiable et performant avec une livraison rapide","robots":{"index":"index","follow":"follow","max-snippet":"max-snippet:-1","max-image-preview":"max-image-preview:large","max-video-preview":"max-video-preview:-1"},"canonical":"https:\/\/gastora.eu\/en\/product\/blender-15-l-1500w-5-programmes\/","og_locale":"en_US","og_type":"article","og_title":"Blender - 1,5 L - 1500W - 5 programmes - Gastora","og_description":"Achetez Blender - 1,5 L - 1500W - 5 programmes au meilleur prix, fiable et performant avec une livraison rapide","og_url":"https:\/\/gastora.eu\/en\/product\/blender-15-l-1500w-5-programmes\/","og_site_name":"Gastora","article_modified_time":"2026-04-28T16:55:11+00:00","twitter_card":"summary_large_image","twitter_misc":{"Est. reading time":"2 minutes"},"schema":{"@context":"https:\/\/schema.org","@graph":[{"@type":"WebPage","@id":"https:\/\/gastora.eu\/product\/blender-15-l-1500w-5-programmes\/","url":"https:\/\/gastora.eu\/product\/blender-15-l-1500w-5-programmes\/","name":"Blender - 1,5 L - 1500W - 5 programmes - Gastora","isPartOf":{"@id":"https:\/\/gastora.eu\/#website"},"primaryImageOfPage":{"@id":"https:\/\/gastora.eu\/product\/blender-15-l-1500w-5-programmes\/#primaryimage"},"image":{"@id":"https:\/\/gastora.eu\/product\/blender-15-l-1500w-5-programmes\/#primaryimage"},"thumbnailUrl":"https:\/\/gastora.eu\/wp-content\/uploads\/2026\/04\/sp-1000-09379000.jpg","datePublished":"2026-04-25T16:29:18+00:00","dateModified":"2026-04-28T16:55:11+00:00","description":"Achetez Blender - 1,5 L - 1500W - 5 programmes au meilleur prix, fiable et performant avec une livraison rapide","breadcrumb":{"@id":"https:\/\/gastora.eu\/product\/blender-15-l-1500w-5-programmes\/#breadcrumb"},"inLanguage":"en-US","potentialAction":[{"@type":"ReadAction","target":["https:\/\/gastora.eu\/product\/blender-15-l-1500w-5-programmes\/"]}]},{"@type":"ImageObject","inLanguage":"en-US","@id":"https:\/\/gastora.eu\/product\/blender-15-l-1500w-5-programmes\/#primaryimage","url":"https:\/\/gastora.eu\/wp-content\/uploads\/2026\/04\/sp-1000-09379000.jpg","contentUrl":"https:\/\/gastora.eu\/wp-content\/uploads\/2026\/04\/sp-1000-09379000.jpg","width":1200,"height":1200},{"@type":"BreadcrumbList","@id":"https:\/\/gastora.eu\/product\/blender-15-l-1500w-5-programmes\/#breadcrumb","itemListElement":[{"@type":"ListItem","position":1,"name":"Home","item":"https:\/\/gastora.eu\/"},{"@type":"ListItem","position":2,"name":"Shop","item":"https:\/\/gastora.eu\/shop\/"},{"@type":"ListItem","position":3,"name":"Blender &#8211; 1,5 L &#8211; 1500W &#8211; 5 programmes"}]},{"@type":"WebSite","@id":"https:\/\/gastora.eu\/#website","url":"https:\/\/gastora.eu\/","name":"Gastora","description":"\u00c9quipements professionnels CHR","publisher":{"@id":"https:\/\/gastora.eu\/#organization"},"potentialAction":[{"@type":"SearchAction","target":{"@type":"EntryPoint","urlTemplate":"https:\/\/gastora.eu\/?s={search_term_string}"},"query-input":{"@type":"PropertyValueSpecification","valueRequired":true,"valueName":"search_term_string"}}],"inLanguage":"en-US"},{"@type":"Organization","@id":"https:\/\/gastora.eu\/#organization","name":"Gastora","url":"https:\/\/gastora.eu\/","logo":{"@type":"ImageObject","inLanguage":"en-US","@id":"https:\/\/gastora.eu\/#\/schema\/logo\/image\/","url":"https:\/\/gastora.eu\/wp-content\/uploads\/2025\/12\/ChatGPT-Image-2-janv.-2026-22_52_47-1.png","contentUrl":"https:\/\/gastora.eu\/wp-content\/uploads\/2025\/12\/ChatGPT-Image-2-janv.-2026-22_52_47-1.png","width":1536,"height":320,"caption":"Gastora"},"image":{"@id":"https:\/\/gastora.eu\/#\/schema\/logo\/image\/"}}]}},"jetpack_sharing_enabled":true,"_links":{"self":[{"href":"https:\/\/gastora.eu\/en\/wp-json\/wp\/v2\/product\/13742","targetHints":{"allow":["GET"]}}],"collection":[{"href":"https:\/\/gastora.eu\/en\/wp-json\/wp\/v2\/product"}],"about":[{"href":"https:\/\/gastora.eu\/en\/wp-json\/wp\/v2\/types\/product"}],"wp:featuredmedia":[{"embeddable":true,"href":"https:\/\/gastora.eu\/en\/wp-json\/wp\/v2\/media\/6232"}],"wp:attachment":[{"href":"https:\/\/gastora.eu\/en\/wp-json\/wp\/v2\/media?parent=13742"}],"wp:term":[{"taxonomy":"product_brand","embeddable":true,"href":"https:\/\/gastora.eu\/en\/wp-json\/wp\/v2\/product_brand?post=13742"},{"taxonomy":"product_cat","embeddable":true,"href":"https:\/\/gastora.eu\/en\/wp-json\/wp\/v2\/product_cat?post=13742"},{"taxonomy":"product_tag","embeddable":true,"href":"https:\/\/gastora.eu\/en\/wp-json\/wp\/v2\/product_tag?post=13742"}],"curies":[{"name":"wp","href":"https:\/\/api.w.org\/{rel}","templated":true}]}}