{"id":13739,"date":"2026-04-25T16:29:15","date_gmt":"2026-04-25T16:29:15","guid":{"rendered":"https:\/\/gastora.eu\/?post_type=product&#038;p=13739"},"modified":"2026-04-27T08:33:10","modified_gmt":"2026-04-27T08:33:10","slug":"presse-orange-lectrique-8-kg-25-par-min","status":"publish","type":"product","link":"https:\/\/gastora.eu\/en\/product\/presse-orange-lectrique-8-kg-25-par-min\/","title":{"rendered":"Presse-orange \u00e9lectrique &#8211; 8 kg &#8211; 25 par min"},"content":{"rendered":"<p>Ce presse-orange automatique est un atout pour tout restaurant self-service, cantine d&#8217;entreprise, caf\u00e9 ou supermarch\u00e9. L&#8217;avantage d&#8217;un presse-orange automatique est qu&#8217;il permet de presser le jus de divers agrumes sans aucun travail manuel. Avec une capacit\u00e9 de charge de 8 kg, ce mod\u00e8le de table compact permet de presser entre 18 et 25 oranges par minute. Gr\u00e2ce \u00e0 son moteur puissant et \u00e0 son syst\u00e8me de pressage \u00e0 engrenages m\u00e9talliques, ce presse-agrumes est un appareil de cuisine \u00e0 la fois rapide et durable. Le diam\u00e8tre des oranges que cet appareil peut traiter est de 6 \u00e0 8 cm.<\/p>\n<h3>Facile \u00e0 utiliser<\/h3>\n<p>Ce presse-agrumes professionnel est tr\u00e8s facile \u00e0 utiliser. Les oranges peuvent \u00eatre plac\u00e9es dans le panier sup\u00e9rieur et vous pouvez placer un r\u00e9cipient sous le bec verseur pour recueillir le jus. Vous pouvez \u00e9galement utiliser des verres ou des bouteilles de moins de 16 cm de haut. Sur le c\u00f4t\u00e9 de l&#8217;appareil, vous trouverez les boutons de marche et d&#8217;arr\u00eat. Le presse-orange est \u00e9quip\u00e9 de plusieurs interrupteurs de s\u00e9curit\u00e9 afin que le jus d&#8217;orange frais puisse \u00eatre press\u00e9 en toute s\u00e9curit\u00e9. Comme ce presse-orange est un peu lourd \u00e0 d\u00e9placer, une base mobile en acier inoxydable peut \u00eatre command\u00e9e dans notre boutique en ligne pour vous aider \u00e0 le transporter dans la cuisine et \u00e0 le nettoyer.<\/p>\n<h3>Nettoyage facile<\/h3>\n<p>Le nettoyage de cet appareil de cuisine est tr\u00e8s simple. Les plateaux de collecte, le bo\u00eetier et le panier sup\u00e9rieur sont tous en acier inoxydable et les pi\u00e8ces de la presse sont fabriqu\u00e9es dans un mat\u00e9riau anticorrosion. Toutes les pi\u00e8ces de la presse peuvent \u00eatre retir\u00e9es de l&#8217;appareil pour \u00eatre nettoy\u00e9es. Elles peuvent ensuite \u00eatre nettoy\u00e9es manuellement avec de l&#8217;eau chaude et un d\u00e9tergent doux. Le bo\u00eetier peut \u00eatre nettoy\u00e9 avec une \u00e9ponge, de l&#8217;eau chaude et un d\u00e9tergent doux. \u00c0 l&#8217;aide d&#8217;un chiffon doux, veillez \u00e0 s\u00e9cher toutes les pi\u00e8ces et l&#8217;ext\u00e9rieur. Le nettoyage de la presse au moins une fois par jour contribue \u00e0 de bonnes normes d&#8217;hygi\u00e8ne et au maintien de la qualit\u00e9 de la machine au fil du temps.<\/p>\n<p><strong>Caract\u00e9ristiques<\/strong><\/p>\n<ul>\n<li>Mod\u00e8le compact de table<\/li>\n<li>Comprend plusieurs interrupteurs de s\u00e9curit\u00e9<\/li>\n<li>Pressage de 18 \u00e0 25 oranges par minute<\/li>\n<li>Hauteur maximale des verres : 16 cm<\/li>\n<li>Parties du pressoir amovibles pour un nettoyage plus facile<\/li>\n<\/ul>\n<p><strong>Caract\u00e9ristiques du produit<\/strong><\/p>\n<ul>\n<li>Poids net : 41kg<\/li>\n<li>Capacit\u00e9 : 8kg<\/li>\n<li>Capacit\u00e9 de pressage : 18-25 oranges par minute<\/li>\n<li>Dimensions : L45 x P36 x H77,5cm L45 x P36 x H77,5cm<\/li>\n<li>Diam\u00e8tre des oranges : 6-8cm<\/li>\n<li>230V \/ 50Hz \/ 1 Phase 200W<\/li>\n<\/ul>","protected":false},"excerpt":{"rendered":"<p>Ce presse-orange automatique est fabriqu\u00e9 en acier inoxydable de haute qualit\u00e9 et a une capacit\u00e9 de charge de 8 kg. Vous pouvez presser entre 18 et 25 oranges par minute sans effort. Les pi\u00e8ces de la presse sont amovibles, ce qui facilite le nettoyage. Il peut \u00eatre utilis\u00e9 en libre-service, mais aussi dans les bars et les restaurants.<\/p>","protected":false},"featured_media":6226,"template":"","meta":{"_acf_changed":false},"product_brand":[],"product_cat":[41],"product_tag":[],"class_list":{"0":"post-13739","1":"product","2":"type-product","3":"status-publish","4":"has-post-thumbnail","6":"product_cat-preparation","8":"first","9":"instock","10":"sale","11":"taxable","12":"shipping-taxable","13":"purchasable","14":"product-type-simple"},"acf":[],"yoast_head":"<!-- This site is optimized with the Yoast SEO plugin v27.4 - https:\/\/yoast.com\/product\/yoast-seo-wordpress\/ -->\n<title>Presse-orange \u00e9lectrique - 8 kg - 25 par min - Gastora<\/title>\n<meta name=\"description\" content=\"Achetez Presse-orange \u00e9lectrique - 8 kg - 25 par min au meilleur prix, fiable et performant avec une livraison rapide\" \/>\n<meta name=\"robots\" content=\"index, follow, max-snippet:-1, max-image-preview:large, max-video-preview:-1\" \/>\n<link rel=\"canonical\" href=\"https:\/\/gastora.eu\/en\/product\/presse-orange-lectrique-8-kg-25-par-min\/\" \/>\n<meta property=\"og:locale\" content=\"en_US\" \/>\n<meta property=\"og:type\" content=\"article\" \/>\n<meta property=\"og:title\" content=\"Presse-orange \u00e9lectrique - 8 kg - 25 par min - Gastora\" \/>\n<meta property=\"og:description\" content=\"Achetez Presse-orange \u00e9lectrique - 8 kg - 25 par min au meilleur prix, fiable et performant avec une livraison rapide\" \/>\n<meta property=\"og:url\" content=\"https:\/\/gastora.eu\/en\/product\/presse-orange-lectrique-8-kg-25-par-min\/\" \/>\n<meta property=\"og:site_name\" content=\"Gastora\" \/>\n<meta property=\"article:modified_time\" content=\"2026-04-27T08:33:10+00:00\" \/>\n<meta name=\"twitter:card\" content=\"summary_large_image\" \/>\n<meta name=\"twitter:label1\" content=\"Est. reading time\" \/>\n\t<meta name=\"twitter:data1\" content=\"2 minutes\" \/>\n<script type=\"application\/ld+json\" class=\"yoast-schema-graph\">{\"@context\":\"https:\\\/\\\/schema.org\",\"@graph\":[{\"@type\":\"WebPage\",\"@id\":\"https:\\\/\\\/gastora.eu\\\/product\\\/presse-orange-lectrique-8-kg-25-par-min\\\/\",\"url\":\"https:\\\/\\\/gastora.eu\\\/product\\\/presse-orange-lectrique-8-kg-25-par-min\\\/\",\"name\":\"Presse-orange \u00e9lectrique - 8 kg - 25 par min - Gastora\",\"isPartOf\":{\"@id\":\"https:\\\/\\\/gastora.eu\\\/#website\"},\"primaryImageOfPage\":{\"@id\":\"https:\\\/\\\/gastora.eu\\\/product\\\/presse-orange-lectrique-8-kg-25-par-min\\\/#primaryimage\"},\"image\":{\"@id\":\"https:\\\/\\\/gastora.eu\\\/product\\\/presse-orange-lectrique-8-kg-25-par-min\\\/#primaryimage\"},\"thumbnailUrl\":\"https:\\\/\\\/gastora.eu\\\/wp-content\\\/uploads\\\/2026\\\/04\\\/maj25-005.jpg\",\"datePublished\":\"2026-04-25T16:29:15+00:00\",\"dateModified\":\"2026-04-27T08:33:10+00:00\",\"description\":\"Achetez Presse-orange \u00e9lectrique - 8 kg - 25 par min au meilleur prix, fiable et performant avec une livraison rapide\",\"breadcrumb\":{\"@id\":\"https:\\\/\\\/gastora.eu\\\/product\\\/presse-orange-lectrique-8-kg-25-par-min\\\/#breadcrumb\"},\"inLanguage\":\"en-US\",\"potentialAction\":[{\"@type\":\"ReadAction\",\"target\":[\"https:\\\/\\\/gastora.eu\\\/product\\\/presse-orange-lectrique-8-kg-25-par-min\\\/\"]}]},{\"@type\":\"ImageObject\",\"inLanguage\":\"en-US\",\"@id\":\"https:\\\/\\\/gastora.eu\\\/product\\\/presse-orange-lectrique-8-kg-25-par-min\\\/#primaryimage\",\"url\":\"https:\\\/\\\/gastora.eu\\\/wp-content\\\/uploads\\\/2026\\\/04\\\/maj25-005.jpg\",\"contentUrl\":\"https:\\\/\\\/gastora.eu\\\/wp-content\\\/uploads\\\/2026\\\/04\\\/maj25-005.jpg\",\"width\":1200,\"height\":1200},{\"@type\":\"BreadcrumbList\",\"@id\":\"https:\\\/\\\/gastora.eu\\\/product\\\/presse-orange-lectrique-8-kg-25-par-min\\\/#breadcrumb\",\"itemListElement\":[{\"@type\":\"ListItem\",\"position\":1,\"name\":\"Home\",\"item\":\"https:\\\/\\\/gastora.eu\\\/\"},{\"@type\":\"ListItem\",\"position\":2,\"name\":\"Shop\",\"item\":\"https:\\\/\\\/gastora.eu\\\/shop\\\/\"},{\"@type\":\"ListItem\",\"position\":3,\"name\":\"Presse-orange \u00e9lectrique &#8211; 8 kg &#8211; 25 par min\"}]},{\"@type\":\"WebSite\",\"@id\":\"https:\\\/\\\/gastora.eu\\\/#website\",\"url\":\"https:\\\/\\\/gastora.eu\\\/\",\"name\":\"Gastora\",\"description\":\"\u00c9quipements professionnels CHR\",\"publisher\":{\"@id\":\"https:\\\/\\\/gastora.eu\\\/#organization\"},\"potentialAction\":[{\"@type\":\"SearchAction\",\"target\":{\"@type\":\"EntryPoint\",\"urlTemplate\":\"https:\\\/\\\/gastora.eu\\\/?s={search_term_string}\"},\"query-input\":{\"@type\":\"PropertyValueSpecification\",\"valueRequired\":true,\"valueName\":\"search_term_string\"}}],\"inLanguage\":\"en-US\"},{\"@type\":\"Organization\",\"@id\":\"https:\\\/\\\/gastora.eu\\\/#organization\",\"name\":\"Gastora\",\"url\":\"https:\\\/\\\/gastora.eu\\\/\",\"logo\":{\"@type\":\"ImageObject\",\"inLanguage\":\"en-US\",\"@id\":\"https:\\\/\\\/gastora.eu\\\/#\\\/schema\\\/logo\\\/image\\\/\",\"url\":\"https:\\\/\\\/gastora.eu\\\/wp-content\\\/uploads\\\/2025\\\/12\\\/ChatGPT-Image-2-janv.-2026-22_52_47-1.png\",\"contentUrl\":\"https:\\\/\\\/gastora.eu\\\/wp-content\\\/uploads\\\/2025\\\/12\\\/ChatGPT-Image-2-janv.-2026-22_52_47-1.png\",\"width\":1536,\"height\":320,\"caption\":\"Gastora\"},\"image\":{\"@id\":\"https:\\\/\\\/gastora.eu\\\/#\\\/schema\\\/logo\\\/image\\\/\"}}]}<\/script>\n<!-- \/ Yoast SEO plugin. -->","yoast_head_json":{"title":"Presse-orange \u00e9lectrique - 8 kg - 25 par min - Gastora","description":"Achetez Presse-orange \u00e9lectrique - 8 kg - 25 par min au meilleur prix, fiable et performant avec une livraison rapide","robots":{"index":"index","follow":"follow","max-snippet":"max-snippet:-1","max-image-preview":"max-image-preview:large","max-video-preview":"max-video-preview:-1"},"canonical":"https:\/\/gastora.eu\/en\/product\/presse-orange-lectrique-8-kg-25-par-min\/","og_locale":"en_US","og_type":"article","og_title":"Presse-orange \u00e9lectrique - 8 kg - 25 par min - Gastora","og_description":"Achetez Presse-orange \u00e9lectrique - 8 kg - 25 par min au meilleur prix, fiable et performant avec une livraison rapide","og_url":"https:\/\/gastora.eu\/en\/product\/presse-orange-lectrique-8-kg-25-par-min\/","og_site_name":"Gastora","article_modified_time":"2026-04-27T08:33:10+00:00","twitter_card":"summary_large_image","twitter_misc":{"Est. reading time":"2 minutes"},"schema":{"@context":"https:\/\/schema.org","@graph":[{"@type":"WebPage","@id":"https:\/\/gastora.eu\/product\/presse-orange-lectrique-8-kg-25-par-min\/","url":"https:\/\/gastora.eu\/product\/presse-orange-lectrique-8-kg-25-par-min\/","name":"Presse-orange \u00e9lectrique - 8 kg - 25 par min - Gastora","isPartOf":{"@id":"https:\/\/gastora.eu\/#website"},"primaryImageOfPage":{"@id":"https:\/\/gastora.eu\/product\/presse-orange-lectrique-8-kg-25-par-min\/#primaryimage"},"image":{"@id":"https:\/\/gastora.eu\/product\/presse-orange-lectrique-8-kg-25-par-min\/#primaryimage"},"thumbnailUrl":"https:\/\/gastora.eu\/wp-content\/uploads\/2026\/04\/maj25-005.jpg","datePublished":"2026-04-25T16:29:15+00:00","dateModified":"2026-04-27T08:33:10+00:00","description":"Achetez Presse-orange \u00e9lectrique - 8 kg - 25 par min au meilleur prix, fiable et performant avec une livraison rapide","breadcrumb":{"@id":"https:\/\/gastora.eu\/product\/presse-orange-lectrique-8-kg-25-par-min\/#breadcrumb"},"inLanguage":"en-US","potentialAction":[{"@type":"ReadAction","target":["https:\/\/gastora.eu\/product\/presse-orange-lectrique-8-kg-25-par-min\/"]}]},{"@type":"ImageObject","inLanguage":"en-US","@id":"https:\/\/gastora.eu\/product\/presse-orange-lectrique-8-kg-25-par-min\/#primaryimage","url":"https:\/\/gastora.eu\/wp-content\/uploads\/2026\/04\/maj25-005.jpg","contentUrl":"https:\/\/gastora.eu\/wp-content\/uploads\/2026\/04\/maj25-005.jpg","width":1200,"height":1200},{"@type":"BreadcrumbList","@id":"https:\/\/gastora.eu\/product\/presse-orange-lectrique-8-kg-25-par-min\/#breadcrumb","itemListElement":[{"@type":"ListItem","position":1,"name":"Home","item":"https:\/\/gastora.eu\/"},{"@type":"ListItem","position":2,"name":"Shop","item":"https:\/\/gastora.eu\/shop\/"},{"@type":"ListItem","position":3,"name":"Presse-orange \u00e9lectrique &#8211; 8 kg &#8211; 25 par min"}]},{"@type":"WebSite","@id":"https:\/\/gastora.eu\/#website","url":"https:\/\/gastora.eu\/","name":"Gastora","description":"\u00c9quipements professionnels CHR","publisher":{"@id":"https:\/\/gastora.eu\/#organization"},"potentialAction":[{"@type":"SearchAction","target":{"@type":"EntryPoint","urlTemplate":"https:\/\/gastora.eu\/?s={search_term_string}"},"query-input":{"@type":"PropertyValueSpecification","valueRequired":true,"valueName":"search_term_string"}}],"inLanguage":"en-US"},{"@type":"Organization","@id":"https:\/\/gastora.eu\/#organization","name":"Gastora","url":"https:\/\/gastora.eu\/","logo":{"@type":"ImageObject","inLanguage":"en-US","@id":"https:\/\/gastora.eu\/#\/schema\/logo\/image\/","url":"https:\/\/gastora.eu\/wp-content\/uploads\/2025\/12\/ChatGPT-Image-2-janv.-2026-22_52_47-1.png","contentUrl":"https:\/\/gastora.eu\/wp-content\/uploads\/2025\/12\/ChatGPT-Image-2-janv.-2026-22_52_47-1.png","width":1536,"height":320,"caption":"Gastora"},"image":{"@id":"https:\/\/gastora.eu\/#\/schema\/logo\/image\/"}}]}},"jetpack_sharing_enabled":true,"_links":{"self":[{"href":"https:\/\/gastora.eu\/en\/wp-json\/wp\/v2\/product\/13739","targetHints":{"allow":["GET"]}}],"collection":[{"href":"https:\/\/gastora.eu\/en\/wp-json\/wp\/v2\/product"}],"about":[{"href":"https:\/\/gastora.eu\/en\/wp-json\/wp\/v2\/types\/product"}],"wp:featuredmedia":[{"embeddable":true,"href":"https:\/\/gastora.eu\/en\/wp-json\/wp\/v2\/media\/6226"}],"wp:attachment":[{"href":"https:\/\/gastora.eu\/en\/wp-json\/wp\/v2\/media?parent=13739"}],"wp:term":[{"taxonomy":"product_brand","embeddable":true,"href":"https:\/\/gastora.eu\/en\/wp-json\/wp\/v2\/product_brand?post=13739"},{"taxonomy":"product_cat","embeddable":true,"href":"https:\/\/gastora.eu\/en\/wp-json\/wp\/v2\/product_cat?post=13739"},{"taxonomy":"product_tag","embeddable":true,"href":"https:\/\/gastora.eu\/en\/wp-json\/wp\/v2\/product_tag?post=13739"}],"curies":[{"name":"wp","href":"https:\/\/api.w.org\/{rel}","templated":true}]}}