{"id":13738,"date":"2026-04-25T16:29:14","date_gmt":"2026-04-25T16:29:14","guid":{"rendered":"https:\/\/gastora.eu\/?post_type=product&#038;p=13738"},"modified":"2026-04-26T08:28:20","modified_gmt":"2026-04-26T08:28:20","slug":"pierre-pizza-plaque-dflectrice-165-inch42-cm","status":"publish","type":"product","link":"https:\/\/gastora.eu\/en\/product\/pierre-pizza-plaque-dflectrice-165-inch42-cm\/","title":{"rendered":"Pierre \u00e0 Pizza \/ Plaque D\u00e9flectrice \u00d8 16,5 inch\/42 cm"},"content":{"rendered":"<p>La pierre \u00e0 pizza n&#8217;est pas seulement utile pour cuire des pizzas, mais vous pouvez \u00e9galement y faire cuire des biscuits, par exemple. Un autre avantage de la pierre \u00e0 pizza est qu&#8217;elle reste chaude beaucoup plus longtemps qu&#8217;une plaque de cuisson. La pierre absorbe la chaleur du barbecue, de sorte qu&#8217;elle refroidit moins vite. Ainsi, votre pizza reste chaude plus longtemps.<\/p>\n<p>La pierre \u00e0 pizza peut \u00e9galement \u00eatre utilis\u00e9e comme plaque d\u00e9flectrice pour le poseur de plaques.<\/p>\n<p>Caract\u00e9ristiques du produit<\/p>\n<ul>\n<li>Dimensions de la pierre : \u00d8 16,5 inch\/42 cm<\/li>\n<li>Convient pour le barbecue \u00d8 26 inch\/66 cm<\/li>\n<\/ul>","protected":false},"excerpt":{"rendered":"<p>Avec cette pierre \u00e0 pizza de 420 mm, vous pouvez cuire les pizzas les plus savoureuses sur votre barbecue. La pierre \u00e0 pizza r\u00e9siste \u00e0 une chaleur consid\u00e9rable et ne s&#8217;ab\u00eeme pas rapidement.<\/p>","protected":false},"featured_media":6224,"template":"","meta":{"_acf_changed":false},"product_brand":[],"product_cat":[470],"product_tag":[],"class_list":{"0":"post-13738","1":"product","2":"type-product","3":"status-publish","4":"has-post-thumbnail","6":"product_cat-grills-planchas-2","8":"first","9":"instock","10":"sale","11":"taxable","12":"shipping-taxable","13":"purchasable","14":"product-type-simple"},"acf":[],"yoast_head":"<!-- This site is optimized with the Yoast SEO plugin v27.4 - https:\/\/yoast.com\/product\/yoast-seo-wordpress\/ -->\n<title>Pierre \u00e0 Pizza \/ Plaque D\u00e9flectrice \u00d8 16,5 inch\/42 cm - Gastora<\/title>\n<meta name=\"description\" content=\"Achetez Pierre \u00e0 Pizza \/ Plaque D\u00e9flectrice \u00d8 16,5 inch\/42 cm au meilleur prix, fiable et performant avec une livraison rapide\" \/>\n<meta name=\"robots\" content=\"index, follow, max-snippet:-1, max-image-preview:large, max-video-preview:-1\" \/>\n<link rel=\"canonical\" href=\"https:\/\/gastora.eu\/en\/product\/pierre-pizza-plaque-dflectrice-165-inch42-cm\/\" \/>\n<meta property=\"og:locale\" content=\"en_US\" \/>\n<meta property=\"og:type\" content=\"article\" \/>\n<meta property=\"og:title\" content=\"Pierre \u00e0 Pizza \/ Plaque D\u00e9flectrice \u00d8 16,5 inch\/42 cm - Gastora\" \/>\n<meta property=\"og:description\" content=\"Achetez Pierre \u00e0 Pizza \/ Plaque D\u00e9flectrice \u00d8 16,5 inch\/42 cm au meilleur prix, fiable et performant avec une livraison rapide\" \/>\n<meta property=\"og:url\" content=\"https:\/\/gastora.eu\/en\/product\/pierre-pizza-plaque-dflectrice-165-inch42-cm\/\" \/>\n<meta property=\"og:site_name\" content=\"Gastora\" \/>\n<meta property=\"article:modified_time\" content=\"2026-04-26T08:28:20+00:00\" \/>\n<meta name=\"twitter:card\" content=\"summary_large_image\" \/>\n<script type=\"application\/ld+json\" class=\"yoast-schema-graph\">{\"@context\":\"https:\\\/\\\/schema.org\",\"@graph\":[{\"@type\":\"WebPage\",\"@id\":\"https:\\\/\\\/gastora.eu\\\/product\\\/pierre-pizza-plaque-dflectrice-165-inch42-cm\\\/\",\"url\":\"https:\\\/\\\/gastora.eu\\\/product\\\/pierre-pizza-plaque-dflectrice-165-inch42-cm\\\/\",\"name\":\"Pierre \u00e0 Pizza \\\/ Plaque D\u00e9flectrice \u00d8 16,5 inch\\\/42 cm - Gastora\",\"isPartOf\":{\"@id\":\"https:\\\/\\\/gastora.eu\\\/#website\"},\"primaryImageOfPage\":{\"@id\":\"https:\\\/\\\/gastora.eu\\\/product\\\/pierre-pizza-plaque-dflectrice-165-inch42-cm\\\/#primaryimage\"},\"image\":{\"@id\":\"https:\\\/\\\/gastora.eu\\\/product\\\/pierre-pizza-plaque-dflectrice-165-inch42-cm\\\/#primaryimage\"},\"thumbnailUrl\":\"https:\\\/\\\/gastora.eu\\\/wp-content\\\/uploads\\\/2026\\\/04\\\/09378104-3296.jpg\",\"datePublished\":\"2026-04-25T16:29:14+00:00\",\"dateModified\":\"2026-04-26T08:28:20+00:00\",\"description\":\"Achetez Pierre \u00e0 Pizza \\\/ Plaque D\u00e9flectrice \u00d8 16,5 inch\\\/42 cm au meilleur prix, fiable et performant avec une livraison rapide\",\"breadcrumb\":{\"@id\":\"https:\\\/\\\/gastora.eu\\\/product\\\/pierre-pizza-plaque-dflectrice-165-inch42-cm\\\/#breadcrumb\"},\"inLanguage\":\"en-US\",\"potentialAction\":[{\"@type\":\"ReadAction\",\"target\":[\"https:\\\/\\\/gastora.eu\\\/product\\\/pierre-pizza-plaque-dflectrice-165-inch42-cm\\\/\"]}]},{\"@type\":\"ImageObject\",\"inLanguage\":\"en-US\",\"@id\":\"https:\\\/\\\/gastora.eu\\\/product\\\/pierre-pizza-plaque-dflectrice-165-inch42-cm\\\/#primaryimage\",\"url\":\"https:\\\/\\\/gastora.eu\\\/wp-content\\\/uploads\\\/2026\\\/04\\\/09378104-3296.jpg\",\"contentUrl\":\"https:\\\/\\\/gastora.eu\\\/wp-content\\\/uploads\\\/2026\\\/04\\\/09378104-3296.jpg\",\"width\":1200,\"height\":1200},{\"@type\":\"BreadcrumbList\",\"@id\":\"https:\\\/\\\/gastora.eu\\\/product\\\/pierre-pizza-plaque-dflectrice-165-inch42-cm\\\/#breadcrumb\",\"itemListElement\":[{\"@type\":\"ListItem\",\"position\":1,\"name\":\"Home\",\"item\":\"https:\\\/\\\/gastora.eu\\\/\"},{\"@type\":\"ListItem\",\"position\":2,\"name\":\"Shop\",\"item\":\"https:\\\/\\\/gastora.eu\\\/shop\\\/\"},{\"@type\":\"ListItem\",\"position\":3,\"name\":\"Pierre \u00e0 Pizza \\\/ Plaque D\u00e9flectrice \u00d8 16,5 inch\\\/42 cm\"}]},{\"@type\":\"WebSite\",\"@id\":\"https:\\\/\\\/gastora.eu\\\/#website\",\"url\":\"https:\\\/\\\/gastora.eu\\\/\",\"name\":\"Gastora\",\"description\":\"\u00c9quipements professionnels CHR\",\"publisher\":{\"@id\":\"https:\\\/\\\/gastora.eu\\\/#organization\"},\"potentialAction\":[{\"@type\":\"SearchAction\",\"target\":{\"@type\":\"EntryPoint\",\"urlTemplate\":\"https:\\\/\\\/gastora.eu\\\/?s={search_term_string}\"},\"query-input\":{\"@type\":\"PropertyValueSpecification\",\"valueRequired\":true,\"valueName\":\"search_term_string\"}}],\"inLanguage\":\"en-US\"},{\"@type\":\"Organization\",\"@id\":\"https:\\\/\\\/gastora.eu\\\/#organization\",\"name\":\"Gastora\",\"url\":\"https:\\\/\\\/gastora.eu\\\/\",\"logo\":{\"@type\":\"ImageObject\",\"inLanguage\":\"en-US\",\"@id\":\"https:\\\/\\\/gastora.eu\\\/#\\\/schema\\\/logo\\\/image\\\/\",\"url\":\"https:\\\/\\\/gastora.eu\\\/wp-content\\\/uploads\\\/2025\\\/12\\\/ChatGPT-Image-2-janv.-2026-22_52_47-1.png\",\"contentUrl\":\"https:\\\/\\\/gastora.eu\\\/wp-content\\\/uploads\\\/2025\\\/12\\\/ChatGPT-Image-2-janv.-2026-22_52_47-1.png\",\"width\":1536,\"height\":320,\"caption\":\"Gastora\"},\"image\":{\"@id\":\"https:\\\/\\\/gastora.eu\\\/#\\\/schema\\\/logo\\\/image\\\/\"}}]}<\/script>\n<!-- \/ Yoast SEO plugin. -->","yoast_head_json":{"title":"Pierre \u00e0 Pizza \/ Plaque D\u00e9flectrice \u00d8 16,5 inch\/42 cm - Gastora","description":"Achetez Pierre \u00e0 Pizza \/ Plaque D\u00e9flectrice \u00d8 16,5 inch\/42 cm au meilleur prix, fiable et performant avec une livraison rapide","robots":{"index":"index","follow":"follow","max-snippet":"max-snippet:-1","max-image-preview":"max-image-preview:large","max-video-preview":"max-video-preview:-1"},"canonical":"https:\/\/gastora.eu\/en\/product\/pierre-pizza-plaque-dflectrice-165-inch42-cm\/","og_locale":"en_US","og_type":"article","og_title":"Pierre \u00e0 Pizza \/ Plaque D\u00e9flectrice \u00d8 16,5 inch\/42 cm - Gastora","og_description":"Achetez Pierre \u00e0 Pizza \/ Plaque D\u00e9flectrice \u00d8 16,5 inch\/42 cm au meilleur prix, fiable et performant avec une livraison rapide","og_url":"https:\/\/gastora.eu\/en\/product\/pierre-pizza-plaque-dflectrice-165-inch42-cm\/","og_site_name":"Gastora","article_modified_time":"2026-04-26T08:28:20+00:00","twitter_card":"summary_large_image","schema":{"@context":"https:\/\/schema.org","@graph":[{"@type":"WebPage","@id":"https:\/\/gastora.eu\/product\/pierre-pizza-plaque-dflectrice-165-inch42-cm\/","url":"https:\/\/gastora.eu\/product\/pierre-pizza-plaque-dflectrice-165-inch42-cm\/","name":"Pierre \u00e0 Pizza \/ Plaque D\u00e9flectrice \u00d8 16,5 inch\/42 cm - Gastora","isPartOf":{"@id":"https:\/\/gastora.eu\/#website"},"primaryImageOfPage":{"@id":"https:\/\/gastora.eu\/product\/pierre-pizza-plaque-dflectrice-165-inch42-cm\/#primaryimage"},"image":{"@id":"https:\/\/gastora.eu\/product\/pierre-pizza-plaque-dflectrice-165-inch42-cm\/#primaryimage"},"thumbnailUrl":"https:\/\/gastora.eu\/wp-content\/uploads\/2026\/04\/09378104-3296.jpg","datePublished":"2026-04-25T16:29:14+00:00","dateModified":"2026-04-26T08:28:20+00:00","description":"Achetez Pierre \u00e0 Pizza \/ Plaque D\u00e9flectrice \u00d8 16,5 inch\/42 cm au meilleur prix, fiable et performant avec une livraison rapide","breadcrumb":{"@id":"https:\/\/gastora.eu\/product\/pierre-pizza-plaque-dflectrice-165-inch42-cm\/#breadcrumb"},"inLanguage":"en-US","potentialAction":[{"@type":"ReadAction","target":["https:\/\/gastora.eu\/product\/pierre-pizza-plaque-dflectrice-165-inch42-cm\/"]}]},{"@type":"ImageObject","inLanguage":"en-US","@id":"https:\/\/gastora.eu\/product\/pierre-pizza-plaque-dflectrice-165-inch42-cm\/#primaryimage","url":"https:\/\/gastora.eu\/wp-content\/uploads\/2026\/04\/09378104-3296.jpg","contentUrl":"https:\/\/gastora.eu\/wp-content\/uploads\/2026\/04\/09378104-3296.jpg","width":1200,"height":1200},{"@type":"BreadcrumbList","@id":"https:\/\/gastora.eu\/product\/pierre-pizza-plaque-dflectrice-165-inch42-cm\/#breadcrumb","itemListElement":[{"@type":"ListItem","position":1,"name":"Home","item":"https:\/\/gastora.eu\/"},{"@type":"ListItem","position":2,"name":"Shop","item":"https:\/\/gastora.eu\/shop\/"},{"@type":"ListItem","position":3,"name":"Pierre \u00e0 Pizza \/ Plaque D\u00e9flectrice \u00d8 16,5 inch\/42 cm"}]},{"@type":"WebSite","@id":"https:\/\/gastora.eu\/#website","url":"https:\/\/gastora.eu\/","name":"Gastora","description":"\u00c9quipements professionnels CHR","publisher":{"@id":"https:\/\/gastora.eu\/#organization"},"potentialAction":[{"@type":"SearchAction","target":{"@type":"EntryPoint","urlTemplate":"https:\/\/gastora.eu\/?s={search_term_string}"},"query-input":{"@type":"PropertyValueSpecification","valueRequired":true,"valueName":"search_term_string"}}],"inLanguage":"en-US"},{"@type":"Organization","@id":"https:\/\/gastora.eu\/#organization","name":"Gastora","url":"https:\/\/gastora.eu\/","logo":{"@type":"ImageObject","inLanguage":"en-US","@id":"https:\/\/gastora.eu\/#\/schema\/logo\/image\/","url":"https:\/\/gastora.eu\/wp-content\/uploads\/2025\/12\/ChatGPT-Image-2-janv.-2026-22_52_47-1.png","contentUrl":"https:\/\/gastora.eu\/wp-content\/uploads\/2025\/12\/ChatGPT-Image-2-janv.-2026-22_52_47-1.png","width":1536,"height":320,"caption":"Gastora"},"image":{"@id":"https:\/\/gastora.eu\/#\/schema\/logo\/image\/"}}]}},"jetpack_sharing_enabled":true,"_links":{"self":[{"href":"https:\/\/gastora.eu\/en\/wp-json\/wp\/v2\/product\/13738","targetHints":{"allow":["GET"]}}],"collection":[{"href":"https:\/\/gastora.eu\/en\/wp-json\/wp\/v2\/product"}],"about":[{"href":"https:\/\/gastora.eu\/en\/wp-json\/wp\/v2\/types\/product"}],"wp:featuredmedia":[{"embeddable":true,"href":"https:\/\/gastora.eu\/en\/wp-json\/wp\/v2\/media\/6224"}],"wp:attachment":[{"href":"https:\/\/gastora.eu\/en\/wp-json\/wp\/v2\/media?parent=13738"}],"wp:term":[{"taxonomy":"product_brand","embeddable":true,"href":"https:\/\/gastora.eu\/en\/wp-json\/wp\/v2\/product_brand?post=13738"},{"taxonomy":"product_cat","embeddable":true,"href":"https:\/\/gastora.eu\/en\/wp-json\/wp\/v2\/product_cat?post=13738"},{"taxonomy":"product_tag","embeddable":true,"href":"https:\/\/gastora.eu\/en\/wp-json\/wp\/v2\/product_tag?post=13738"}],"curies":[{"name":"wp","href":"https:\/\/api.w.org\/{rel}","templated":true}]}}