{"id":6153,"date":"2026-01-31T16:52:21","date_gmt":"2026-01-31T16:52:21","guid":{"rendered":"https:\/\/gastora.eu\/?page_id=6153"},"modified":"2026-01-31T16:56:15","modified_gmt":"2026-01-31T16:56:15","slug":"politique-de-confidentialite-2","status":"publish","type":"page","link":"https:\/\/gastora.eu\/en\/politique-de-confidentialite-2\/","title":{"rendered":"Politique de confidentialit\u00e9"},"content":{"rendered":"<div data-elementor-type=\"wp-page\" data-elementor-id=\"6153\" class=\"elementor elementor-6153\" data-elementor-post-type=\"page\">\n\t\t\t\t<div class=\"elementor-element elementor-element-1e7b30e e-flex e-con-boxed e-con e-parent\" data-id=\"1e7b30e\" data-element_type=\"container\" data-e-type=\"container\">\n\t\t\t\t\t<div class=\"e-con-inner\">\n\t\t\t\t<div class=\"elementor-element elementor-element-61ed2ec elementor-widget elementor-widget-heading\" data-id=\"61ed2ec\" data-element_type=\"widget\" data-e-type=\"widget\" data-widget_type=\"heading.default\">\n\t\t\t\t\t<h1 class=\"elementor-heading-title elementor-size-default\">Politique de confidentialit\u00e9<\/h1>\t\t\t\t<\/div>\n\t\t\t\t<div class=\"elementor-element elementor-element-2553077 elementor-widget elementor-widget-heading\" data-id=\"2553077\" data-element_type=\"widget\" data-e-type=\"widget\" data-widget_type=\"heading.default\">\n\t\t\t\t\t<p class=\"elementor-heading-title elementor-size-default\">January 31, 2026<\/p>\t\t\t\t<\/div>\n\t\t\t\t<div class=\"elementor-element elementor-element-6fa65de elementor-widget elementor-widget-text-editor\" data-id=\"6fa65de\" data-element_type=\"widget\" data-e-type=\"widget\" data-widget_type=\"text-editor.default\">\n\t\t\t\t\t\t\t\t\t<p data-start=\"372\" data-end=\"620\">La pr\u00e9sente politique de confidentialit\u00e9 d\u00e9crit la mani\u00e8re dont le site <strong data-start=\"444\" data-end=\"455\">Gastora<\/strong> collecte, utilise et prot\u00e8ge les donn\u00e9es personnelles des utilisateurs, conform\u00e9ment au <strong data-start=\"544\" data-end=\"578\">R\u00e8glement (UE) 2016\/679 (RGPD)<\/strong> et \u00e0 la <strong data-start=\"587\" data-end=\"619\">loi Informatique et Libert\u00e9s<\/strong>.<\/p><hr data-start=\"622\" data-end=\"625\" \/><h2 data-start=\"627\" data-end=\"658\">1. Responsable du traitement<\/h2><p data-start=\"660\" data-end=\"719\">Le responsable du traitement des donn\u00e9es personnelles est :<\/p><p data-start=\"721\" data-end=\"1020\"><strong data-start=\"721\" data-end=\"732\">GASTORA<\/strong><br data-start=\"732\" data-end=\"735\" \/>Soci\u00e9t\u00e9 par actions simplifi\u00e9e \u00e0 associ\u00e9 unique (SASU)<br data-start=\"789\" data-end=\"792\" \/>Capital social : 500 \u20ac<br data-start=\"814\" data-end=\"817\" \/>RCS Thionville n\u00b0 <strong data-start=\"835\" data-end=\"850\">980 056 618<\/strong><br data-start=\"850\" data-end=\"853\" \/>Nom commercial : <strong data-start=\"938\" data-end=\"949\">Gastora<\/strong><br data-start=\"949\" data-end=\"952\" \/>Email de contact : <strong data-start=\"971\" data-end=\"993\"><a class=\"decorated-link cursor-pointer\" rel=\"noopener\" data-start=\"973\" data-end=\"991\">contact@gastora.eu<\/a><\/strong><\/p><hr data-start=\"1022\" data-end=\"1025\" \/><h2 data-start=\"1027\" data-end=\"1064\">2. Donn\u00e9es personnelles collect\u00e9es<\/h2><p data-start=\"1066\" data-end=\"1165\">Dans le cadre de son activit\u00e9 de vente en ligne B2B, Gastora peut collecter les donn\u00e9es suivantes :<\/p><ul data-start=\"1167\" data-end=\"1541\"><li data-start=\"1167\" data-end=\"1193\"><p data-start=\"1169\" data-end=\"1193\">Identit\u00e9 : nom, pr\u00e9nom<\/p><\/li><li data-start=\"1194\" data-end=\"1282\"><p data-start=\"1196\" data-end=\"1282\">Donn\u00e9es professionnelles : raison sociale, adresse, num\u00e9ro de TVA intracommunautaire<\/p><\/li><li data-start=\"1283\" data-end=\"1335\"><p data-start=\"1285\" data-end=\"1335\">Coordonn\u00e9es : adresse email, num\u00e9ro de t\u00e9l\u00e9phone<\/p><\/li><li data-start=\"1336\" data-end=\"1377\"><p data-start=\"1338\" data-end=\"1377\">Donn\u00e9es de commande et de facturation<\/p><\/li><li data-start=\"1378\" data-end=\"1454\"><p data-start=\"1380\" data-end=\"1454\">Donn\u00e9es de navigation : adresse IP, type de navigateur, pages consult\u00e9es<\/p><\/li><li data-start=\"1455\" data-end=\"1541\"><p data-start=\"1457\" data-end=\"1541\">Donn\u00e9es de paiement (trait\u00e9es uniquement par des prestataires de paiement s\u00e9curis\u00e9s)<\/p><\/li><\/ul><p data-start=\"1543\" data-end=\"1609\"><img decoding=\"async\" class=\"emoji\" role=\"img\" draggable=\"false\" src=\"https:\/\/s.w.org\/images\/core\/emoji\/17.0.2\/svg\/1f449.svg\" alt=\"\ud83d\udc49\" \/> Gastora ne collecte <strong data-start=\"1566\" data-end=\"1592\">aucune donn\u00e9e sensible<\/strong> au sens du RGPD.<\/p><hr data-start=\"1611\" data-end=\"1614\" \/><h2 data-start=\"1616\" data-end=\"1645\">3. Finalit\u00e9s du traitement<\/h2><p data-start=\"1647\" data-end=\"1705\">Les donn\u00e9es personnelles sont collect\u00e9es uniquement pour :<\/p><ul data-start=\"1707\" data-end=\"2033\"><li data-start=\"1707\" data-end=\"1771\"><p data-start=\"1709\" data-end=\"1771\">La cr\u00e9ation et la gestion des comptes clients professionnels<\/p><\/li><li data-start=\"1772\" data-end=\"1829\"><p data-start=\"1774\" data-end=\"1829\">Le traitement, la livraison et le suivi des commandes<\/p><\/li><li data-start=\"1830\" data-end=\"1884\"><p data-start=\"1832\" data-end=\"1884\">La gestion de la facturation et de la comptabilit\u00e9<\/p><\/li><li data-start=\"1885\" data-end=\"1935\"><p data-start=\"1887\" data-end=\"1935\">Le respect des obligations l\u00e9gales et fiscales<\/p><\/li><li data-start=\"1936\" data-end=\"1998\"><p data-start=\"1938\" data-end=\"1998\">L\u2019am\u00e9lioration du fonctionnement et de la s\u00e9curit\u00e9 du site<\/p><\/li><li data-start=\"1999\" data-end=\"2033\"><p data-start=\"2001\" data-end=\"2033\">La gestion de la relation client<\/p><\/li><\/ul><hr data-start=\"2035\" data-end=\"2038\" \/><h2 data-start=\"2040\" data-end=\"2071\">4. Base l\u00e9gale du traitement<\/h2><p data-start=\"2073\" data-end=\"2103\">Les traitements reposent sur :<\/p><ul data-start=\"2105\" data-end=\"2404\"><li data-start=\"2105\" data-end=\"2159\"><p data-start=\"2107\" data-end=\"2159\">L\u2019ex\u00e9cution d\u2019un contrat (commande, compte client)<\/p><\/li><li data-start=\"2160\" data-end=\"2234\"><p data-start=\"2162\" data-end=\"2234\">Le respect d\u2019obligations l\u00e9gales (facturation, conservation comptable)<\/p><\/li><li data-start=\"2235\" data-end=\"2329\"><p data-start=\"2237\" data-end=\"2329\">L\u2019int\u00e9r\u00eat l\u00e9gitime de Gastora (s\u00e9curit\u00e9, pr\u00e9vention de la fraude, am\u00e9lioration du service)<\/p><\/li><li data-start=\"2330\" data-end=\"2404\"><p data-start=\"2332\" data-end=\"2404\">Le consentement de l\u2019utilisateur lorsque requis (cookies non essentiels)<\/p><\/li><\/ul><hr data-start=\"2406\" data-end=\"2409\" \/><h2 data-start=\"2411\" data-end=\"2442\">5. Destinataires des donn\u00e9es<\/h2><p data-start=\"2444\" data-end=\"2550\">Les donn\u00e9es personnelles peuvent \u00eatre communiqu\u00e9es, uniquement si n\u00e9cessaire, aux destinataires suivants :<\/p><ul data-start=\"2552\" data-end=\"2754\"><li data-start=\"2552\" data-end=\"2614\"><p data-start=\"2554\" data-end=\"2614\">Prestataires techniques (h\u00e9bergement, maintenance du site)<\/p><\/li><li data-start=\"2615\" data-end=\"2643\"><p data-start=\"2617\" data-end=\"2643\">Prestataires de paiement<\/p><\/li><li data-start=\"2644\" data-end=\"2688\"><p data-start=\"2646\" data-end=\"2688\">Transporteurs et partenaires logistiques<\/p><\/li><li data-start=\"2689\" data-end=\"2754\"><p data-start=\"2691\" data-end=\"2754\">Autorit\u00e9s administratives ou judiciaires lorsque la loi l\u2019exige<\/p><\/li><\/ul><p data-start=\"2756\" data-end=\"2843\"><img decoding=\"async\" class=\"emoji\" role=\"img\" draggable=\"false\" src=\"https:\/\/s.w.org\/images\/core\/emoji\/17.0.2\/svg\/1f449.svg\" alt=\"\ud83d\udc49\" \/> Aucune donn\u00e9e personnelle n\u2019est vendue ou c\u00e9d\u00e9e \u00e0 des tiers \u00e0 des fins commerciales.<\/p><hr data-start=\"2845\" data-end=\"2848\" \/><h2 data-start=\"2850\" data-end=\"2877\">6. Dur\u00e9e de conservation<\/h2><p data-start=\"2879\" data-end=\"2935\">Les donn\u00e9es sont conserv\u00e9es selon les dur\u00e9es suivantes :<\/p><ul data-start=\"2937\" data-end=\"3186\"><li data-start=\"2937\" data-end=\"3012\"><p data-start=\"2939\" data-end=\"3012\">Donn\u00e9es clients et commerciales : dur\u00e9e de la relation + <strong data-start=\"2996\" data-end=\"3010\">5 \u00e0 10 ans<\/strong><\/p><\/li><li data-start=\"3013\" data-end=\"3072\"><p data-start=\"3015\" data-end=\"3072\">Donn\u00e9es de facturation : <strong data-start=\"3040\" data-end=\"3050\">10 ans<\/strong> (obligation l\u00e9gale)<\/p><\/li><li data-start=\"3073\" data-end=\"3131\"><p data-start=\"3075\" data-end=\"3131\">Donn\u00e9es de navigation et cookies : <strong data-start=\"3110\" data-end=\"3129\">13 mois maximum<\/strong><\/p><\/li><li data-start=\"3132\" data-end=\"3186\"><p data-start=\"3134\" data-end=\"3186\">Donn\u00e9es marketing : jusqu\u2019au retrait du consentement<\/p><\/li><\/ul><hr data-start=\"3188\" data-end=\"3191\" \/><h2 data-start=\"3193\" data-end=\"3219\">7. S\u00e9curit\u00e9 des donn\u00e9es<\/h2><p data-start=\"3221\" data-end=\"3404\">Gastora met en \u0153uvre des mesures techniques et organisationnelles appropri\u00e9es pour prot\u00e9ger les donn\u00e9es personnelles contre toute perte, acc\u00e8s non autoris\u00e9, alt\u00e9ration ou divulgation.<\/p><p data-start=\"3406\" data-end=\"3490\"><img decoding=\"async\" class=\"emoji\" role=\"img\" draggable=\"false\" src=\"https:\/\/s.w.org\/images\/core\/emoji\/17.0.2\/svg\/26a0.svg\" alt=\"\u26a0\ufe0f\" \/> Aucun syst\u00e8me n\u2019\u00e9tant infaillible, Gastora ne peut garantir une s\u00e9curit\u00e9 absolue.<\/p><hr data-start=\"3492\" data-end=\"3495\" \/><h2 data-start=\"3497\" data-end=\"3526\">8. Droits des utilisateurs<\/h2><p data-start=\"3528\" data-end=\"3598\">Conform\u00e9ment au RGPD, chaque utilisateur dispose des droits suivants :<\/p><ul data-start=\"3600\" data-end=\"3769\"><li data-start=\"3600\" data-end=\"3617\"><p data-start=\"3602\" data-end=\"3617\">Droit d\u2019acc\u00e8s<\/p><\/li><li data-start=\"3618\" data-end=\"3644\"><p data-start=\"3620\" data-end=\"3644\">Droit de rectification<\/p><\/li><li data-start=\"3645\" data-end=\"3667\"><p data-start=\"3647\" data-end=\"3667\">Droit d\u2019effacement<\/p><\/li><li data-start=\"3668\" data-end=\"3707\"><p data-start=\"3670\" data-end=\"3707\">Droit \u00e0 la limitation du traitement<\/p><\/li><li data-start=\"3708\" data-end=\"3730\"><p data-start=\"3710\" data-end=\"3730\">Droit d\u2019opposition<\/p><\/li><li data-start=\"3731\" data-end=\"3769\"><p data-start=\"3733\" data-end=\"3769\">Droit \u00e0 la portabilit\u00e9 des donn\u00e9es<\/p><\/li><\/ul><p data-start=\"3771\" data-end=\"3891\">Toute demande peut \u00eatre adress\u00e9e \u00e0 : <strong data-start=\"3808\" data-end=\"3830\"><a class=\"decorated-link cursor-pointer\" rel=\"noopener\" data-start=\"3810\" data-end=\"3828\">contact@gastora.eu<\/a><\/strong><br data-start=\"3830\" data-end=\"3833\" \/>Une r\u00e9ponse sera apport\u00e9e dans un d\u00e9lai maximal d\u2019un mois.<\/p><hr data-start=\"3893\" data-end=\"3896\" \/><h2 data-start=\"3898\" data-end=\"3911\">9. Cookies<\/h2><p data-start=\"3913\" data-end=\"3938\">Le site Gastora utilise :<\/p><ul data-start=\"3940\" data-end=\"4075\"><li data-start=\"3940\" data-end=\"4005\"><p data-start=\"3942\" data-end=\"4005\">Des cookies strictement n\u00e9cessaires au fonctionnement du site<\/p><\/li><li data-start=\"4006\" data-end=\"4075\"><p data-start=\"4008\" data-end=\"4075\">Des cookies de mesure d\u2019audience et de performance (le cas \u00e9ch\u00e9ant)<\/p><\/li><\/ul><p data-start=\"4077\" data-end=\"4177\">L\u2019utilisateur peut g\u00e9rer ses pr\u00e9f\u00e9rences via le bandeau cookies ou les param\u00e8tres de son navigateur.<\/p><hr data-start=\"4179\" data-end=\"4182\" \/><h2 data-start=\"4184\" data-end=\"4222\">10. Transfert hors Union europ\u00e9enne<\/h2><p data-start=\"4224\" data-end=\"4421\">Certaines donn\u00e9es peuvent \u00eatre trait\u00e9es par des prestataires situ\u00e9s hors de l\u2019Union europ\u00e9enne. Dans ce cas, Gastora s\u2019assure que des garanties appropri\u00e9es sont mises en place conform\u00e9ment au RGPD.<\/p><hr data-start=\"4423\" data-end=\"4426\" \/><h2 data-start=\"4428\" data-end=\"4446\">11. R\u00e9clamation<\/h2><p data-start=\"4448\" data-end=\"4548\">En cas de d\u00e9saccord, l\u2019utilisateur peut introduire une r\u00e9clamation aupr\u00e8s de l\u2019autorit\u00e9 comp\u00e9tente :<\/p><p data-start=\"4550\" data-end=\"4637\"><strong data-start=\"4550\" data-end=\"4615\">CNIL \u2013 Commission Nationale de l\u2019Informatique et des Libert\u00e9s<\/strong><br data-start=\"4615\" data-end=\"4618\" \/><a class=\"decorated-link cursor-pointer\" target=\"_new\" rel=\"noopener\" data-start=\"4618\" data-end=\"4637\">https:\/\/www.cnil.fr<\/a><\/p><hr data-start=\"4639\" data-end=\"4642\" \/><h2 data-start=\"4644\" data-end=\"4679\">12. Modification de la politique<\/h2><p data-start=\"4681\" data-end=\"4836\">Gastora se r\u00e9serve le droit de modifier la pr\u00e9sente politique \u00e0 tout moment. La version en vigueur est celle publi\u00e9e sur le site \u00e0 la date de consultation.<\/p>\t\t\t\t\t\t\t\t<\/div>\n\t\t\t\t\t<\/div>\n\t\t\t\t<\/div>\n\t\t\t\t<\/div>","protected":false},"excerpt":{"rendered":"<p>La pr\u00e9sente politique de confidentialit\u00e9 d\u00e9crit la mani\u00e8re dont le site Gastora collecte, utilise et prot\u00e8ge les donn\u00e9es personnelles des utilisateurs, conform\u00e9ment au R\u00e8glement (UE) 2016\/679 (RGPD) et \u00e0 la loi Informatique et Libert\u00e9s. 1. Responsable du traitement Le responsable du traitement des donn\u00e9es personnelles est : GASTORASoci\u00e9t\u00e9 par actions simplifi\u00e9e \u00e0 associ\u00e9 unique (SASU)Capital [&hellip;]<\/p>\n","protected":false},"author":1,"featured_media":0,"parent":0,"menu_order":0,"comment_status":"closed","ping_status":"closed","template":"","meta":{"_acf_changed":false,"footnotes":""},"class_list":["post-6153","page","type-page","status-publish","hentry"],"acf":[],"yoast_head":"<!-- This site is optimized with the Yoast SEO plugin v27.4 - https:\/\/yoast.com\/product\/yoast-seo-wordpress\/ -->\n<title>Politique de confidentialit\u00e9 - Gastora<\/title>\n<meta name=\"robots\" content=\"noindex, follow\" \/>\n<meta property=\"og:locale\" content=\"en_US\" \/>\n<meta property=\"og:type\" content=\"article\" \/>\n<meta property=\"og:title\" content=\"Politique de confidentialit\u00e9 - Gastora\" \/>\n<meta property=\"og:description\" content=\"La pr\u00e9sente politique de confidentialit\u00e9 d\u00e9crit la mani\u00e8re dont le site Gastora collecte, utilise et prot\u00e8ge les donn\u00e9es personnelles des utilisateurs, conform\u00e9ment au R\u00e8glement (UE) 2016\/679 (RGPD) et \u00e0 la loi Informatique et Libert\u00e9s. 1. Responsable du traitement Le responsable du traitement des donn\u00e9es personnelles est : GASTORASoci\u00e9t\u00e9 par actions simplifi\u00e9e \u00e0 associ\u00e9 unique (SASU)Capital [&hellip;]\" \/>\n<meta property=\"og:url\" content=\"https:\/\/gastora.eu\/en\/politique-de-confidentialite-2\/\" \/>\n<meta property=\"og:site_name\" content=\"Gastora\" \/>\n<meta property=\"article:modified_time\" content=\"2026-01-31T16:56:15+00:00\" \/>\n<meta property=\"og:image\" content=\"https:\/\/s.w.org\/images\/core\/emoji\/17.0.2\/svg\/1f449.svg\" \/>\n<meta name=\"twitter:card\" content=\"summary_large_image\" \/>\n<meta name=\"twitter:label1\" content=\"Est. reading time\" \/>\n\t<meta name=\"twitter:data1\" content=\"4 minutes\" \/>\n<script type=\"application\/ld+json\" class=\"yoast-schema-graph\">{\"@context\":\"https:\\\/\\\/schema.org\",\"@graph\":[{\"@type\":\"WebPage\",\"@id\":\"https:\\\/\\\/gastora.eu\\\/politique-de-confidentialite-2\\\/\",\"url\":\"https:\\\/\\\/gastora.eu\\\/politique-de-confidentialite-2\\\/\",\"name\":\"Politique de confidentialit\u00e9 - Gastora\",\"isPartOf\":{\"@id\":\"https:\\\/\\\/gastora.eu\\\/#website\"},\"primaryImageOfPage\":{\"@id\":\"https:\\\/\\\/gastora.eu\\\/politique-de-confidentialite-2\\\/#primaryimage\"},\"image\":{\"@id\":\"https:\\\/\\\/gastora.eu\\\/politique-de-confidentialite-2\\\/#primaryimage\"},\"thumbnailUrl\":\"https:\\\/\\\/s.w.org\\\/images\\\/core\\\/emoji\\\/17.0.2\\\/svg\\\/1f449.svg\",\"datePublished\":\"2026-01-31T16:52:21+00:00\",\"dateModified\":\"2026-01-31T16:56:15+00:00\",\"breadcrumb\":{\"@id\":\"https:\\\/\\\/gastora.eu\\\/politique-de-confidentialite-2\\\/#breadcrumb\"},\"inLanguage\":\"en-US\",\"potentialAction\":[{\"@type\":\"ReadAction\",\"target\":[\"https:\\\/\\\/gastora.eu\\\/politique-de-confidentialite-2\\\/\"]}]},{\"@type\":\"ImageObject\",\"inLanguage\":\"en-US\",\"@id\":\"https:\\\/\\\/gastora.eu\\\/politique-de-confidentialite-2\\\/#primaryimage\",\"url\":\"https:\\\/\\\/s.w.org\\\/images\\\/core\\\/emoji\\\/17.0.2\\\/svg\\\/1f449.svg\",\"contentUrl\":\"https:\\\/\\\/s.w.org\\\/images\\\/core\\\/emoji\\\/17.0.2\\\/svg\\\/1f449.svg\"},{\"@type\":\"BreadcrumbList\",\"@id\":\"https:\\\/\\\/gastora.eu\\\/politique-de-confidentialite-2\\\/#breadcrumb\",\"itemListElement\":[{\"@type\":\"ListItem\",\"position\":1,\"name\":\"Home\",\"item\":\"https:\\\/\\\/gastora.eu\\\/\"},{\"@type\":\"ListItem\",\"position\":2,\"name\":\"Politique de confidentialit\u00e9\"}]},{\"@type\":\"WebSite\",\"@id\":\"https:\\\/\\\/gastora.eu\\\/#website\",\"url\":\"https:\\\/\\\/gastora.eu\\\/\",\"name\":\"Gastora\",\"description\":\"\u00c9quipements professionnels CHR\",\"publisher\":{\"@id\":\"https:\\\/\\\/gastora.eu\\\/#organization\"},\"potentialAction\":[{\"@type\":\"SearchAction\",\"target\":{\"@type\":\"EntryPoint\",\"urlTemplate\":\"https:\\\/\\\/gastora.eu\\\/?s={search_term_string}\"},\"query-input\":{\"@type\":\"PropertyValueSpecification\",\"valueRequired\":true,\"valueName\":\"search_term_string\"}}],\"inLanguage\":\"en-US\"},{\"@type\":\"Organization\",\"@id\":\"https:\\\/\\\/gastora.eu\\\/#organization\",\"name\":\"Gastora\",\"url\":\"https:\\\/\\\/gastora.eu\\\/\",\"logo\":{\"@type\":\"ImageObject\",\"inLanguage\":\"en-US\",\"@id\":\"https:\\\/\\\/gastora.eu\\\/#\\\/schema\\\/logo\\\/image\\\/\",\"url\":\"https:\\\/\\\/gastora.eu\\\/wp-content\\\/uploads\\\/2025\\\/12\\\/ChatGPT-Image-2-janv.-2026-22_52_47-1.png\",\"contentUrl\":\"https:\\\/\\\/gastora.eu\\\/wp-content\\\/uploads\\\/2025\\\/12\\\/ChatGPT-Image-2-janv.-2026-22_52_47-1.png\",\"width\":1536,\"height\":320,\"caption\":\"Gastora\"},\"image\":{\"@id\":\"https:\\\/\\\/gastora.eu\\\/#\\\/schema\\\/logo\\\/image\\\/\"}}]}<\/script>\n<!-- \/ Yoast SEO plugin. -->","yoast_head_json":{"title":"Politique de confidentialit\u00e9 - Gastora","robots":{"index":"noindex","follow":"follow"},"og_locale":"en_US","og_type":"article","og_title":"Politique de confidentialit\u00e9 - Gastora","og_description":"La pr\u00e9sente politique de confidentialit\u00e9 d\u00e9crit la mani\u00e8re dont le site Gastora collecte, utilise et prot\u00e8ge les donn\u00e9es personnelles des utilisateurs, conform\u00e9ment au R\u00e8glement (UE) 2016\/679 (RGPD) et \u00e0 la loi Informatique et Libert\u00e9s. 1. Responsable du traitement Le responsable du traitement des donn\u00e9es personnelles est : GASTORASoci\u00e9t\u00e9 par actions simplifi\u00e9e \u00e0 associ\u00e9 unique (SASU)Capital [&hellip;]","og_url":"https:\/\/gastora.eu\/en\/politique-de-confidentialite-2\/","og_site_name":"Gastora","article_modified_time":"2026-01-31T16:56:15+00:00","og_image":[{"url":"https:\/\/s.w.org\/images\/core\/emoji\/17.0.2\/svg\/1f449.svg","type":"","width":"","height":""}],"twitter_card":"summary_large_image","twitter_misc":{"Est. reading time":"4 minutes"},"schema":{"@context":"https:\/\/schema.org","@graph":[{"@type":"WebPage","@id":"https:\/\/gastora.eu\/politique-de-confidentialite-2\/","url":"https:\/\/gastora.eu\/politique-de-confidentialite-2\/","name":"Politique de confidentialit\u00e9 - Gastora","isPartOf":{"@id":"https:\/\/gastora.eu\/#website"},"primaryImageOfPage":{"@id":"https:\/\/gastora.eu\/politique-de-confidentialite-2\/#primaryimage"},"image":{"@id":"https:\/\/gastora.eu\/politique-de-confidentialite-2\/#primaryimage"},"thumbnailUrl":"https:\/\/s.w.org\/images\/core\/emoji\/17.0.2\/svg\/1f449.svg","datePublished":"2026-01-31T16:52:21+00:00","dateModified":"2026-01-31T16:56:15+00:00","breadcrumb":{"@id":"https:\/\/gastora.eu\/politique-de-confidentialite-2\/#breadcrumb"},"inLanguage":"en-US","potentialAction":[{"@type":"ReadAction","target":["https:\/\/gastora.eu\/politique-de-confidentialite-2\/"]}]},{"@type":"ImageObject","inLanguage":"en-US","@id":"https:\/\/gastora.eu\/politique-de-confidentialite-2\/#primaryimage","url":"https:\/\/s.w.org\/images\/core\/emoji\/17.0.2\/svg\/1f449.svg","contentUrl":"https:\/\/s.w.org\/images\/core\/emoji\/17.0.2\/svg\/1f449.svg"},{"@type":"BreadcrumbList","@id":"https:\/\/gastora.eu\/politique-de-confidentialite-2\/#breadcrumb","itemListElement":[{"@type":"ListItem","position":1,"name":"Home","item":"https:\/\/gastora.eu\/"},{"@type":"ListItem","position":2,"name":"Politique de confidentialit\u00e9"}]},{"@type":"WebSite","@id":"https:\/\/gastora.eu\/#website","url":"https:\/\/gastora.eu\/","name":"Gastora","description":"\u00c9quipements professionnels CHR","publisher":{"@id":"https:\/\/gastora.eu\/#organization"},"potentialAction":[{"@type":"SearchAction","target":{"@type":"EntryPoint","urlTemplate":"https:\/\/gastora.eu\/?s={search_term_string}"},"query-input":{"@type":"PropertyValueSpecification","valueRequired":true,"valueName":"search_term_string"}}],"inLanguage":"en-US"},{"@type":"Organization","@id":"https:\/\/gastora.eu\/#organization","name":"Gastora","url":"https:\/\/gastora.eu\/","logo":{"@type":"ImageObject","inLanguage":"en-US","@id":"https:\/\/gastora.eu\/#\/schema\/logo\/image\/","url":"https:\/\/gastora.eu\/wp-content\/uploads\/2025\/12\/ChatGPT-Image-2-janv.-2026-22_52_47-1.png","contentUrl":"https:\/\/gastora.eu\/wp-content\/uploads\/2025\/12\/ChatGPT-Image-2-janv.-2026-22_52_47-1.png","width":1536,"height":320,"caption":"Gastora"},"image":{"@id":"https:\/\/gastora.eu\/#\/schema\/logo\/image\/"}}]}},"jetpack_sharing_enabled":true,"_links":{"self":[{"href":"https:\/\/gastora.eu\/en\/wp-json\/wp\/v2\/pages\/6153","targetHints":{"allow":["GET"]}}],"collection":[{"href":"https:\/\/gastora.eu\/en\/wp-json\/wp\/v2\/pages"}],"about":[{"href":"https:\/\/gastora.eu\/en\/wp-json\/wp\/v2\/types\/page"}],"author":[{"embeddable":true,"href":"https:\/\/gastora.eu\/en\/wp-json\/wp\/v2\/users\/1"}],"replies":[{"embeddable":true,"href":"https:\/\/gastora.eu\/en\/wp-json\/wp\/v2\/comments?post=6153"}],"version-history":[{"count":0,"href":"https:\/\/gastora.eu\/en\/wp-json\/wp\/v2\/pages\/6153\/revisions"}],"wp:attachment":[{"href":"https:\/\/gastora.eu\/en\/wp-json\/wp\/v2\/media?parent=6153"}],"curies":[{"name":"wp","href":"https:\/\/api.w.org\/{rel}","templated":true}]}}