{"id":6149,"date":"2026-01-31T16:15:37","date_gmt":"2026-01-31T16:15:37","guid":{"rendered":"https:\/\/gastora.eu\/?page_id=6149"},"modified":"2026-01-31T16:51:46","modified_gmt":"2026-01-31T16:51:46","slug":"politique-de-cookies","status":"publish","type":"page","link":"https:\/\/gastora.eu\/en\/politique-de-cookies\/","title":{"rendered":"Politique de cookies"},"content":{"rendered":"<div data-elementor-type=\"wp-page\" data-elementor-id=\"6149\" class=\"elementor elementor-6149\" data-elementor-post-type=\"page\">\n\t\t\t\t<div class=\"elementor-element elementor-element-237df10 e-flex e-con-boxed e-con e-parent\" data-id=\"237df10\" data-element_type=\"container\" data-e-type=\"container\">\n\t\t\t\t\t<div class=\"e-con-inner\">\n\t\t\t\t<div class=\"elementor-element elementor-element-b1a267e elementor-widget elementor-widget-heading\" data-id=\"b1a267e\" data-element_type=\"widget\" data-e-type=\"widget\" data-widget_type=\"heading.default\">\n\t\t\t\t\t<h1 class=\"elementor-heading-title elementor-size-default\">Politique de cookies<\/h1>\t\t\t\t<\/div>\n\t\t\t\t<div class=\"elementor-element elementor-element-19d61e0 elementor-widget elementor-widget-text-editor\" data-id=\"19d61e0\" data-element_type=\"widget\" data-e-type=\"widget\" data-widget_type=\"text-editor.default\">\n\t\t\t\t\t\t\t\t\t<h2 data-start=\"360\" data-end=\"390\">1. Qu\u2019est-ce qu\u2019un cookie ?<\/h2>\n<p data-start=\"392\" data-end=\"729\">Un cookie est un petit fichier texte d\u00e9pos\u00e9 sur le terminal de l\u2019utilisateur (ordinateur, tablette, smartphone) lors de la consultation d\u2019un site internet.<br data-start=\"547\" data-end=\"550\">Il permet notamment de collecter des informations relatives \u00e0 la navigation afin d\u2019am\u00e9liorer l\u2019exp\u00e9rience utilisateur, mesurer l\u2019audience ou assurer le bon fonctionnement du site.<\/p>\n<hr data-start=\"731\" data-end=\"734\">\n<h2 data-start=\"736\" data-end=\"775\">2. Qui est responsable des cookies ?<\/h2>\n<p data-start=\"777\" data-end=\"819\">Le site <strong data-start=\"785\" data-end=\"803\"><a class=\"decorated-link cursor-pointer\" target=\"_new\" rel=\"noopener\" data-start=\"787\" data-end=\"801\">www.gastora.eu<\/a><\/strong> est \u00e9dit\u00e9 par :<\/p>\n<p data-start=\"821\" data-end=\"1038\"><strong data-start=\"821\" data-end=\"832\">GASTORA<\/strong><br data-start=\"832\" data-end=\"835\">Soci\u00e9t\u00e9 par actions simplifi\u00e9e \u00e0 associ\u00e9 unique (SASU)<br data-start=\"889\" data-end=\"892\">Capital social : 500 \u20ac<br data-start=\"914\" data-end=\"917\">RCS Thionville : 980 056 618<br data-start=\"945\" data-end=\"948\"><span style=\"font-size: 1rem;\">GASTORA est responsable du traitement des donn\u00e9es collect\u00e9es via les cookies.<\/span><br data-start=\"1009\" data-end=\"1012\"><\/p>\n<hr data-start=\"1119\" data-end=\"1122\">\n<h2 data-start=\"1124\" data-end=\"1155\">3. Types de cookies utilis\u00e9s<\/h2>\n<p data-start=\"1157\" data-end=\"1224\">Le site Gastora peut utiliser les cat\u00e9gories de cookies suivantes :<\/p>\n<h3 data-start=\"1226\" data-end=\"1279\">a) Cookies strictement n\u00e9cessaires (obligatoires)<\/h3>\n<p data-start=\"1280\" data-end=\"1401\">Ces cookies sont indispensables au fonctionnement du site et ne peuvent pas \u00eatre d\u00e9sactiv\u00e9s.<br data-start=\"1372\" data-end=\"1375\">Ils permettent notamment :<\/p>\n<ul data-start=\"1402\" data-end=\"1534\">\n<li data-start=\"1402\" data-end=\"1431\">\n<p data-start=\"1404\" data-end=\"1431\">l\u2019acc\u00e8s s\u00e9curis\u00e9 aux pages,<\/p>\n<\/li>\n<li data-start=\"1432\" data-end=\"1483\">\n<p data-start=\"1434\" data-end=\"1483\">la gestion du panier et du processus de commande,<\/p>\n<\/li>\n<li data-start=\"1484\" data-end=\"1534\">\n<p data-start=\"1486\" data-end=\"1534\">la m\u00e9morisation des pr\u00e9f\u00e9rences de consentement.<\/p>\n<\/li>\n<\/ul>\n<p data-start=\"1536\" data-end=\"1592\"><img decoding=\"async\" draggable=\"false\" role=\"img\" class=\"emoji\" alt=\"\ud83d\udc49\" src=\"https:\/\/s.w.org\/images\/core\/emoji\/17.0.2\/svg\/1f449.svg\"> <strong data-start=\"1539\" data-end=\"1592\">Aucun consentement n\u2019est requis pour ces cookies.<\/strong><\/p>\n<hr data-start=\"1594\" data-end=\"1597\">\n<h3 data-start=\"1599\" data-end=\"1634\">b) Cookies de mesure d\u2019audience<\/h3>\n<p data-start=\"1635\" data-end=\"1803\">Ces cookies permettent de comprendre comment les visiteurs utilisent le site (pages consult\u00e9es, temps pass\u00e9, erreurs \u00e9ventuelles), afin d\u2019en am\u00e9liorer les performances.<\/p>\n<p data-start=\"1805\" data-end=\"1815\">Exemples :<\/p>\n<ul data-start=\"1816\" data-end=\"1854\">\n<li data-start=\"1816\" data-end=\"1854\">\n<p data-start=\"1818\" data-end=\"1854\">Google Analytics ou outil \u00e9quivalent<\/p>\n<\/li>\n<\/ul>\n<p data-start=\"1856\" data-end=\"1918\"><img decoding=\"async\" draggable=\"false\" role=\"img\" class=\"emoji\" alt=\"\ud83d\udc49\" src=\"https:\/\/s.w.org\/images\/core\/emoji\/17.0.2\/svg\/1f449.svg\"> Ces cookies sont d\u00e9pos\u00e9s <strong data-start=\"1884\" data-end=\"1917\">uniquement apr\u00e8s consentement<\/strong>.<\/p>\n<hr data-start=\"1920\" data-end=\"1923\">\n<h3 data-start=\"1925\" data-end=\"1952\">c) Cookies fonctionnels<\/h3>\n<p data-start=\"1953\" data-end=\"2063\">Ils permettent d\u2019am\u00e9liorer l\u2019exp\u00e9rience utilisateur (langue, pr\u00e9f\u00e9rences d\u2019affichage, m\u00e9morisation des choix).<\/p>\n<p data-start=\"2065\" data-end=\"2108\"><img decoding=\"async\" draggable=\"false\" role=\"img\" class=\"emoji\" alt=\"\ud83d\udc49\" src=\"https:\/\/s.w.org\/images\/core\/emoji\/17.0.2\/svg\/1f449.svg\"> Soumis au consentement de l\u2019utilisateur.<\/p>\n<hr data-start=\"2110\" data-end=\"2113\">\n<h3 data-start=\"2115\" data-end=\"2156\">d) Cookies marketing (le cas \u00e9ch\u00e9ant)<\/h3>\n<p data-start=\"2157\" data-end=\"2294\">Ces cookies peuvent \u00eatre utilis\u00e9s pour afficher des contenus ou publicit\u00e9s personnalis\u00e9s, ou mesurer l\u2019efficacit\u00e9 de campagnes marketing.<\/p>\n<p data-start=\"2296\" data-end=\"2350\"><img decoding=\"async\" draggable=\"false\" role=\"img\" class=\"emoji\" alt=\"\ud83d\udc49\" src=\"https:\/\/s.w.org\/images\/core\/emoji\/17.0.2\/svg\/1f449.svg\"> D\u00e9pos\u00e9s <strong data-start=\"2307\" data-end=\"2349\">uniquement avec consentement explicite<\/strong>.<\/p>\n<hr data-start=\"2352\" data-end=\"2355\">\n<h2 data-start=\"2357\" data-end=\"2386\">4. Gestion du consentement<\/h2>\n<p data-start=\"2388\" data-end=\"2466\">Lors de la premi\u00e8re visite sur le site Gastora, un bandeau de cookies permet :<\/p>\n<ul data-start=\"2467\" data-end=\"2568\">\n<li data-start=\"2467\" data-end=\"2497\">\n<p data-start=\"2469\" data-end=\"2497\">d\u2019accepter tous les cookies,<\/p>\n<\/li>\n<li data-start=\"2498\" data-end=\"2538\">\n<p data-start=\"2500\" data-end=\"2538\">de refuser les cookies non essentiels,<\/p>\n<\/li>\n<li data-start=\"2539\" data-end=\"2568\">\n<p data-start=\"2541\" data-end=\"2568\">de personnaliser ses choix.<\/p>\n<\/li>\n<\/ul>\n<p data-start=\"2570\" data-end=\"2703\">L\u2019utilisateur peut modifier ou retirer son consentement \u00e0 tout moment via le lien <strong data-start=\"2652\" data-end=\"2679\">\u00ab Gestion des cookies \u00bb<\/strong> pr\u00e9sent en bas de page.<\/p>\n<hr data-start=\"2705\" data-end=\"2708\">\n<h2 data-start=\"2710\" data-end=\"2749\">5. Dur\u00e9e de conservation des cookies<\/h2>\n<p data-start=\"2751\" data-end=\"2949\">Les cookies sont conserv\u00e9s pour une dur\u00e9e maximale de <strong data-start=\"2805\" data-end=\"2816\">13 mois<\/strong>, conform\u00e9ment \u00e0 la r\u00e9glementation en vigueur.<br data-start=\"2862\" data-end=\"2865\">Le consentement de l\u2019utilisateur est conserv\u00e9 pour une dur\u00e9e maximale de <strong data-start=\"2938\" data-end=\"2948\">6 mois<\/strong>.<\/p>\n<hr data-start=\"2951\" data-end=\"2954\">\n<h2 data-start=\"2956\" data-end=\"3009\">6. Donn\u00e9es personnelles et droits des utilisateurs<\/h2>\n<p data-start=\"3011\" data-end=\"3212\">Les donn\u00e9es collect\u00e9es via les cookies peuvent constituer des donn\u00e9es personnelles.<br data-start=\"3094\" data-end=\"3097\">Conform\u00e9ment au R\u00e8glement G\u00e9n\u00e9ral sur la Protection des Donn\u00e9es (RGPD), l\u2019utilisateur dispose des droits suivants :<\/p>\n<ul data-start=\"3213\" data-end=\"3338\">\n<li data-start=\"3213\" data-end=\"3229\">\n<p data-start=\"3215\" data-end=\"3229\">droit d\u2019acc\u00e8s,<\/p>\n<\/li>\n<li data-start=\"3230\" data-end=\"3255\">\n<p data-start=\"3232\" data-end=\"3255\">droit de rectification,<\/p>\n<\/li>\n<li data-start=\"3256\" data-end=\"3277\">\n<p data-start=\"3258\" data-end=\"3277\">droit d\u2019effacement,<\/p>\n<\/li>\n<li data-start=\"3278\" data-end=\"3299\">\n<p data-start=\"3280\" data-end=\"3299\">droit d\u2019opposition,<\/p>\n<\/li>\n<li data-start=\"3300\" data-end=\"3338\">\n<p data-start=\"3302\" data-end=\"3338\">droit \u00e0 la limitation du traitement.<\/p>\n<\/li>\n<\/ul>\n<p data-start=\"3340\" data-end=\"3449\">Toute demande peut \u00eatre adress\u00e9e \u00e0 :<br data-start=\"3376\" data-end=\"3379\"><img decoding=\"async\" draggable=\"false\" role=\"img\" class=\"emoji\" alt=\"\ud83d\udce7\" src=\"https:\/\/s.w.org\/images\/core\/emoji\/17.0.2\/svg\/1f4e7.svg\"> <strong data-start=\"3382\" data-end=\"3404\"><a class=\"decorated-link cursor-pointer\" rel=\"noopener\" data-start=\"3384\" data-end=\"3402\">contact@gastora.eu<\/a><\/strong><\/p>\n<hr data-start=\"3451\" data-end=\"3454\">\n<h2 data-start=\"3456\" data-end=\"3501\">7. Modification de la politique de cookies<\/h2>\n<p data-start=\"3503\" data-end=\"3706\">GASTORA se r\u00e9serve le droit de modifier la pr\u00e9sente politique de cookies \u00e0 tout moment afin de rester conforme aux \u00e9volutions l\u00e9gales et techniques.<br data-start=\"3651\" data-end=\"3654\">La version en vigueur est celle publi\u00e9e sur le site.<\/p>\t\t\t\t\t\t\t\t<\/div>\n\t\t\t\t\t<\/div>\n\t\t\t\t<\/div>\n\t\t\t\t<\/div>","protected":false},"excerpt":{"rendered":"<p>1. Qu\u2019est-ce qu\u2019un cookie ? Un cookie est un petit fichier texte d\u00e9pos\u00e9 sur le terminal de l\u2019utilisateur (ordinateur, tablette, smartphone) lors de la consultation d\u2019un site internet.Il permet notamment de collecter des informations relatives \u00e0 la navigation afin d\u2019am\u00e9liorer l\u2019exp\u00e9rience utilisateur, mesurer l\u2019audience ou assurer le bon fonctionnement du site. 2. Qui est responsable [&hellip;]<\/p>\n","protected":false},"author":1,"featured_media":0,"parent":0,"menu_order":0,"comment_status":"closed","ping_status":"closed","template":"","meta":{"_acf_changed":false,"footnotes":""},"class_list":["post-6149","page","type-page","status-publish","hentry"],"acf":[],"yoast_head":"<!-- This site is optimized with the Yoast SEO plugin v27.4 - https:\/\/yoast.com\/product\/yoast-seo-wordpress\/ -->\n<title>Politique de cookies - Gastora<\/title>\n<meta name=\"robots\" content=\"noindex, follow\" \/>\n<meta property=\"og:locale\" content=\"en_US\" \/>\n<meta property=\"og:type\" content=\"article\" \/>\n<meta property=\"og:title\" content=\"Politique de cookies - Gastora\" \/>\n<meta property=\"og:description\" content=\"1. Qu\u2019est-ce qu\u2019un cookie ? Un cookie est un petit fichier texte d\u00e9pos\u00e9 sur le terminal de l\u2019utilisateur (ordinateur, tablette, smartphone) lors de la consultation d\u2019un site internet.Il permet notamment de collecter des informations relatives \u00e0 la navigation afin d\u2019am\u00e9liorer l\u2019exp\u00e9rience utilisateur, mesurer l\u2019audience ou assurer le bon fonctionnement du site. 2. Qui est responsable [&hellip;]\" \/>\n<meta property=\"og:url\" content=\"https:\/\/gastora.eu\/en\/politique-de-cookies\/\" \/>\n<meta property=\"og:site_name\" content=\"Gastora\" \/>\n<meta property=\"article:modified_time\" content=\"2026-01-31T16:51:46+00:00\" \/>\n<meta property=\"og:image\" content=\"https:\/\/s.w.org\/images\/core\/emoji\/17.0.2\/svg\/1f449.svg\" \/>\n<meta name=\"twitter:card\" content=\"summary_large_image\" \/>\n<meta name=\"twitter:label1\" content=\"Est. reading time\" \/>\n\t<meta name=\"twitter:data1\" content=\"4 minutes\" \/>\n<script type=\"application\/ld+json\" class=\"yoast-schema-graph\">{\"@context\":\"https:\\\/\\\/schema.org\",\"@graph\":[{\"@type\":\"WebPage\",\"@id\":\"https:\\\/\\\/gastora.eu\\\/politique-de-cookies\\\/\",\"url\":\"https:\\\/\\\/gastora.eu\\\/politique-de-cookies\\\/\",\"name\":\"Politique de cookies - Gastora\",\"isPartOf\":{\"@id\":\"https:\\\/\\\/gastora.eu\\\/#website\"},\"primaryImageOfPage\":{\"@id\":\"https:\\\/\\\/gastora.eu\\\/politique-de-cookies\\\/#primaryimage\"},\"image\":{\"@id\":\"https:\\\/\\\/gastora.eu\\\/politique-de-cookies\\\/#primaryimage\"},\"thumbnailUrl\":\"https:\\\/\\\/s.w.org\\\/images\\\/core\\\/emoji\\\/17.0.2\\\/svg\\\/1f449.svg\",\"datePublished\":\"2026-01-31T16:15:37+00:00\",\"dateModified\":\"2026-01-31T16:51:46+00:00\",\"breadcrumb\":{\"@id\":\"https:\\\/\\\/gastora.eu\\\/politique-de-cookies\\\/#breadcrumb\"},\"inLanguage\":\"en-US\",\"potentialAction\":[{\"@type\":\"ReadAction\",\"target\":[\"https:\\\/\\\/gastora.eu\\\/politique-de-cookies\\\/\"]}]},{\"@type\":\"ImageObject\",\"inLanguage\":\"en-US\",\"@id\":\"https:\\\/\\\/gastora.eu\\\/politique-de-cookies\\\/#primaryimage\",\"url\":\"https:\\\/\\\/s.w.org\\\/images\\\/core\\\/emoji\\\/17.0.2\\\/svg\\\/1f449.svg\",\"contentUrl\":\"https:\\\/\\\/s.w.org\\\/images\\\/core\\\/emoji\\\/17.0.2\\\/svg\\\/1f449.svg\"},{\"@type\":\"BreadcrumbList\",\"@id\":\"https:\\\/\\\/gastora.eu\\\/politique-de-cookies\\\/#breadcrumb\",\"itemListElement\":[{\"@type\":\"ListItem\",\"position\":1,\"name\":\"Home\",\"item\":\"https:\\\/\\\/gastora.eu\\\/\"},{\"@type\":\"ListItem\",\"position\":2,\"name\":\"Politique de cookies\"}]},{\"@type\":\"WebSite\",\"@id\":\"https:\\\/\\\/gastora.eu\\\/#website\",\"url\":\"https:\\\/\\\/gastora.eu\\\/\",\"name\":\"Gastora\",\"description\":\"\u00c9quipements professionnels CHR\",\"publisher\":{\"@id\":\"https:\\\/\\\/gastora.eu\\\/#organization\"},\"potentialAction\":[{\"@type\":\"SearchAction\",\"target\":{\"@type\":\"EntryPoint\",\"urlTemplate\":\"https:\\\/\\\/gastora.eu\\\/?s={search_term_string}\"},\"query-input\":{\"@type\":\"PropertyValueSpecification\",\"valueRequired\":true,\"valueName\":\"search_term_string\"}}],\"inLanguage\":\"en-US\"},{\"@type\":\"Organization\",\"@id\":\"https:\\\/\\\/gastora.eu\\\/#organization\",\"name\":\"Gastora\",\"url\":\"https:\\\/\\\/gastora.eu\\\/\",\"logo\":{\"@type\":\"ImageObject\",\"inLanguage\":\"en-US\",\"@id\":\"https:\\\/\\\/gastora.eu\\\/#\\\/schema\\\/logo\\\/image\\\/\",\"url\":\"https:\\\/\\\/gastora.eu\\\/wp-content\\\/uploads\\\/2025\\\/12\\\/ChatGPT-Image-2-janv.-2026-22_52_47-1.png\",\"contentUrl\":\"https:\\\/\\\/gastora.eu\\\/wp-content\\\/uploads\\\/2025\\\/12\\\/ChatGPT-Image-2-janv.-2026-22_52_47-1.png\",\"width\":1536,\"height\":320,\"caption\":\"Gastora\"},\"image\":{\"@id\":\"https:\\\/\\\/gastora.eu\\\/#\\\/schema\\\/logo\\\/image\\\/\"}}]}<\/script>\n<!-- \/ Yoast SEO plugin. -->","yoast_head_json":{"title":"Politique de cookies - Gastora","robots":{"index":"noindex","follow":"follow"},"og_locale":"en_US","og_type":"article","og_title":"Politique de cookies - Gastora","og_description":"1. Qu\u2019est-ce qu\u2019un cookie ? Un cookie est un petit fichier texte d\u00e9pos\u00e9 sur le terminal de l\u2019utilisateur (ordinateur, tablette, smartphone) lors de la consultation d\u2019un site internet.Il permet notamment de collecter des informations relatives \u00e0 la navigation afin d\u2019am\u00e9liorer l\u2019exp\u00e9rience utilisateur, mesurer l\u2019audience ou assurer le bon fonctionnement du site. 2. Qui est responsable [&hellip;]","og_url":"https:\/\/gastora.eu\/en\/politique-de-cookies\/","og_site_name":"Gastora","article_modified_time":"2026-01-31T16:51:46+00:00","og_image":[{"url":"https:\/\/s.w.org\/images\/core\/emoji\/17.0.2\/svg\/1f449.svg","type":"","width":"","height":""}],"twitter_card":"summary_large_image","twitter_misc":{"Est. reading time":"4 minutes"},"schema":{"@context":"https:\/\/schema.org","@graph":[{"@type":"WebPage","@id":"https:\/\/gastora.eu\/politique-de-cookies\/","url":"https:\/\/gastora.eu\/politique-de-cookies\/","name":"Politique de cookies - Gastora","isPartOf":{"@id":"https:\/\/gastora.eu\/#website"},"primaryImageOfPage":{"@id":"https:\/\/gastora.eu\/politique-de-cookies\/#primaryimage"},"image":{"@id":"https:\/\/gastora.eu\/politique-de-cookies\/#primaryimage"},"thumbnailUrl":"https:\/\/s.w.org\/images\/core\/emoji\/17.0.2\/svg\/1f449.svg","datePublished":"2026-01-31T16:15:37+00:00","dateModified":"2026-01-31T16:51:46+00:00","breadcrumb":{"@id":"https:\/\/gastora.eu\/politique-de-cookies\/#breadcrumb"},"inLanguage":"en-US","potentialAction":[{"@type":"ReadAction","target":["https:\/\/gastora.eu\/politique-de-cookies\/"]}]},{"@type":"ImageObject","inLanguage":"en-US","@id":"https:\/\/gastora.eu\/politique-de-cookies\/#primaryimage","url":"https:\/\/s.w.org\/images\/core\/emoji\/17.0.2\/svg\/1f449.svg","contentUrl":"https:\/\/s.w.org\/images\/core\/emoji\/17.0.2\/svg\/1f449.svg"},{"@type":"BreadcrumbList","@id":"https:\/\/gastora.eu\/politique-de-cookies\/#breadcrumb","itemListElement":[{"@type":"ListItem","position":1,"name":"Home","item":"https:\/\/gastora.eu\/"},{"@type":"ListItem","position":2,"name":"Politique de cookies"}]},{"@type":"WebSite","@id":"https:\/\/gastora.eu\/#website","url":"https:\/\/gastora.eu\/","name":"Gastora","description":"\u00c9quipements professionnels CHR","publisher":{"@id":"https:\/\/gastora.eu\/#organization"},"potentialAction":[{"@type":"SearchAction","target":{"@type":"EntryPoint","urlTemplate":"https:\/\/gastora.eu\/?s={search_term_string}"},"query-input":{"@type":"PropertyValueSpecification","valueRequired":true,"valueName":"search_term_string"}}],"inLanguage":"en-US"},{"@type":"Organization","@id":"https:\/\/gastora.eu\/#organization","name":"Gastora","url":"https:\/\/gastora.eu\/","logo":{"@type":"ImageObject","inLanguage":"en-US","@id":"https:\/\/gastora.eu\/#\/schema\/logo\/image\/","url":"https:\/\/gastora.eu\/wp-content\/uploads\/2025\/12\/ChatGPT-Image-2-janv.-2026-22_52_47-1.png","contentUrl":"https:\/\/gastora.eu\/wp-content\/uploads\/2025\/12\/ChatGPT-Image-2-janv.-2026-22_52_47-1.png","width":1536,"height":320,"caption":"Gastora"},"image":{"@id":"https:\/\/gastora.eu\/#\/schema\/logo\/image\/"}}]}},"jetpack_sharing_enabled":true,"_links":{"self":[{"href":"https:\/\/gastora.eu\/en\/wp-json\/wp\/v2\/pages\/6149","targetHints":{"allow":["GET"]}}],"collection":[{"href":"https:\/\/gastora.eu\/en\/wp-json\/wp\/v2\/pages"}],"about":[{"href":"https:\/\/gastora.eu\/en\/wp-json\/wp\/v2\/types\/page"}],"author":[{"embeddable":true,"href":"https:\/\/gastora.eu\/en\/wp-json\/wp\/v2\/users\/1"}],"replies":[{"embeddable":true,"href":"https:\/\/gastora.eu\/en\/wp-json\/wp\/v2\/comments?post=6149"}],"version-history":[{"count":0,"href":"https:\/\/gastora.eu\/en\/wp-json\/wp\/v2\/pages\/6149\/revisions"}],"wp:attachment":[{"href":"https:\/\/gastora.eu\/en\/wp-json\/wp\/v2\/media?parent=6149"}],"curies":[{"name":"wp","href":"https:\/\/api.w.org\/{rel}","templated":true}]}}