{"id":6090,"date":"2026-01-13T16:11:44","date_gmt":"2026-01-13T16:11:44","guid":{"rendered":"https:\/\/gastora.eu\/?page_id=6090"},"modified":"2026-01-31T16:44:31","modified_gmt":"2026-01-31T16:44:31","slug":"mentions-legales","status":"publish","type":"page","link":"https:\/\/gastora.eu\/en\/mentions-legales\/","title":{"rendered":"Mentions l\u00e9gales"},"content":{"rendered":"<div data-elementor-type=\"wp-page\" data-elementor-id=\"6090\" class=\"elementor elementor-6090\" data-elementor-post-type=\"page\">\n\t\t\t\t<div class=\"elementor-element elementor-element-68ad5da e-grid e-con-boxed e-con e-parent\" data-id=\"68ad5da\" data-element_type=\"container\" data-e-type=\"container\">\n\t\t\t\t\t<div class=\"e-con-inner\">\n\t\t\t\t<div class=\"elementor-element elementor-element-dfacb73 elementor-widget elementor-widget-heading\" data-id=\"dfacb73\" data-element_type=\"widget\" data-e-type=\"widget\" data-widget_type=\"heading.default\">\n\t\t\t\t\t<h1 class=\"elementor-heading-title elementor-size-default\">Mentions l\u00e9gales<\/h1>\t\t\t\t<\/div>\n\t\t\t\t<div class=\"elementor-element elementor-element-a8cb737 elementor-widget elementor-widget-text-editor\" data-id=\"a8cb737\" data-element_type=\"widget\" data-e-type=\"widget\" data-widget_type=\"text-editor.default\">\n\t\t\t\t\t\t\t\t\t<p>Conform\u00e9ment aux dispositions de la loi n\u00b02004-575 du 21 juin 2004 pour la confiance dans l\u2019\u00e9conomie num\u00e9rique (LCEN), il est port\u00e9 \u00e0 la connaissance des utilisateurs et visiteurs du site <strong data-start=\"471\" data-end=\"482\">Gastora<\/strong> les pr\u00e9sentes mentions l\u00e9gales.<\/p>\t\t\t\t\t\t\t\t<\/div>\n\t\t\t\t\t<\/div>\n\t\t\t\t<\/div>\n\t\t<div class=\"elementor-element elementor-element-47538e1 e-grid e-con-boxed e-con e-parent\" data-id=\"47538e1\" data-element_type=\"container\" data-e-type=\"container\">\n\t\t\t\t\t<div class=\"e-con-inner\">\n\t\t\t\t<div class=\"elementor-element elementor-element-2e95cde elementor-widget elementor-widget-text-editor\" data-id=\"2e95cde\" data-element_type=\"widget\" data-e-type=\"widget\" data-widget_type=\"text-editor.default\">\n\t\t\t\t\t\t\t\t\t<h2 data-start=\"521\" data-end=\"542\">1. \u00c9diteur du site<\/h2>\n<p data-start=\"544\" data-end=\"579\">Le site <strong data-start=\"552\" data-end=\"563\">Gastora<\/strong> est \u00e9dit\u00e9 par :<\/p>\n<ul data-start=\"581\" data-end=\"1021\">\n<li data-start=\"581\" data-end=\"645\">\n<p data-start=\"583\" data-end=\"645\"><strong data-start=\"583\" data-end=\"607\">D\u00e9nomination sociale<\/strong> : Gastora<\/p>\n<\/li>\n<li data-start=\"646\" data-end=\"692\">\n<p data-start=\"648\" data-end=\"692\"><strong data-start=\"648\" data-end=\"667\">Forme juridique<\/strong> : SAS<\/p>\n<\/li>\n<li data-start=\"693\" data-end=\"738\">\n<p data-start=\"695\" data-end=\"738\"><strong data-start=\"695\" data-end=\"713\">Capital social<\/strong> : 500 euros<\/p>\n<\/li>\n<li data-start=\"739\" data-end=\"780\">\n<p data-start=\"741\" data-end=\"780\"><strong data-start=\"741\" data-end=\"757\">Si\u00e8ge social<\/strong> : 98 rue du G\u00e9n\u00e9ral Henry 57290 FAMECK<\/p>\n<\/li>\n<li data-start=\"781\" data-end=\"818\">\n<p data-start=\"783\" data-end=\"818\"><strong data-start=\"783\" data-end=\"799\">Num\u00e9ro SIRET<\/strong> : 980056618<\/p>\n<\/li>\n<li data-start=\"819\" data-end=\"856\">\n<p data-start=\"821\" data-end=\"856\"><strong data-start=\"821\" data-end=\"835\">Num\u00e9ro RCS<\/strong> : 980 056 618 R.C.S Thionville<\/p>\n<\/li>\n<li data-start=\"857\" data-end=\"905\">\n<p data-start=\"859\" data-end=\"905\"><strong data-start=\"859\" data-end=\"895\">Num\u00e9ro de TVA intracommunautaire<\/strong> :&nbsp;FR53980056618<\/p>\n<\/li>\n<li data-start=\"857\" data-end=\"905\">\n<p data-start=\"859\" data-end=\"905\"><span style=\"color: inherit; font-family: inherit; font-size: 2rem; background-color: transparent;\">2. Activit\u00e9 du site<\/span><\/p>\n<\/li>\n<\/ul>\n<p data-start=\"1052\" data-end=\"1179\">Le site <strong data-start=\"1060\" data-end=\"1071\">Gastora<\/strong> a pour objet la vente et la pr\u00e9sentation de mat\u00e9riels et \u00e9quipements \u00e0 usage <strong data-start=\"1149\" data-end=\"1178\">professionnel<\/strong>.<\/p>\n<p data-start=\"1181\" data-end=\"1425\">Les ventes sont exclusivement r\u00e9serv\u00e9es aux professionnels agissant dans le cadre de leur activit\u00e9 (restaurants, artisans, commerces, \u00e9tablissements CHR, collectivit\u00e9s, entreprises).<br data-start=\"1363\" data-end=\"1366\"><\/p>\n<h2 data-start=\"1432\" data-end=\"1449\">3. H\u00e9bergement<\/h2>\n<p data-start=\"1451\" data-end=\"1476\">Le site est h\u00e9berg\u00e9 par :<\/p>\n<ul data-start=\"1478\" data-end=\"1646\">\n<li data-start=\"1478\" data-end=\"1535\">\n<p data-start=\"1480\" data-end=\"1535\"><strong data-start=\"1480\" data-end=\"1493\">H\u00e9bergeur<\/strong> : WPEngine<\/p>\n<\/li>\n<\/ul>\n<hr data-start=\"1648\" data-end=\"1651\">\n<h2 data-start=\"1653\" data-end=\"1672\">4. Acc\u00e8s au site<\/h2>\n<p data-start=\"1674\" data-end=\"1871\">L\u2019acc\u00e8s au site est libre et gratuit pour tout utilisateur disposant d\u2019un acc\u00e8s \u00e0 Internet.<br data-start=\"1765\" data-end=\"1768\">Les frais d\u2019acc\u00e8s et d\u2019utilisation du r\u00e9seau de t\u00e9l\u00e9communication restent \u00e0 la charge de l\u2019utilisateur.<\/p>\n<p data-start=\"1873\" data-end=\"2042\">Gastora s\u2019efforce d\u2019assurer un acc\u00e8s continu au site, mais ne saurait \u00eatre tenue responsable en cas d\u2019interruption, de dysfonctionnement ou d\u2019indisponibilit\u00e9 temporaire.<\/p>\n<hr data-start=\"2044\" data-end=\"2047\">\n<h2 data-start=\"2049\" data-end=\"2079\">5. Propri\u00e9t\u00e9 intellectuelle<\/h2>\n<p data-start=\"2081\" data-end=\"2284\">L\u2019ensemble du site, incluant notamment les textes, images, graphismes, logos, ic\u00f4nes, vid\u00e9os, logiciels, ainsi que leur mise en forme, est la propri\u00e9t\u00e9 exclusive de <strong data-start=\"2246\" data-end=\"2257\">Gastora<\/strong>, sauf mentions contraires.<\/p>\n<p data-start=\"2286\" data-end=\"2500\">Toute reproduction, repr\u00e9sentation, modification, publication, adaptation ou exploitation, totale ou partielle, du contenu du site, par quelque proc\u00e9d\u00e9 que ce soit, est interdite sans autorisation \u00e9crite pr\u00e9alable.<\/p>\n<p data-start=\"2502\" data-end=\"2625\">Toute utilisation non autoris\u00e9e constitue une contrefa\u00e7on et peut engager la responsabilit\u00e9 civile et p\u00e9nale de son auteur.<\/p>\n<hr data-start=\"2627\" data-end=\"2630\">\n<h2 data-start=\"2632\" data-end=\"2652\">6. Responsabilit\u00e9<\/h2>\n<p data-start=\"2654\" data-end=\"2851\">Les informations diffus\u00e9es sur le site sont fournies \u00e0 titre indicatif.<br data-start=\"2725\" data-end=\"2728\">Gastora s\u2019efforce d\u2019en assurer l\u2019exactitude et la mise \u00e0 jour, mais ne saurait garantir l\u2019absence d\u2019erreurs ou d\u2019omissions.<\/p>\n<p data-start=\"2853\" data-end=\"2895\">Gastora ne pourra \u00eatre tenue responsable :<\/p>\n<ul data-start=\"2896\" data-end=\"3060\">\n<li data-start=\"2896\" data-end=\"2933\">\n<p data-start=\"2898\" data-end=\"2933\">d\u2019une mauvaise utilisation du site,<\/p>\n<\/li>\n<li data-start=\"2934\" data-end=\"2982\">\n<p data-start=\"2936\" data-end=\"2982\">d\u2019une interpr\u00e9tation erron\u00e9e des informations,<\/p>\n<\/li>\n<li data-start=\"2983\" data-end=\"3060\">\n<p data-start=\"2985\" data-end=\"3060\">de dommages directs ou indirects li\u00e9s \u00e0 l\u2019acc\u00e8s ou \u00e0 l\u2019utilisation du site.<\/p>\n<\/li>\n<\/ul>\n<hr data-start=\"3062\" data-end=\"3065\">\n<h2 data-start=\"3067\" data-end=\"3090\">7. Liens hypertextes<\/h2>\n<p data-start=\"3092\" data-end=\"3310\">Le site peut contenir des liens hypertextes vers des sites tiers.<br data-start=\"3157\" data-end=\"3160\">Gastora ne dispose d\u2019aucun contr\u00f4le sur le contenu de ces sites et d\u00e9cline toute responsabilit\u00e9 quant \u00e0 leur contenu, fonctionnement ou disponibilit\u00e9.<\/p>\n<hr data-start=\"3312\" data-end=\"3315\">\n<h2 data-start=\"3317\" data-end=\"3343\">8. Donn\u00e9es personnelles<\/h2>\n<p data-start=\"3345\" data-end=\"3513\">Les donn\u00e9es personnelles collect\u00e9es via le site sont utilis\u00e9es uniquement dans le cadre de la relation commerciale et des \u00e9changes avec les utilisateurs professionnels.<\/p>\n<p data-start=\"3515\" data-end=\"3726\">Conform\u00e9ment \u00e0 la r\u00e9glementation applicable (RGPD et loi Informatique et Libert\u00e9s), l\u2019utilisateur dispose d\u2019un droit d\u2019acc\u00e8s, de rectification, de suppression et d\u2019opposition concernant ses donn\u00e9es personnelles.<\/p>\n<p data-start=\"3728\" data-end=\"3789\">Toute demande peut \u00eatre adress\u00e9e via la page Contact du site.<\/p>\n<hr data-start=\"3791\" data-end=\"3794\">\n<h2 data-start=\"3796\" data-end=\"3809\">9. Cookies<\/h2>\n<p data-start=\"3811\" data-end=\"3953\">Le site peut \u00eatre amen\u00e9 \u00e0 utiliser des cookies afin d\u2019am\u00e9liorer l\u2019exp\u00e9rience utilisateur, mesurer l\u2019audience et proposer des services adapt\u00e9s.<\/p>\n<p data-start=\"3955\" data-end=\"4037\">L\u2019utilisateur peut configurer son navigateur pour accepter ou refuser les cookies.<\/p>\n<p data-start=\"4039\" data-end=\"4134\">Pour plus d\u2019informations, l\u2019utilisateur est invit\u00e9 \u00e0 consulter la politique de cookies du site.<\/p>\n<hr data-start=\"4136\" data-end=\"4139\">\n<h2 data-start=\"4141\" data-end=\"4164\">10. Droit applicable<\/h2>\n<p data-start=\"4166\" data-end=\"4229\">Les pr\u00e9sentes mentions l\u00e9gales sont soumises au droit fran\u00e7ais.<\/p>\n<p data-start=\"4231\" data-end=\"4333\">En cas de litige, et \u00e0 d\u00e9faut de r\u00e9solution amiable, les tribunaux comp\u00e9tents seront seuls comp\u00e9tents.<\/p>\t\t\t\t\t\t\t\t<\/div>\n\t\t\t\t\t<\/div>\n\t\t\t\t<\/div>\n\t\t<div class=\"elementor-element elementor-element-384bc9d3 e-grid e-con-boxed e-con e-parent\" data-id=\"384bc9d3\" data-element_type=\"container\" data-e-type=\"container\" data-settings=\"{&quot;background_background&quot;:&quot;classic&quot;}\">\n\t\t\t\t\t<div class=\"e-con-inner\">\n\t\t\t\t<div class=\"elementor-element elementor-element-6853712f elementor-widget elementor-widget-heading\" data-id=\"6853712f\" data-element_type=\"widget\" data-e-type=\"widget\" data-widget_type=\"heading.default\">\n\t\t\t\t\t<h2 class=\"elementor-heading-title elementor-size-default\">Vous n\u2019avez pas trouv\u00e9 votre r\u00e9ponse ?<\/h2>\t\t\t\t<\/div>\n\t\t\t\t<div class=\"elementor-element elementor-element-1c6c2a3e elementor-button-info elementor-align-center elementor-widget elementor-widget-button\" data-id=\"1c6c2a3e\" data-element_type=\"widget\" data-e-type=\"widget\" data-widget_type=\"button.default\">\n\t\t\t\t\t\t\t\t\t\t<a class=\"elementor-button elementor-button-link elementor-size-sm\" href=\"https:\/\/gastora.eu\/en\/contact\/\">\n\t\t\t\t\t\t<span class=\"elementor-button-content-wrapper\">\n\t\t\t\t\t\t\t\t\t<span class=\"elementor-button-text\">Nous contacter<\/span>\n\t\t\t\t\t<\/span>\n\t\t\t\t\t<\/a>\n\t\t\t\t\t\t\t\t<\/div>\n\t\t\t\t\t<\/div>\n\t\t\t\t<\/div>\n\t\t\t\t<\/div>","protected":false},"excerpt":{"rendered":"<p>Mentions l\u00e9gales Conform\u00e9ment aux dispositions de la loi n\u00b02004-575 du 21 juin 2004 pour la confiance dans l\u2019\u00e9conomie num\u00e9rique (LCEN), il est port\u00e9 \u00e0 la connaissance des utilisateurs et visiteurs du site Gastora les pr\u00e9sentes mentions l\u00e9gales. 1. \u00c9diteur du site Le site Gastora est \u00e9dit\u00e9 par : D\u00e9nomination sociale : Gastora Forme juridique : [&hellip;]<\/p>\n","protected":false},"author":1,"featured_media":0,"parent":0,"menu_order":0,"comment_status":"closed","ping_status":"closed","template":"","meta":{"_acf_changed":false,"footnotes":""},"class_list":["post-6090","page","type-page","status-publish","hentry"],"acf":[],"yoast_head":"<!-- This site is optimized with the Yoast SEO plugin v27.4 - https:\/\/yoast.com\/product\/yoast-seo-wordpress\/ -->\n<title>Mentions l\u00e9gales - Gastora<\/title>\n<meta name=\"robots\" content=\"noindex, follow\" \/>\n<meta property=\"og:locale\" content=\"en_US\" \/>\n<meta property=\"og:type\" content=\"article\" \/>\n<meta property=\"og:title\" content=\"Mentions l\u00e9gales - Gastora\" \/>\n<meta property=\"og:description\" content=\"Mentions l\u00e9gales Conform\u00e9ment aux dispositions de la loi n\u00b02004-575 du 21 juin 2004 pour la confiance dans l\u2019\u00e9conomie num\u00e9rique (LCEN), il est port\u00e9 \u00e0 la connaissance des utilisateurs et visiteurs du site Gastora les pr\u00e9sentes mentions l\u00e9gales. 1. \u00c9diteur du site Le site Gastora est \u00e9dit\u00e9 par : D\u00e9nomination sociale : Gastora Forme juridique : [&hellip;]\" \/>\n<meta property=\"og:url\" content=\"https:\/\/gastora.eu\/en\/mentions-legales\/\" \/>\n<meta property=\"og:site_name\" content=\"Gastora\" \/>\n<meta property=\"article:modified_time\" content=\"2026-01-31T16:44:31+00:00\" \/>\n<meta name=\"twitter:card\" content=\"summary_large_image\" \/>\n<meta name=\"twitter:label1\" content=\"Est. reading time\" \/>\n\t<meta name=\"twitter:data1\" content=\"3 minutes\" \/>\n<script type=\"application\/ld+json\" class=\"yoast-schema-graph\">{\"@context\":\"https:\\\/\\\/schema.org\",\"@graph\":[{\"@type\":\"WebPage\",\"@id\":\"https:\\\/\\\/gastora.eu\\\/mentions-legales\\\/\",\"url\":\"https:\\\/\\\/gastora.eu\\\/mentions-legales\\\/\",\"name\":\"Mentions l\u00e9gales - Gastora\",\"isPartOf\":{\"@id\":\"https:\\\/\\\/gastora.eu\\\/#website\"},\"datePublished\":\"2026-01-13T16:11:44+00:00\",\"dateModified\":\"2026-01-31T16:44:31+00:00\",\"breadcrumb\":{\"@id\":\"https:\\\/\\\/gastora.eu\\\/mentions-legales\\\/#breadcrumb\"},\"inLanguage\":\"en-US\",\"potentialAction\":[{\"@type\":\"ReadAction\",\"target\":[\"https:\\\/\\\/gastora.eu\\\/mentions-legales\\\/\"]}]},{\"@type\":\"BreadcrumbList\",\"@id\":\"https:\\\/\\\/gastora.eu\\\/mentions-legales\\\/#breadcrumb\",\"itemListElement\":[{\"@type\":\"ListItem\",\"position\":1,\"name\":\"Home\",\"item\":\"https:\\\/\\\/gastora.eu\\\/\"},{\"@type\":\"ListItem\",\"position\":2,\"name\":\"Mentions l\u00e9gales\"}]},{\"@type\":\"WebSite\",\"@id\":\"https:\\\/\\\/gastora.eu\\\/#website\",\"url\":\"https:\\\/\\\/gastora.eu\\\/\",\"name\":\"Gastora\",\"description\":\"\u00c9quipements professionnels CHR\",\"publisher\":{\"@id\":\"https:\\\/\\\/gastora.eu\\\/#organization\"},\"potentialAction\":[{\"@type\":\"SearchAction\",\"target\":{\"@type\":\"EntryPoint\",\"urlTemplate\":\"https:\\\/\\\/gastora.eu\\\/?s={search_term_string}\"},\"query-input\":{\"@type\":\"PropertyValueSpecification\",\"valueRequired\":true,\"valueName\":\"search_term_string\"}}],\"inLanguage\":\"en-US\"},{\"@type\":\"Organization\",\"@id\":\"https:\\\/\\\/gastora.eu\\\/#organization\",\"name\":\"Gastora\",\"url\":\"https:\\\/\\\/gastora.eu\\\/\",\"logo\":{\"@type\":\"ImageObject\",\"inLanguage\":\"en-US\",\"@id\":\"https:\\\/\\\/gastora.eu\\\/#\\\/schema\\\/logo\\\/image\\\/\",\"url\":\"https:\\\/\\\/gastora.eu\\\/wp-content\\\/uploads\\\/2025\\\/12\\\/ChatGPT-Image-2-janv.-2026-22_52_47-1.png\",\"contentUrl\":\"https:\\\/\\\/gastora.eu\\\/wp-content\\\/uploads\\\/2025\\\/12\\\/ChatGPT-Image-2-janv.-2026-22_52_47-1.png\",\"width\":1536,\"height\":320,\"caption\":\"Gastora\"},\"image\":{\"@id\":\"https:\\\/\\\/gastora.eu\\\/#\\\/schema\\\/logo\\\/image\\\/\"}}]}<\/script>\n<!-- \/ Yoast SEO plugin. -->","yoast_head_json":{"title":"Mentions l\u00e9gales - Gastora","robots":{"index":"noindex","follow":"follow"},"og_locale":"en_US","og_type":"article","og_title":"Mentions l\u00e9gales - Gastora","og_description":"Mentions l\u00e9gales Conform\u00e9ment aux dispositions de la loi n\u00b02004-575 du 21 juin 2004 pour la confiance dans l\u2019\u00e9conomie num\u00e9rique (LCEN), il est port\u00e9 \u00e0 la connaissance des utilisateurs et visiteurs du site Gastora les pr\u00e9sentes mentions l\u00e9gales. 1. \u00c9diteur du site Le site Gastora est \u00e9dit\u00e9 par : D\u00e9nomination sociale : Gastora Forme juridique : [&hellip;]","og_url":"https:\/\/gastora.eu\/en\/mentions-legales\/","og_site_name":"Gastora","article_modified_time":"2026-01-31T16:44:31+00:00","twitter_card":"summary_large_image","twitter_misc":{"Est. reading time":"3 minutes"},"schema":{"@context":"https:\/\/schema.org","@graph":[{"@type":"WebPage","@id":"https:\/\/gastora.eu\/mentions-legales\/","url":"https:\/\/gastora.eu\/mentions-legales\/","name":"Mentions l\u00e9gales - Gastora","isPartOf":{"@id":"https:\/\/gastora.eu\/#website"},"datePublished":"2026-01-13T16:11:44+00:00","dateModified":"2026-01-31T16:44:31+00:00","breadcrumb":{"@id":"https:\/\/gastora.eu\/mentions-legales\/#breadcrumb"},"inLanguage":"en-US","potentialAction":[{"@type":"ReadAction","target":["https:\/\/gastora.eu\/mentions-legales\/"]}]},{"@type":"BreadcrumbList","@id":"https:\/\/gastora.eu\/mentions-legales\/#breadcrumb","itemListElement":[{"@type":"ListItem","position":1,"name":"Home","item":"https:\/\/gastora.eu\/"},{"@type":"ListItem","position":2,"name":"Mentions l\u00e9gales"}]},{"@type":"WebSite","@id":"https:\/\/gastora.eu\/#website","url":"https:\/\/gastora.eu\/","name":"Gastora","description":"\u00c9quipements professionnels CHR","publisher":{"@id":"https:\/\/gastora.eu\/#organization"},"potentialAction":[{"@type":"SearchAction","target":{"@type":"EntryPoint","urlTemplate":"https:\/\/gastora.eu\/?s={search_term_string}"},"query-input":{"@type":"PropertyValueSpecification","valueRequired":true,"valueName":"search_term_string"}}],"inLanguage":"en-US"},{"@type":"Organization","@id":"https:\/\/gastora.eu\/#organization","name":"Gastora","url":"https:\/\/gastora.eu\/","logo":{"@type":"ImageObject","inLanguage":"en-US","@id":"https:\/\/gastora.eu\/#\/schema\/logo\/image\/","url":"https:\/\/gastora.eu\/wp-content\/uploads\/2025\/12\/ChatGPT-Image-2-janv.-2026-22_52_47-1.png","contentUrl":"https:\/\/gastora.eu\/wp-content\/uploads\/2025\/12\/ChatGPT-Image-2-janv.-2026-22_52_47-1.png","width":1536,"height":320,"caption":"Gastora"},"image":{"@id":"https:\/\/gastora.eu\/#\/schema\/logo\/image\/"}}]}},"jetpack_sharing_enabled":true,"_links":{"self":[{"href":"https:\/\/gastora.eu\/en\/wp-json\/wp\/v2\/pages\/6090","targetHints":{"allow":["GET"]}}],"collection":[{"href":"https:\/\/gastora.eu\/en\/wp-json\/wp\/v2\/pages"}],"about":[{"href":"https:\/\/gastora.eu\/en\/wp-json\/wp\/v2\/types\/page"}],"author":[{"embeddable":true,"href":"https:\/\/gastora.eu\/en\/wp-json\/wp\/v2\/users\/1"}],"replies":[{"embeddable":true,"href":"https:\/\/gastora.eu\/en\/wp-json\/wp\/v2\/comments?post=6090"}],"version-history":[{"count":0,"href":"https:\/\/gastora.eu\/en\/wp-json\/wp\/v2\/pages\/6090\/revisions"}],"wp:attachment":[{"href":"https:\/\/gastora.eu\/en\/wp-json\/wp\/v2\/media?parent=6090"}],"curies":[{"name":"wp","href":"https:\/\/api.w.org\/{rel}","templated":true}]}}